{"id":673122,"date":"2025-09-25T19:41:14","date_gmt":"2025-09-25T18:41:14","guid":{"rendered":"https:\/\/shop.kustom.ch\/?post_type=product&#038;p=673122"},"modified":"2025-10-08T08:44:54","modified_gmt":"2025-10-08T07:44:54","slug":"damen-kapuzenjacke-dynamic","status":"publish","type":"product","link":"https:\/\/shop.kustom.ch\/it\/prodotto\/damen-kapuzenjacke-dynamic\/","title":{"rendered":"Giacca con cappuccio da donna Dynamic"},"content":{"rendered":"<p>Vestibilit\u00e0 femminile. La giacca con cappuccio Dynamic da donna \u00e8 la combinazione perfetta di funzionalit\u00e0 e design moderno. Grazie al cappuccio e alle maniche in colori a contrasto, potrete fare una dichiarazione di moda, sia che vi stiate allenando, che nel tempo libero o in viaggio. La tecnologia Keep Dry vi garantisce di rimanere asciutti e comodi anche nei momenti di attivit\u00e0. Le tasche laterali con zip offrono spazio per i vostri oggetti essenziali e rendono la giacca un pratico compagno di tutti i giorni. L'attenzione \u00e8 rivolta alla sostenibilit\u00e0: questa giacca \u00e8 realizzata in poliestere riciclato 100 %, che non solo la rende ecologica, ma anche particolarmente resistente e durevole.<\/p>","protected":false},"excerpt":{"rendered":"<p>Colore: verde\/bianco\/verde scuro<\/p>","protected":false},"featured_media":673022,"template":"","meta":[],"product_brand":[],"product_cat":[12558],"product_tag":[],"class_list":{"0":"post-673122","1":"product","2":"type-product","3":"status-publish","4":"has-post-thumbnail","6":"product_cat-wettkampf-grundausstattung","8":"first","9":"instock","10":"taxable","11":"shipping-taxable","12":"purchasable","13":"product-type-variable","14":"add-to-wishlist-before_image"},"exclude_global_add_ons":[],"addons":[],"acf":[],"_links":{"self":[{"href":"https:\/\/shop.kustom.ch\/it\/wp-json\/wp\/v2\/product\/673122"}],"collection":[{"href":"https:\/\/shop.kustom.ch\/it\/wp-json\/wp\/v2\/product"}],"about":[{"href":"https:\/\/shop.kustom.ch\/it\/wp-json\/wp\/v2\/types\/product"}],"wp:featuredmedia":[{"embeddable":true,"href":"https:\/\/shop.kustom.ch\/it\/wp-json\/wp\/v2\/media\/673022"}],"wp:attachment":[{"href":"https:\/\/shop.kustom.ch\/it\/wp-json\/wp\/v2\/media?parent=673122"}],"wp:term":[{"taxonomy":"product_brand","embeddable":true,"href":"https:\/\/shop.kustom.ch\/it\/wp-json\/wp\/v2\/product_brand?post=673122"},{"taxonomy":"product_cat","embeddable":true,"href":"https:\/\/shop.kustom.ch\/it\/wp-json\/wp\/v2\/product_cat?post=673122"},{"taxonomy":"product_tag","embeddable":true,"href":"https:\/\/shop.kustom.ch\/it\/wp-json\/wp\/v2\/product_tag?post=673122"}],"curies":[{"name":"wp","href":"https:\/\/api.w.org\/{rel}","templated":true}]}}