{"id":673088,"date":"2025-09-25T19:40:41","date_gmt":"2025-09-25T18:40:41","guid":{"rendered":"https:\/\/shop.kustom.ch\/?post_type=product&#038;p=673088"},"modified":"2025-10-08T08:41:50","modified_gmt":"2025-10-08T07:41:50","slug":"polyesterhose-dynamic-3","status":"publish","type":"product","link":"https:\/\/shop.kustom.ch\/it\/prodotto\/polyesterhose-dynamic-3\/","title":{"rendered":"Pantaloni in poliestere dinamico"},"content":{"rendered":"<p>Vestibilit\u00e0 maschile. I pantaloni Dynamic in poliestere offrono tutto ci\u00f2 di cui avete bisogno per le attivit\u00e0 sportive o per le giornate di relax. Le estremit\u00e0 delle gambe con cerniera e gli orli elasticizzati assicurano una vestibilit\u00e0 ottimale e un maggiore comfort, mentre la tecnologia Keep Dry vi mantiene asciutti per tutto il giorno, indipendentemente dall'intensit\u00e0 delle attivit\u00e0. Le pratiche tasche laterali rendono i pantaloni ancora pi\u00f9 versatili e offrono ampio spazio per i vostri oggetti essenziali. Particolarmente interessante: il 100 % dei materiali utilizzati \u00e8 costituito da poliestere riciclato. Acquistate subito i pantaloni in poliestere Dynamic e sperimentate come stile, funzionalit\u00e0 e consapevolezza ambientale si armonizzino perfettamente.<\/p>","protected":false},"excerpt":{"rendered":"<p>Colore: nero<\/p>","protected":false},"featured_media":673032,"template":"","meta":[],"product_brand":[],"product_cat":[12556],"product_tag":[],"class_list":{"0":"post-673088","1":"product","2":"type-product","3":"status-publish","4":"has-post-thumbnail","6":"product_cat-funktionaere-zusatzausstattung","8":"first","9":"instock","10":"taxable","11":"shipping-taxable","12":"purchasable","13":"product-type-variable","14":"add-to-wishlist-before_image"},"exclude_global_add_ons":[],"addons":[],"acf":[],"_links":{"self":[{"href":"https:\/\/shop.kustom.ch\/it\/wp-json\/wp\/v2\/product\/673088"}],"collection":[{"href":"https:\/\/shop.kustom.ch\/it\/wp-json\/wp\/v2\/product"}],"about":[{"href":"https:\/\/shop.kustom.ch\/it\/wp-json\/wp\/v2\/types\/product"}],"wp:featuredmedia":[{"embeddable":true,"href":"https:\/\/shop.kustom.ch\/it\/wp-json\/wp\/v2\/media\/673032"}],"wp:attachment":[{"href":"https:\/\/shop.kustom.ch\/it\/wp-json\/wp\/v2\/media?parent=673088"}],"wp:term":[{"taxonomy":"product_brand","embeddable":true,"href":"https:\/\/shop.kustom.ch\/it\/wp-json\/wp\/v2\/product_brand?post=673088"},{"taxonomy":"product_cat","embeddable":true,"href":"https:\/\/shop.kustom.ch\/it\/wp-json\/wp\/v2\/product_cat?post=673088"},{"taxonomy":"product_tag","embeddable":true,"href":"https:\/\/shop.kustom.ch\/it\/wp-json\/wp\/v2\/product_tag?post=673088"}],"curies":[{"name":"wp","href":"https:\/\/api.w.org\/{rel}","templated":true}]}}