{"id":673085,"date":"2025-09-25T19:40:41","date_gmt":"2025-09-25T18:40:41","guid":{"rendered":"https:\/\/shop.kustom.ch\/?post_type=product&#038;p=673085"},"modified":"2025-10-08T08:36:31","modified_gmt":"2025-10-08T07:36:31","slug":"damen-freizeitshort-dynamic","status":"publish","type":"product","link":"https:\/\/shop.kustom.ch\/it\/prodotto\/damen-freizeitshort-dynamic\/","title":{"rendered":"Pantaloncini da donna Dynamic"},"content":{"rendered":"<p>Vestibilit\u00e0 femminile. I pantaloncini da donna Dynamic per il tempo libero sono il compagno perfetto per le giornate attive e i momenti di relax. Grazie alle pratiche tasche laterali con cerniera, potrete riporre in tutta sicurezza oggetti importanti come le chiavi o lo smartphone, ideali per quando siete in movimento. Grazie all'innovativa tecnologia Keep Dry, rimarrete asciutti e comodi anche quando fa caldo o durante l'attivit\u00e0 fisica intensa. La sostenibilit\u00e0 \u00e8 una priorit\u00e0 assoluta: I pantaloncini sono realizzati in poliestere riciclato 100 %, che li rende ecologici, leggeri e resistenti. Per lo sport, il tempo libero o la prossima vacanza, questi pantaloncini combinano stile e funzionalit\u00e0 ai massimi livelli.<\/p>","protected":false},"excerpt":{"rendered":"<p>Colore: nero<\/p>","protected":false},"featured_media":673029,"template":"","meta":[],"product_brand":[],"product_cat":[12556],"product_tag":[],"class_list":{"0":"post-673085","1":"product","2":"type-product","3":"status-publish","4":"has-post-thumbnail","6":"product_cat-funktionaere-zusatzausstattung","8":"first","9":"instock","10":"taxable","11":"shipping-taxable","12":"purchasable","13":"product-type-variable","14":"add-to-wishlist-before_image"},"exclude_global_add_ons":[],"addons":[],"acf":[],"_links":{"self":[{"href":"https:\/\/shop.kustom.ch\/it\/wp-json\/wp\/v2\/product\/673085"}],"collection":[{"href":"https:\/\/shop.kustom.ch\/it\/wp-json\/wp\/v2\/product"}],"about":[{"href":"https:\/\/shop.kustom.ch\/it\/wp-json\/wp\/v2\/types\/product"}],"wp:featuredmedia":[{"embeddable":true,"href":"https:\/\/shop.kustom.ch\/it\/wp-json\/wp\/v2\/media\/673029"}],"wp:attachment":[{"href":"https:\/\/shop.kustom.ch\/it\/wp-json\/wp\/v2\/media?parent=673085"}],"wp:term":[{"taxonomy":"product_brand","embeddable":true,"href":"https:\/\/shop.kustom.ch\/it\/wp-json\/wp\/v2\/product_brand?post=673085"},{"taxonomy":"product_cat","embeddable":true,"href":"https:\/\/shop.kustom.ch\/it\/wp-json\/wp\/v2\/product_cat?post=673085"},{"taxonomy":"product_tag","embeddable":true,"href":"https:\/\/shop.kustom.ch\/it\/wp-json\/wp\/v2\/product_tag?post=673085"}],"curies":[{"name":"wp","href":"https:\/\/api.w.org\/{rel}","templated":true}]}}