{"id":673084,"date":"2025-09-25T19:40:40","date_gmt":"2025-09-25T18:40:40","guid":{"rendered":"https:\/\/shop.kustom.ch\/?post_type=product&#038;p=673084"},"modified":"2025-10-08T08:42:22","modified_gmt":"2025-10-08T07:42:22","slug":"damen-polyesterhose-dynamic","status":"publish","type":"product","link":"https:\/\/shop.kustom.ch\/it\/prodotto\/damen-polyesterhose-dynamic\/","title":{"rendered":"Pantaloni da donna in poliestere Dynamic"},"content":{"rendered":"<p>Vestibilit\u00e0 femminile. I pantaloni Dynamic da donna in poliestere offrono tutto ci\u00f2 che serve per la vita attiva di tutti i giorni. Grazie alle estremit\u00e0 delle gambe con cerniera e ai polsini elasticizzati, si adattano perfettamente e sono facili da indossare e togliere, ideali per lo sport o il relax. L'innovativa tecnologia Keep Dry vi garantisce di rimanere asciutti e comodi anche durante le attivit\u00e0 pi\u00f9 intense. Le pratiche tasche laterali offrono ampio spazio per gli oggetti essenziali. Un punto a favore dell'ambiente: i pantaloni sono realizzati in poliestere riciclato 100 %, sostenibile, leggero e resistente. Per l'allenamento, la passeggiata o il tempo libero, i pantaloni in poliestere da donna Dynamic combinano funzionalit\u00e0 e look moderno.<\/p>","protected":false},"excerpt":{"rendered":"<p>Colore: nero<\/p>","protected":false},"featured_media":673034,"template":"","meta":[],"product_brand":[],"product_cat":[12556],"product_tag":[],"class_list":{"0":"post-673084","1":"product","2":"type-product","3":"status-publish","4":"has-post-thumbnail","6":"product_cat-funktionaere-zusatzausstattung","8":"first","9":"instock","10":"taxable","11":"shipping-taxable","12":"purchasable","13":"product-type-variable","14":"add-to-wishlist-before_image"},"exclude_global_add_ons":[],"addons":[],"acf":[],"_links":{"self":[{"href":"https:\/\/shop.kustom.ch\/it\/wp-json\/wp\/v2\/product\/673084"}],"collection":[{"href":"https:\/\/shop.kustom.ch\/it\/wp-json\/wp\/v2\/product"}],"about":[{"href":"https:\/\/shop.kustom.ch\/it\/wp-json\/wp\/v2\/types\/product"}],"wp:featuredmedia":[{"embeddable":true,"href":"https:\/\/shop.kustom.ch\/it\/wp-json\/wp\/v2\/media\/673034"}],"wp:attachment":[{"href":"https:\/\/shop.kustom.ch\/it\/wp-json\/wp\/v2\/media?parent=673084"}],"wp:term":[{"taxonomy":"product_brand","embeddable":true,"href":"https:\/\/shop.kustom.ch\/it\/wp-json\/wp\/v2\/product_brand?post=673084"},{"taxonomy":"product_cat","embeddable":true,"href":"https:\/\/shop.kustom.ch\/it\/wp-json\/wp\/v2\/product_cat?post=673084"},{"taxonomy":"product_tag","embeddable":true,"href":"https:\/\/shop.kustom.ch\/it\/wp-json\/wp\/v2\/product_tag?post=673084"}],"curies":[{"name":"wp","href":"https:\/\/api.w.org\/{rel}","templated":true}]}}