{"id":673043,"date":"2025-09-25T19:40:07","date_gmt":"2025-09-25T18:40:07","guid":{"rendered":"https:\/\/shop.kustom.ch\/?post_type=product&#038;p=673043"},"modified":"2025-10-08T08:30:36","modified_gmt":"2025-10-08T07:30:36","slug":"damen-polo-surf-light","status":"publish","type":"product","link":"https:\/\/shop.kustom.ch\/it\/prodotto\/damen-polo-surf-light\/","title":{"rendered":"Polo da donna Surf Light"},"content":{"rendered":"<p>Vestibilit\u00e0 da donna. Polo in piqu\u00e9 leggero dalla vestibilit\u00e0 moderna, con maglia piatta sul colletto e sulle maniche. Nastro sul collo, spacchetti laterali e bottoni tono su tono sull'abbottonatura anteriore.<\/p>","protected":false},"excerpt":{"rendered":"<p>Colore: verde mela<\/p>","protected":false},"featured_media":673036,"template":"","meta":[],"product_brand":[],"product_cat":[12555],"product_tag":[],"class_list":{"0":"post-673043","1":"product","2":"type-product","3":"status-publish","4":"has-post-thumbnail","6":"product_cat-funktionaere-grundausstattung","8":"first","9":"instock","10":"taxable","11":"shipping-taxable","12":"purchasable","13":"product-type-variable","14":"add-to-wishlist-before_image"},"exclude_global_add_ons":[],"addons":[],"acf":[],"_links":{"self":[{"href":"https:\/\/shop.kustom.ch\/it\/wp-json\/wp\/v2\/product\/673043"}],"collection":[{"href":"https:\/\/shop.kustom.ch\/it\/wp-json\/wp\/v2\/product"}],"about":[{"href":"https:\/\/shop.kustom.ch\/it\/wp-json\/wp\/v2\/types\/product"}],"wp:featuredmedia":[{"embeddable":true,"href":"https:\/\/shop.kustom.ch\/it\/wp-json\/wp\/v2\/media\/673036"}],"wp:attachment":[{"href":"https:\/\/shop.kustom.ch\/it\/wp-json\/wp\/v2\/media?parent=673043"}],"wp:term":[{"taxonomy":"product_brand","embeddable":true,"href":"https:\/\/shop.kustom.ch\/it\/wp-json\/wp\/v2\/product_brand?post=673043"},{"taxonomy":"product_cat","embeddable":true,"href":"https:\/\/shop.kustom.ch\/it\/wp-json\/wp\/v2\/product_cat?post=673043"},{"taxonomy":"product_tag","embeddable":true,"href":"https:\/\/shop.kustom.ch\/it\/wp-json\/wp\/v2\/product_tag?post=673043"}],"curies":[{"name":"wp","href":"https:\/\/api.w.org\/{rel}","templated":true}]}}