{"id":672910,"date":"2025-09-23T19:38:42","date_gmt":"2025-09-23T18:38:42","guid":{"rendered":"https:\/\/shop.kustom.ch\/?post_type=product&#038;p=672910"},"modified":"2025-09-23T19:47:17","modified_gmt":"2025-09-23T18:47:17","slug":"mizuno-vs1-kneepad","status":"publish","type":"product","link":"https:\/\/shop.kustom.ch\/it\/prodotto\/mizuno-vs1-kneepad\/","title":{"rendered":"Ginocchiera MIZUNO VS1"},"content":{"rendered":"<p>Questa ginocchiera utilizza l'imbottitura VS-1 per una maggiore protezione e il taglio DF assicura un'ottima vestibilit\u00e0 senza ingombro. La ginocchiera Mizuno VS1 \u00e8 inoltre dotata del sistema di ventilazione Mizuno Intercool, che riduce l'umidit\u00e0 e l'accumulo di calore all'interno della ginocchiera. Set di due pezzi.Misurare la circonferenza al centro del ginocchio per determinare la taglia necessaria:S: 33cm-35cmM: 35cm-37cmL: 37cm-40cmXL: 40cm-43cm<\/p>","protected":false},"excerpt":{"rendered":"<p>Colore: nero<\/p>","protected":false},"featured_media":672907,"template":"","meta":[],"product_brand":[],"product_cat":[10501],"product_tag":[],"class_list":{"0":"post-672910","1":"product","2":"type-product","3":"status-publish","4":"has-post-thumbnail","6":"product_cat-knieschutz","7":"pa_brand-mizuno","9":"first","10":"instock","11":"taxable","12":"shipping-taxable","13":"purchasable","14":"product-type-variable","15":"add-to-wishlist-before_image"},"exclude_global_add_ons":[],"addons":[],"acf":[],"_links":{"self":[{"href":"https:\/\/shop.kustom.ch\/it\/wp-json\/wp\/v2\/product\/672910"}],"collection":[{"href":"https:\/\/shop.kustom.ch\/it\/wp-json\/wp\/v2\/product"}],"about":[{"href":"https:\/\/shop.kustom.ch\/it\/wp-json\/wp\/v2\/types\/product"}],"wp:featuredmedia":[{"embeddable":true,"href":"https:\/\/shop.kustom.ch\/it\/wp-json\/wp\/v2\/media\/672907"}],"wp:attachment":[{"href":"https:\/\/shop.kustom.ch\/it\/wp-json\/wp\/v2\/media?parent=672910"}],"wp:term":[{"taxonomy":"product_brand","embeddable":true,"href":"https:\/\/shop.kustom.ch\/it\/wp-json\/wp\/v2\/product_brand?post=672910"},{"taxonomy":"product_cat","embeddable":true,"href":"https:\/\/shop.kustom.ch\/it\/wp-json\/wp\/v2\/product_cat?post=672910"},{"taxonomy":"product_tag","embeddable":true,"href":"https:\/\/shop.kustom.ch\/it\/wp-json\/wp\/v2\/product_tag?post=672910"}],"curies":[{"name":"wp","href":"https:\/\/api.w.org\/{rel}","templated":true}]}}