{"id":672706,"date":"2025-09-16T10:05:18","date_gmt":"2025-09-16T09:05:18","guid":{"rendered":"https:\/\/shop.kustom.ch\/?post_type=product&#038;p=672706"},"modified":"2025-10-14T08:57:30","modified_gmt":"2025-10-14T07:57:30","slug":"evolve-zip-pocket-shorts-men","status":"publish","type":"product","link":"https:\/\/shop.kustom.ch\/it\/prodotto\/evolve-zip-pocket-shorts-men\/","title":{"rendered":"Craft Evolve Zip Pocket Shorts Uomo"},"content":{"rendered":"<p>I pantaloncini Evolve Zip Pocket sono pantaloncini da allenamento resistenti, realizzati in materiale elasticizzato e dotati di tasche con zip che offrono un eccellente trasporto dell'umidit\u00e0 durante gli allenamenti intensivi. I pantaloncini sono realizzati con materiali riciclati per ridurre il nostro impatto ambientale. L'elastico in vita con coulisse assicura una vestibilit\u00e0 ottimale. Tasche con zip.<\/p>\n<p>Materiale: poliestere riciclato 100%, 140 g\/m\u00b2<\/p>","protected":false},"excerpt":{"rendered":"<p>Evolve Zip Pocket Shorts sind strapazierf\u00e4hige Training-Shorts aus Stretchmaterial und mit Reissverschlusstaschen, die bei intensivem Training einen hervorragenden Feuchtigkeitstransport bieten. Die Shorts sind aus Recycling-Materialien hergestellt, um unseren \u00f6kologischen Fussabdruck zu verringern. Der elastische H\u00fcftbund mit Kordelzug sorgt f\u00fcr einen optimalen Sitz. Reissverschlusstaschen. Material: 100% Recycling-Polyester, 140 g\/m\u00b2<\/p>","protected":false},"featured_media":672714,"template":"","meta":[],"product_brand":[],"product_cat":[6364],"product_tag":[],"class_list":{"0":"post-672706","1":"product","2":"type-product","3":"status-publish","4":"has-post-thumbnail","6":"product_cat-talent-campus","8":"first","9":"instock","10":"taxable","11":"shipping-taxable","12":"purchasable","13":"product-type-variable","14":"add-to-wishlist-before_image"},"exclude_global_add_ons":[],"addons":[],"acf":[],"_links":{"self":[{"href":"https:\/\/shop.kustom.ch\/it\/wp-json\/wp\/v2\/product\/672706"}],"collection":[{"href":"https:\/\/shop.kustom.ch\/it\/wp-json\/wp\/v2\/product"}],"about":[{"href":"https:\/\/shop.kustom.ch\/it\/wp-json\/wp\/v2\/types\/product"}],"wp:featuredmedia":[{"embeddable":true,"href":"https:\/\/shop.kustom.ch\/it\/wp-json\/wp\/v2\/media\/672714"}],"wp:attachment":[{"href":"https:\/\/shop.kustom.ch\/it\/wp-json\/wp\/v2\/media?parent=672706"}],"wp:term":[{"taxonomy":"product_brand","embeddable":true,"href":"https:\/\/shop.kustom.ch\/it\/wp-json\/wp\/v2\/product_brand?post=672706"},{"taxonomy":"product_cat","embeddable":true,"href":"https:\/\/shop.kustom.ch\/it\/wp-json\/wp\/v2\/product_cat?post=672706"},{"taxonomy":"product_tag","embeddable":true,"href":"https:\/\/shop.kustom.ch\/it\/wp-json\/wp\/v2\/product_tag?post=672706"}],"curies":[{"name":"wp","href":"https:\/\/api.w.org\/{rel}","templated":true}]}}