{"id":672695,"date":"2025-09-16T09:56:54","date_gmt":"2025-09-16T08:56:54","guid":{"rendered":"https:\/\/shop.kustom.ch\/?post_type=product&#038;p=672695"},"modified":"2025-10-14T08:57:49","modified_gmt":"2025-10-14T07:57:49","slug":"subz-funnelneck-jersey-women","status":"publish","type":"product","link":"https:\/\/shop.kustom.ch\/it\/prodotto\/subz-funnelneck-jersey-women\/","title":{"rendered":"Craft SubZ Maglia con collo a imbuto Donna"},"content":{"rendered":"<p>La maglia SubZ Funnelneck \u00e8 una maglia casual e aderente per la stagione fredda, adatta sia agli allenamenti intensivi che all'uso quotidiano.<\/p>\n<p>Questo indumento da allenamento caldo e versatile \u00e8 realizzato in tessuto jersey a due strati con struttura a griglia in pile che offre un eccellente isolamento e comfort alle basse temperature. Inoltre, il design del collo a imbuto con cordoncino regolabile funge da tubo del collo integrato che consente un rapido controllo della temperatura.<\/p>\n<p>Materiale: 94% poliestere riciclato, 6% elastan<\/p>","protected":false},"excerpt":{"rendered":"<p>Das SubZ Funnelneck Jersey ist ein l\u00e4ssiges, locker sitzendes Trikot f\u00fcr kaltes Wetter, das sowohl f\u00fcr intensive Trainingseinheiten als auch f\u00fcr den Alltag geeignet ist. Dieses warme und vielseitige Trainingskleidungsst\u00fcck besteht aus einem verschweissten 2-Lagen-Jersey-Stoff mit Fleece-Gitterstruktur, der f\u00fcr hervorragende Isolierung und Komfort bei k\u00fchlen Temperaturen sorgt. Dar\u00fcber hinaus fungiert das Trichterhalsdesign mit verstellbarem Kordelzug [&hellip;]<\/p>\n","protected":false},"featured_media":672702,"template":"","meta":[],"product_brand":[],"product_cat":[6364],"product_tag":[],"class_list":{"0":"post-672695","1":"product","2":"type-product","3":"status-publish","4":"has-post-thumbnail","6":"product_cat-talent-campus","8":"first","9":"instock","10":"taxable","11":"shipping-taxable","12":"purchasable","13":"product-type-variable","14":"add-to-wishlist-before_image"},"exclude_global_add_ons":[],"addons":[],"acf":[],"_links":{"self":[{"href":"https:\/\/shop.kustom.ch\/it\/wp-json\/wp\/v2\/product\/672695"}],"collection":[{"href":"https:\/\/shop.kustom.ch\/it\/wp-json\/wp\/v2\/product"}],"about":[{"href":"https:\/\/shop.kustom.ch\/it\/wp-json\/wp\/v2\/types\/product"}],"wp:featuredmedia":[{"embeddable":true,"href":"https:\/\/shop.kustom.ch\/it\/wp-json\/wp\/v2\/media\/672702"}],"wp:attachment":[{"href":"https:\/\/shop.kustom.ch\/it\/wp-json\/wp\/v2\/media?parent=672695"}],"wp:term":[{"taxonomy":"product_brand","embeddable":true,"href":"https:\/\/shop.kustom.ch\/it\/wp-json\/wp\/v2\/product_brand?post=672695"},{"taxonomy":"product_cat","embeddable":true,"href":"https:\/\/shop.kustom.ch\/it\/wp-json\/wp\/v2\/product_cat?post=672695"},{"taxonomy":"product_tag","embeddable":true,"href":"https:\/\/shop.kustom.ch\/it\/wp-json\/wp\/v2\/product_tag?post=672695"}],"curies":[{"name":"wp","href":"https:\/\/api.w.org\/{rel}","templated":true}]}}