{"id":672567,"date":"2025-09-12T23:29:00","date_gmt":"2025-09-12T22:29:00","guid":{"rendered":"https:\/\/shop.kustom.ch\/?post_type=product&#038;p=672567"},"modified":"2026-04-01T07:41:30","modified_gmt":"2026-04-01T06:41:30","slug":"willi-dachdeckerhalbsch-autoreifensohle-doppelschnalle","status":"publish","type":"product","link":"https:\/\/shop.kustom.ch\/it\/prodotto\/willi-dachdeckerhalbsch-autoreifensohle-doppelschnalle\/","title":{"rendered":"Mezza scarpa da conciatetti WILLI Suola di pneumatico d'auto Doppia fibbia"},"content":{"rendered":"<p>In forma:<br \/>\nLa pratica chiusura a due fibbie pu\u00f2 essere regolata individualmente in base al piede e garantisce una rapida entrata e uscita.La scarpa da lavoro \u00e8 piuttosto stretta.<br \/>\nSuola:<br \/>\nLa speciale mescola di gomma degli pneumatici per auto conferisce alle suole antiscivolo la loro particolare aderenza, mentre il disegno grossolano del battistrada degli pneumatici per auto offre una maggiore superficie di contatto per la suola.<br \/>\nOltre alla buona aderenza sul tetto, questo ha il vantaggio che la suola non preme su materiali morbidi come le lastre di bitume fresco e non lascia segni indesiderati. il profilo della suola varia da scarpa a scarpa, a seconda del pneumatico dell'auto da cui \u00e8 stata ricavata.<br \/>\nSoletta:<br \/>\nLa soletta morbida e ammortizzante \u00e8 modellata anatomicamente e garantisce un elevato comfort di camminata.<br \/>\nLa soletta traspirante regola bene l'umidit\u00e0, garantendo un clima piacevole per il piede, e la soletta pu\u00f2 essere rimossa.<br \/>\nStandard:<br \/>\nNon certificato.<\/p>","protected":false},"excerpt":{"rendered":"<p>Passform: Das Leder gibt mit der Zeit etwas nach.Der praktische Zweischnallen-Verschluss l\u00e4sst sich individuell an den Fuss anpassen und sorgt f\u00fcr ein schnelles Rein und Raus.Der Arbeitsschuh f\u00e4llt eher etwas schmal aus. Laufsohle: Profil aus Original-Autoreifen.Die spezielle Gummimischung von Autoreifen gibt den rutschhemmenden Laufsohlen die besondere Griffigkeit.Die grobe Profil\u00adge\u00adstaltung von Autoreifen bietet eine gr\u00f6ssere Kontakt\u00adfl\u00e4che [&hellip;]<\/p>\n","protected":false},"featured_media":672576,"template":"","meta":[],"product_brand":[],"product_cat":[4197],"product_tag":[],"class_list":{"0":"post-672567","1":"product","2":"type-product","3":"status-publish","4":"has-post-thumbnail","6":"product_cat-schuhe-sandalen","7":"pa_brand-fhb","8":"pa_brand-type-workwear","9":"pa_filter-color-schwarz","11":"first","12":"instock","13":"sale","14":"taxable","15":"shipping-taxable","16":"purchasable","17":"product-type-variable","18":"add-to-wishlist-before_image"},"exclude_global_add_ons":[],"addons":[],"acf":[],"_links":{"self":[{"href":"https:\/\/shop.kustom.ch\/it\/wp-json\/wp\/v2\/product\/672567"}],"collection":[{"href":"https:\/\/shop.kustom.ch\/it\/wp-json\/wp\/v2\/product"}],"about":[{"href":"https:\/\/shop.kustom.ch\/it\/wp-json\/wp\/v2\/types\/product"}],"wp:featuredmedia":[{"embeddable":true,"href":"https:\/\/shop.kustom.ch\/it\/wp-json\/wp\/v2\/media\/672576"}],"wp:attachment":[{"href":"https:\/\/shop.kustom.ch\/it\/wp-json\/wp\/v2\/media?parent=672567"}],"wp:term":[{"taxonomy":"product_brand","embeddable":true,"href":"https:\/\/shop.kustom.ch\/it\/wp-json\/wp\/v2\/product_brand?post=672567"},{"taxonomy":"product_cat","embeddable":true,"href":"https:\/\/shop.kustom.ch\/it\/wp-json\/wp\/v2\/product_cat?post=672567"},{"taxonomy":"product_tag","embeddable":true,"href":"https:\/\/shop.kustom.ch\/it\/wp-json\/wp\/v2\/product_tag?post=672567"}],"curies":[{"name":"wp","href":"https:\/\/api.w.org\/{rel}","templated":true}]}}