{"id":672478,"date":"2025-09-12T23:26:44","date_gmt":"2025-09-12T22:26:44","guid":{"rendered":"https:\/\/shop.kustom.ch\/?post_type=product&#038;p=672478"},"modified":"2026-04-01T07:28:53","modified_gmt":"2026-04-01T06:28:53","slug":"manfred-dachdeckerstiefel-autoreifensohle-schnuerer","status":"publish","type":"product","link":"https:\/\/shop.kustom.ch\/it\/prodotto\/manfred-dachdeckerstiefel-autoreifensohle-schnuerer\/","title":{"rendered":"MANFRED stivale da carpentiere suola per pneumatici auto allacciati"},"content":{"rendered":"<p>In forma:<br \/>\nIl cuoio cede un po' con il tempo e l'asta \u00e8 mediamente alta.<br \/>\nLa sezione di sostegno della caviglia assicura stabilit\u00e0 e supporto alla scarpa.<br \/>\nStivali allacciati con 10 occhielli in metallo per la chiusura.<br \/>\nLa scarpa da lavoro \u00e8 piuttosto stretta.<br \/>\nSuola:<br \/>\nLa speciale mescola di gomma degli pneumatici per auto conferisce alle suole antiscivolo la loro particolare aderenza, mentre il disegno grossolano del battistrada degli pneumatici per auto offre una maggiore superficie di contatto per la suola.<br \/>\nOltre alla buona aderenza sul tetto, questo ha il vantaggio che la suola non preme su materiali morbidi come le lastre di bitume fresco e non lascia segni indesiderati. il profilo della suola varia da scarpa a scarpa, a seconda del pneumatico dell'auto da cui \u00e8 stata ricavata.<br \/>\nSoletta:<br \/>\nLa soletta morbida e ammortizzante \u00e8 modellata anatomicamente e garantisce un elevato comfort di camminata.<br \/>\nLa soletta traspirante ha una buona regolazione dell'umidit\u00e0 e garantisce quindi un clima piacevole per il piede; la soletta pu\u00f2 essere rimossa.<br \/>\nStandard:<br \/>\nNon certificato.<\/p>","protected":false},"excerpt":{"rendered":"<p>Passform: Das Leder gibt mit der Zeit etwas nach.Mittelhoher Schaft. Die st\u00fctzende Kn\u00f6chelpartie sorgt f\u00fcr Stabilit\u00e4t und Halt im Schuh. Schn\u00fcrstiefel mit 10 Metall\u00f6sen verschliessbar. Der Arbeitsschuh f\u00e4llt eher etwas schmal aus. Laufsohle: Profil aus Original-Autoreifen.Die spezielle Gummimischung von Autoreifen gibt den rutschhemmenden Laufsohlen die besondere Griffigkeit.Die grobe Profil\u00adge\u00adstaltung von Autoreifen bietet eine gr\u00f6ssere Kontakt\u00adfl\u00e4che [&hellip;]<\/p>\n","protected":false},"featured_media":672480,"template":"","meta":[],"product_brand":[],"product_cat":[4197],"product_tag":[],"class_list":{"0":"post-672478","1":"product","2":"type-product","3":"status-publish","4":"has-post-thumbnail","6":"product_cat-schuhe-sandalen","7":"pa_brand-fhb","8":"pa_brand-type-workwear","9":"pa_filter-color-schwarz","11":"first","12":"instock","13":"sale","14":"taxable","15":"shipping-taxable","16":"purchasable","17":"product-type-variable","18":"add-to-wishlist-before_image"},"exclude_global_add_ons":[],"addons":[],"acf":[],"_links":{"self":[{"href":"https:\/\/shop.kustom.ch\/it\/wp-json\/wp\/v2\/product\/672478"}],"collection":[{"href":"https:\/\/shop.kustom.ch\/it\/wp-json\/wp\/v2\/product"}],"about":[{"href":"https:\/\/shop.kustom.ch\/it\/wp-json\/wp\/v2\/types\/product"}],"wp:featuredmedia":[{"embeddable":true,"href":"https:\/\/shop.kustom.ch\/it\/wp-json\/wp\/v2\/media\/672480"}],"wp:attachment":[{"href":"https:\/\/shop.kustom.ch\/it\/wp-json\/wp\/v2\/media?parent=672478"}],"wp:term":[{"taxonomy":"product_brand","embeddable":true,"href":"https:\/\/shop.kustom.ch\/it\/wp-json\/wp\/v2\/product_brand?post=672478"},{"taxonomy":"product_cat","embeddable":true,"href":"https:\/\/shop.kustom.ch\/it\/wp-json\/wp\/v2\/product_cat?post=672478"},{"taxonomy":"product_tag","embeddable":true,"href":"https:\/\/shop.kustom.ch\/it\/wp-json\/wp\/v2\/product_tag?post=672478"}],"curies":[{"name":"wp","href":"https:\/\/api.w.org\/{rel}","templated":true}]}}