{"id":670567,"date":"2025-06-27T20:22:37","date_gmt":"2025-06-27T19:22:37","guid":{"rendered":"https:\/\/shop.kustom.ch\/?post_type=product&#038;p=670567"},"modified":"2025-07-16T08:17:19","modified_gmt":"2025-07-16T07:17:19","slug":"svri-laptop-rucksack","status":"publish","type":"product","link":"https:\/\/shop.kustom.ch\/it\/prodotto\/svri-laptop-rucksack\/","title":{"rendered":"Zaino per laptop SVRI"},"content":{"rendered":"<ul>\n<li>Super pratico: la spaziosa combinazione di zaino sportivo e zaino business offre ampio spazio per tutti gli oggetti importanti.<\/li>\n<li>Ampio scomparto principale con doppia cerniera, ideale per i computer portatili.<\/li>\n<li>Scomparto principale aggiuntivo per documenti o vestiti<\/li>\n<li>Scomparto organizzatore con tasca integrata per i piccoli oggetti<\/li>\n<li>Scomparto aggiuntivo con clip per chiavi e tasca con zip annessa<\/li>\n<li>Due tasche in rete, ideali per le bottiglie<\/li>\n<li>Materiale robusto e idrorepellente sulla base, facile da pulire<\/li>\n<li>Spallacci e schienale ben imbottiti<\/li>\n<li>Scomparto con zip sul retro, perfetto per gli oggetti di valore<\/li>\n<\/ul>","protected":false},"excerpt":{"rendered":"<p>Super praktisch: Die ger\u00e4umige Kombination aus Sport- und Businessrucksack bietet ausreichend Stauraum f\u00fcr alle wichtigen Utensilien. Ger\u00e4umiges, doppelt gepolstertes Hauptfach mit Doppel-Reissverschluss, ideal f\u00fcr Laptops Zus\u00e4tzliches Hauptfach f\u00fcr Unterlagen oder Klamotten Organizerfach mit integrierter Tasche f\u00fcr Kleinteile Zus\u00e4tzliches Fach mit Schl\u00fcsselclip und aufgesetzter Reissverschlusstasche Zwei Mesh-Taschen, ideal f\u00fcr Flaschen Robusteres, wasserabweisendes Material am Boden, einfach [&hellip;]<\/p>\n","protected":false},"featured_media":670889,"template":"","meta":[],"product_brand":[],"product_cat":[6441],"product_tag":[],"class_list":{"0":"post-670567","1":"product","2":"type-product","3":"status-publish","4":"has-post-thumbnail","6":"product_cat-svri-funktionaere","8":"first","9":"instock","10":"taxable","11":"shipping-taxable","12":"purchasable","13":"product-type-variable","14":"add-to-wishlist-before_image"},"exclude_global_add_ons":[],"addons":[],"acf":[],"_links":{"self":[{"href":"https:\/\/shop.kustom.ch\/it\/wp-json\/wp\/v2\/product\/670567"}],"collection":[{"href":"https:\/\/shop.kustom.ch\/it\/wp-json\/wp\/v2\/product"}],"about":[{"href":"https:\/\/shop.kustom.ch\/it\/wp-json\/wp\/v2\/types\/product"}],"wp:featuredmedia":[{"embeddable":true,"href":"https:\/\/shop.kustom.ch\/it\/wp-json\/wp\/v2\/media\/670889"}],"wp:attachment":[{"href":"https:\/\/shop.kustom.ch\/it\/wp-json\/wp\/v2\/media?parent=670567"}],"wp:term":[{"taxonomy":"product_brand","embeddable":true,"href":"https:\/\/shop.kustom.ch\/it\/wp-json\/wp\/v2\/product_brand?post=670567"},{"taxonomy":"product_cat","embeddable":true,"href":"https:\/\/shop.kustom.ch\/it\/wp-json\/wp\/v2\/product_cat?post=670567"},{"taxonomy":"product_tag","embeddable":true,"href":"https:\/\/shop.kustom.ch\/it\/wp-json\/wp\/v2\/product_tag?post=670567"}],"curies":[{"name":"wp","href":"https:\/\/api.w.org\/{rel}","templated":true}]}}