{"id":669924,"date":"2025-06-05T20:33:36","date_gmt":"2025-06-05T19:33:36","guid":{"rendered":"https:\/\/shop.kustom.ch\/?post_type=product&#038;p=669924"},"modified":"2026-03-31T10:29:48","modified_gmt":"2026-03-31T09:29:48","slug":"ashland-casual","status":"publish","type":"product","link":"https:\/\/shop.kustom.ch\/it\/prodotto\/ashland-casual\/","title":{"rendered":"Ashland Casual"},"content":{"rendered":"<p>Provate il massimo del comfort e dello stile con il nostro Ashland Casual Knit Jumper. Realizzato in cotone organico, questo maglione offre solo comfort. Con le sue maniche raglan da uomo e la raffinata struttura a coste 1\u00d71 sulle maniche, sul colletto e sull'orlo inferiore, questo maglione trasuda artigianalit\u00e0 ed eleganza senza tempo. Certificato secondo la norma Oeko-Tex 100, potete godervi questo comodo maglione con la coscienza pulita. Confezionato in un sacchetto biologico compostabile.<\/p>\n<p>Materiale: cotone organico 100%. 12 g. Oeko-Tex Standard 100.<\/p>","protected":false},"excerpt":{"rendered":"<p>Erleben Sie ultimativen Komfort und Stil mit unserem Ashland Casual Knit Pullover. Gefertigt aus Organic-Baumwolle, bietet dieser Pullover nur Komfort. Mit seinen Raglan\u00e4rmeln f\u00fcr Herren und der feinen 1&#215;1-Rippstruktur an den \u00c4rmeln, dem Kragen und dem unteren Saum strahlt dieser Pullover Handwerkskunst und zeitlose Eleganz aus. Zertifiziert nach Oeko-Tex 100 k\u00f6nnen Sie diesen komfortablen Pullover [&hellip;]<\/p>\n","protected":false},"featured_media":646388,"template":"","meta":[],"product_brand":[],"product_cat":[4191],"product_tag":[],"class_list":{"0":"post-669924","1":"product","2":"type-product","3":"status-publish","4":"has-post-thumbnail","6":"product_cat-longsleeves-sweatshirts","7":"pa_brand-harvest","8":"pa_brand-type-workwear","9":"pa_filter-color-blau","10":"pa_filter-color-grau","11":"pa_filter-color-schwarz","13":"first","14":"instock","15":"sale","16":"taxable","17":"shipping-taxable","18":"purchasable","19":"product-type-variable","20":"add-to-wishlist-before_image"},"exclude_global_add_ons":[],"addons":[],"acf":[],"_links":{"self":[{"href":"https:\/\/shop.kustom.ch\/it\/wp-json\/wp\/v2\/product\/669924"}],"collection":[{"href":"https:\/\/shop.kustom.ch\/it\/wp-json\/wp\/v2\/product"}],"about":[{"href":"https:\/\/shop.kustom.ch\/it\/wp-json\/wp\/v2\/types\/product"}],"wp:featuredmedia":[{"embeddable":true,"href":"https:\/\/shop.kustom.ch\/it\/wp-json\/wp\/v2\/media\/646388"}],"wp:attachment":[{"href":"https:\/\/shop.kustom.ch\/it\/wp-json\/wp\/v2\/media?parent=669924"}],"wp:term":[{"taxonomy":"product_brand","embeddable":true,"href":"https:\/\/shop.kustom.ch\/it\/wp-json\/wp\/v2\/product_brand?post=669924"},{"taxonomy":"product_cat","embeddable":true,"href":"https:\/\/shop.kustom.ch\/it\/wp-json\/wp\/v2\/product_cat?post=669924"},{"taxonomy":"product_tag","embeddable":true,"href":"https:\/\/shop.kustom.ch\/it\/wp-json\/wp\/v2\/product_tag?post=669924"}],"curies":[{"name":"wp","href":"https:\/\/api.w.org\/{rel}","templated":true}]}}