{"id":669866,"date":"2025-06-05T20:33:07","date_gmt":"2025-06-05T19:33:07","guid":{"rendered":"https:\/\/shop.kustom.ch\/?post_type=product&#038;p=669866"},"modified":"2026-03-31T10:29:27","modified_gmt":"2026-03-31T09:29:27","slug":"ashland-halfzip","status":"publish","type":"product","link":"https:\/\/shop.kustom.ch\/it\/prodotto\/ashland-halfzip\/","title":{"rendered":"Ashland mezza zip"},"content":{"rendered":"<p>Il maglione con mezza zip Ashland \u00e8 realizzato in cotone biologico e unisce il comfort alla sostenibilit\u00e0. Questo versatile maglione a maglia presenta un design unisex con un'elegante zip corta sul davanti. Il maglione \u00e8 stato progettato con particolare attenzione ai dettagli e offre una finitura elegante e sofisticata. \u00c8 rifinito con una raffinata struttura a coste 1\u00d71 sulle maniche, sul colletto e sull'orlo inferiore. Grazie alla certificazione Oeko-Tex 100, potete essere certi che questo capo soddisfa i rigorosi standard di responsabilit\u00e0 ambientale e sociale.<\/p>\n<p>Materiale: cotone organico 100%. 12 GG. Oeko-Tex Standard 100.<\/p>","protected":false},"excerpt":{"rendered":"<p>Der Ashland Halfzip-Pullover besteht aus Bio-Baumwolle und vereint Komfort mit Nachhaltigkeit. Dieser vielseitige Strickpullover zeichnet sich durch ein Unisex-Design mit einem stilvollen kurzen Reissverschluss an der Vorderseite aus. Der Pullover ist mit besonderem Augenmerk auf Details gestaltet und bietet einen eleganten und raffinierten. Abschluss durch feinen 1&#215;1-Rippstruktur an den \u00c4rmeln, dem Kragen und dem unteren [&hellip;]<\/p>\n","protected":false},"featured_media":646356,"template":"","meta":[],"product_brand":[],"product_cat":[4191],"product_tag":[],"class_list":{"0":"post-669866","1":"product","2":"type-product","3":"status-publish","4":"has-post-thumbnail","6":"product_cat-longsleeves-sweatshirts","7":"pa_brand-harvest","8":"pa_brand-type-workwear","9":"pa_filter-color-blau","10":"pa_filter-color-grau","11":"pa_filter-color-schwarz","13":"first","14":"instock","15":"sale","16":"taxable","17":"shipping-taxable","18":"purchasable","19":"product-type-variable","20":"add-to-wishlist-before_image"},"exclude_global_add_ons":[],"addons":[],"acf":[],"_links":{"self":[{"href":"https:\/\/shop.kustom.ch\/it\/wp-json\/wp\/v2\/product\/669866"}],"collection":[{"href":"https:\/\/shop.kustom.ch\/it\/wp-json\/wp\/v2\/product"}],"about":[{"href":"https:\/\/shop.kustom.ch\/it\/wp-json\/wp\/v2\/types\/product"}],"wp:featuredmedia":[{"embeddable":true,"href":"https:\/\/shop.kustom.ch\/it\/wp-json\/wp\/v2\/media\/646356"}],"wp:attachment":[{"href":"https:\/\/shop.kustom.ch\/it\/wp-json\/wp\/v2\/media?parent=669866"}],"wp:term":[{"taxonomy":"product_brand","embeddable":true,"href":"https:\/\/shop.kustom.ch\/it\/wp-json\/wp\/v2\/product_brand?post=669866"},{"taxonomy":"product_cat","embeddable":true,"href":"https:\/\/shop.kustom.ch\/it\/wp-json\/wp\/v2\/product_cat?post=669866"},{"taxonomy":"product_tag","embeddable":true,"href":"https:\/\/shop.kustom.ch\/it\/wp-json\/wp\/v2\/product_tag?post=669866"}],"curies":[{"name":"wp","href":"https:\/\/api.w.org\/{rel}","templated":true}]}}