{"id":669744,"date":"2025-06-05T20:32:07","date_gmt":"2025-06-05T19:32:07","guid":{"rendered":"https:\/\/shop.kustom.ch\/?post_type=product&#038;p=669744"},"modified":"2026-03-31T10:37:01","modified_gmt":"2026-03-31T09:37:01","slug":"knowville","status":"publish","type":"product","link":"https:\/\/shop.kustom.ch\/it\/prodotto\/knowville\/","title":{"rendered":"CONOSCERE"},"content":{"rendered":"<p>Cardigan da uomo in morbido tessuto di cotone. Polsini e fascia in vita in elastan.<\/p>\n<p>Materiale: cotone 100%<\/p>","protected":false},"excerpt":{"rendered":"<p>Herren-Cardigan in weicher Baumwollqualit\u00e4t. \u00c4rmel- und Taillenb\u00fcndchen mit Elastan. Material: 100% Baumwolle<\/p>","protected":false},"featured_media":505009,"template":"","meta":[],"product_brand":[],"product_cat":[4191],"product_tag":[],"class_list":{"0":"post-669744","1":"product","2":"type-product","3":"status-publish","4":"has-post-thumbnail","6":"product_cat-longsleeves-sweatshirts","7":"pa_brand-harvest","8":"pa_brand-type-workwear","9":"pa_filter-color-grau","10":"pa_filter-color-schwarz","12":"first","13":"instock","14":"sale","15":"taxable","16":"shipping-taxable","17":"purchasable","18":"product-type-variable","19":"add-to-wishlist-before_image"},"exclude_global_add_ons":[],"addons":[],"acf":[],"_links":{"self":[{"href":"https:\/\/shop.kustom.ch\/it\/wp-json\/wp\/v2\/product\/669744"}],"collection":[{"href":"https:\/\/shop.kustom.ch\/it\/wp-json\/wp\/v2\/product"}],"about":[{"href":"https:\/\/shop.kustom.ch\/it\/wp-json\/wp\/v2\/types\/product"}],"wp:featuredmedia":[{"embeddable":true,"href":"https:\/\/shop.kustom.ch\/it\/wp-json\/wp\/v2\/media\/505009"}],"wp:attachment":[{"href":"https:\/\/shop.kustom.ch\/it\/wp-json\/wp\/v2\/media?parent=669744"}],"wp:term":[{"taxonomy":"product_brand","embeddable":true,"href":"https:\/\/shop.kustom.ch\/it\/wp-json\/wp\/v2\/product_brand?post=669744"},{"taxonomy":"product_cat","embeddable":true,"href":"https:\/\/shop.kustom.ch\/it\/wp-json\/wp\/v2\/product_cat?post=669744"},{"taxonomy":"product_tag","embeddable":true,"href":"https:\/\/shop.kustom.ch\/it\/wp-json\/wp\/v2\/product_tag?post=669744"}],"curies":[{"name":"wp","href":"https:\/\/api.w.org\/{rel}","templated":true}]}}