{"id":669455,"date":"2025-06-02T13:39:53","date_gmt":"2025-06-02T12:39:53","guid":{"rendered":"https:\/\/shop.kustom.ch\/?post_type=product&#038;p=669455"},"modified":"2026-02-11T22:02:17","modified_gmt":"2026-02-11T21:02:17","slug":"fch-trainingshose-power","status":"publish","type":"product","link":"https:\/\/shop.kustom.ch\/it\/prodotto\/fch-trainingshose-power\/","title":{"rendered":"FCH formazione pantaloni Potenza"},"content":{"rendered":"<p><strong>Pantaloni da allenamento con elastico in vita e taglio moderno per adulti con lunghezza alla caviglia<\/strong><\/p>\n<p>Grazie alla funzione Keep Dry dei pantaloni da allenamento JAKO Power, l'umidit\u00e0 arriva direttamente alla superficie del tessuto e garantisce che non ci si raffreddi durante lo sport e che il materiale si asciughi molto rapidamente. La vita elastica in due pezzi con coulisse assicura una vestibilit\u00e0 particolarmente buona durante l'allenamento. Inoltre, le tasche laterali con cerniera offrono numerose possibilit\u00e0 di stoccaggio e anche le estremit\u00e0 delle gambe sono dotate di cerniera.<\/p>","protected":false},"excerpt":{"rendered":"<p>Materiale: 90 % poliestere (riciclato), 10 % elastan<\/p>\n<p>Colore: nero<\/p>","protected":false},"featured_media":669467,"template":"","meta":[],"product_brand":[],"product_cat":[6430],"product_tag":[],"class_list":{"0":"post-669455","1":"product","2":"type-product","3":"status-publish","4":"has-post-thumbnail","6":"product_cat-fc-heiden","8":"first","9":"instock","10":"taxable","11":"shipping-taxable","12":"purchasable","13":"product-type-variable","14":"add-to-wishlist-before_image"},"exclude_global_add_ons":[],"addons":[],"acf":[],"_links":{"self":[{"href":"https:\/\/shop.kustom.ch\/it\/wp-json\/wp\/v2\/product\/669455"}],"collection":[{"href":"https:\/\/shop.kustom.ch\/it\/wp-json\/wp\/v2\/product"}],"about":[{"href":"https:\/\/shop.kustom.ch\/it\/wp-json\/wp\/v2\/types\/product"}],"wp:featuredmedia":[{"embeddable":true,"href":"https:\/\/shop.kustom.ch\/it\/wp-json\/wp\/v2\/media\/669467"}],"wp:attachment":[{"href":"https:\/\/shop.kustom.ch\/it\/wp-json\/wp\/v2\/media?parent=669455"}],"wp:term":[{"taxonomy":"product_brand","embeddable":true,"href":"https:\/\/shop.kustom.ch\/it\/wp-json\/wp\/v2\/product_brand?post=669455"},{"taxonomy":"product_cat","embeddable":true,"href":"https:\/\/shop.kustom.ch\/it\/wp-json\/wp\/v2\/product_cat?post=669455"},{"taxonomy":"product_tag","embeddable":true,"href":"https:\/\/shop.kustom.ch\/it\/wp-json\/wp\/v2\/product_tag?post=669455"}],"curies":[{"name":"wp","href":"https:\/\/api.w.org\/{rel}","templated":true}]}}