{"id":668733,"date":"2025-04-29T19:58:03","date_gmt":"2025-04-29T18:58:03","guid":{"rendered":"https:\/\/shop.kustom.ch\/?post_type=product&#038;p=668733"},"modified":"2026-03-31T08:43:17","modified_gmt":"2026-03-31T07:43:17","slug":"storm-winterstiefel-s7s","status":"publish","type":"product","link":"https:\/\/shop.kustom.ch\/it\/prodotto\/storm-winterstiefel-s7s\/","title":{"rendered":"Stivali invernali STORM S7S"},"content":{"rendered":"<p>Stivale invernale in pelle pieno fiore di alta qualit\u00e0, con membrana microporosa che lo rende impermeabile. Le protezioni in punta e sul tallone garantiscono una maggiore durata. La fodera in lana\/poliestere e l'isolamento Thinsulate\u2122 mantengono i piedi caldi e confortevoli anche nelle giornate invernali pi\u00f9 fredde. Gli stivali sono dotati di un puntale in materiale composito e di una protezione antiperforazione flessibile e non metallica in standard PS, in grado di resistere a sottili chiodi da 3 mm. La soletta anatomica \u00e8 realizzata in materiale PU ammortizzante ed \u00e8 dotata di una calda fodera, mentre la suola in gomma nitrilica antiscivolo offre una buona presa anche su neve e ghiaccio.Questi stivali sono adatti per lavori all'aperto in edilizia, manutenzione, riparazione e operazioni. Forma da donna nelle taglie 35-39.Tomaia idrorepellente e resistente in pelle martellata combinata con una membrana che rende gli stivali impermeabiliFodera in lana\/poliestere e isolamento Thinsulate\u2122 garantiscono il massimo comfort anche nelle giornate invernali pi\u00f9 freddePuntale in materiale compositoProtezione anti penetrazione flessibile e non metallica in standard PSSoletta anatomica in materiale PU ammortizzante con gambale foderato in materiale caldoSuola in gomma nitrilica per la migliore presa anche su neve e ghiaccio<\/p>\n<p>FUNZIONALIT\u00c0: Propriet\u00e0 antistatiche. Suola resistente al calore. Senza metalli. Suola esterna oleorepellente. Dettagli riflettenti. Impermeabile. Rinforzo in punta. TOMAIA: Pelle intera. Vestibilit\u00e0: extra large. MATERIALE DEL TOMAIO: Tessile PS. FODERA: Lana\/poliestere. MATERIALE SUOLA: Tessile, morbido PU. TESSUTO: Unisex. nero. impermeabile. SIMBOLI: Isolamento a freddo. Forma extra larga. Resistente ai carburanti. HRO 300. presa della scala. Nailpen tessile PS. Abrasione del tappo. Antiscivolo. Puntale in materiale composito. Resistente all'acqua. Lana. USP: Soletta anatomica in PU morbido. Propriet\u00e0 antistatiche. Fodera in lana\/poliestere e isolamento Thinsulate\u2122. Completamente impermeabile. Suola resistente agli oli. Dettagli riflettenti. Suola antiscivolo. Protezione dalla penetrazione tessile in standard PS. Puntale in materiale composito. MATERIALE DEL PLANTARE: Composito. CERTIFICAZIONE: EN ISO 20345:2022 S7S FO SR HRO CI SC LG<\/p>","protected":false},"excerpt":{"rendered":"<p>Winterstiefel aus hochwertigem Vollnarbenleder, mit einer mikropor\u00f6sen Membran, die ihn wasserdicht macht. Zehen- und Fersenschutz sorgen f\u00fcr zus\u00e4tzliche Strapazierf\u00e4higkeit. Das Futter aus Wolle\/Polyester und die Thinsulate\u2122-Isolierung halten die F\u00fcsse auch an den k\u00e4ltesten Wintertagen warm und bequem.Die Stiefel verf\u00fcgen \u00fcber eine Zehenkappe aus Verbundwerkstoff und einem flexiblen, nichtmetallischen Durchtritschutz in PS-Norm die d\u00fcnnen 3 mm-N\u00e4geln [&hellip;]<\/p>\n","protected":false},"featured_media":668766,"template":"","meta":[],"product_brand":[],"product_cat":[4197,4209],"product_tag":[],"class_list":{"0":"post-668733","1":"product","2":"type-product","3":"status-publish","4":"has-post-thumbnail","6":"product_cat-schuhe-sandalen","7":"product_cat-zubehoer","8":"pa_brand-blaklaeder","9":"pa_brand-type-workwear","10":"pa_filter-color-schwarz","12":"first","13":"instock","14":"sale","15":"taxable","16":"shipping-taxable","17":"purchasable","18":"product-type-variable","19":"add-to-wishlist-before_image"},"exclude_global_add_ons":[],"addons":[],"acf":[],"_links":{"self":[{"href":"https:\/\/shop.kustom.ch\/it\/wp-json\/wp\/v2\/product\/668733"}],"collection":[{"href":"https:\/\/shop.kustom.ch\/it\/wp-json\/wp\/v2\/product"}],"about":[{"href":"https:\/\/shop.kustom.ch\/it\/wp-json\/wp\/v2\/types\/product"}],"wp:featuredmedia":[{"embeddable":true,"href":"https:\/\/shop.kustom.ch\/it\/wp-json\/wp\/v2\/media\/668766"}],"wp:attachment":[{"href":"https:\/\/shop.kustom.ch\/it\/wp-json\/wp\/v2\/media?parent=668733"}],"wp:term":[{"taxonomy":"product_brand","embeddable":true,"href":"https:\/\/shop.kustom.ch\/it\/wp-json\/wp\/v2\/product_brand?post=668733"},{"taxonomy":"product_cat","embeddable":true,"href":"https:\/\/shop.kustom.ch\/it\/wp-json\/wp\/v2\/product_cat?post=668733"},{"taxonomy":"product_tag","embeddable":true,"href":"https:\/\/shop.kustom.ch\/it\/wp-json\/wp\/v2\/product_tag?post=668733"}],"curies":[{"name":"wp","href":"https:\/\/api.w.org\/{rel}","templated":true}]}}