{"id":668732,"date":"2025-04-29T19:58:02","date_gmt":"2025-04-29T18:58:02","guid":{"rendered":"https:\/\/shop.kustom.ch\/?post_type=product&#038;p=668732"},"modified":"2026-03-31T08:43:03","modified_gmt":"2026-03-31T07:43:03","slug":"striker-sicherheitsschuh-s7s","status":"publish","type":"product","link":"https:\/\/shop.kustom.ch\/it\/prodotto\/striker-sicherheitsschuh-s7s\/","title":{"rendered":"Scarpa di sicurezza STRIKER S7S"},"content":{"rendered":"<p>Scarpe da ginnastica impermeabili di alta qualit\u00e0 con tomaia in tessuto resistente e protezione aggiuntiva sulla punta e sul tallone. La membrana microporosa mantiene i piedi asciutti anche in caso di maltempo. Il sistema Freelock sul lato facilita la calzata e la regolazione, per tutto il giorno. La linguetta in neoprene garantisce un maggiore comfort. Il puntale NANO \u00e8 pi\u00f9 resistente, leggero e sottile di altri puntali non metallici. La protezione flessibile contro la penetrazione PS, realizzata in tessuto, \u00e8 in grado di resistere anche a chiodi sottili da 3 mm. La soletta anatomica in morbido materiale ETPU che assorbe gli urti, unita al tessuto che assorbe l'umidit\u00e0 sul piede, garantisce il massimo comfort. La suola antiscivolo in gomma nitrilica e l'intersuola in PU a doppio strato con densit\u00e0 diverse assicurano un assorbimento degli urti e un comfort ottimali. Queste scarpe sono adatte a lavori di costruzione, trasporto, manutenzione, riparazione, magazzinaggio, assistenza e industria. Forma da donna nelle taglie 35-39. Impermeabile grazie alla tomaia in tessuto resistente abbinata alla membrana Sistema di allacciatura Freelock sul latoLinguetta in neoprene per un maggiore comfortPunta in NANO - pi\u00f9 leggera, resistente e sottile di altre punte non metallicheProtezione dalla penetrazione flessibile e priva di metallo secondo lo standard PSSoletta anatomica in materiale ETPU morbido e ammortizzanteInnovativa suola a 3 strati che garantisce un assorbimento degli urti unico nel suo genereSuola antiscivolo in gomma nitrilica<\/p>\n<p>FUNZIONALIT\u00c0: Propriet\u00e0 antistatiche. Soletta traspirante. Suola a tripla densit\u00e0. Testato ESD (approvato secondo la norma IEC 61340-5-1). Rinforzo del tallone. Freelock. Bordo dell'albero imbottito. Suola esterna resistente al calore. Suola esterna oleorepellente. Impermeabile. Punta rinforzata. TOMAIA: Tessuto. Vestibilit\u00e0: Ampia. MATERIALE DEL PANNELLO: Tessuto PS. FODERA: Poliestere. MATERIALE SUOLA INTERNA: Tessile, schiuma innovativa ETPU. TESSUTO: verde. nero. ESD. impermeabile. SIMBOLI: Freelock. Resistente ai carburanti. HRO 300. tessuto nailpen PS. Abrasione del tappo. Antiscivolo. Puntale nano. Resistente all'acqua. Ampia durata. MATERIALE DEL TAPPO DI PROTEZIONE DEL PIEDE: NANO composito. CERTIFICAZIONE: EN ISO 20345:2022 S7S FO SR HRO SC<\/p>","protected":false},"excerpt":{"rendered":"<p>Hochwertige, wasserdichte Sneaker mit strapazierf\u00e4higem Textilobermaterial und zus\u00e4tzlischem Schutz an Zehen und Ferse. Die mikropor\u00f6se Membran h\u00e4lt deine F\u00fcsse auch bei schlechtem Wetter trocken. Das seitlich angebrachte Freelock-System erm\u00f6glicht ein einfaches Anziehen und Einstellen &#8211; den ganzen Tag \u00fcber. Die Zunge aus Neopren sorgt f\u00fcr mehr Tragekomfort. Die NANO-Zehenkappe ist robuster, leichter und d\u00fcnner als [&hellip;]<\/p>\n","protected":false},"featured_media":668751,"template":"","meta":[],"product_brand":[],"product_cat":[4197,4209],"product_tag":[],"class_list":{"0":"post-668732","1":"product","2":"type-product","3":"status-publish","4":"has-post-thumbnail","6":"product_cat-schuhe-sandalen","7":"product_cat-zubehoer","8":"pa_brand-blaklaeder","9":"pa_brand-type-workwear","10":"pa_filter-color-orange","12":"first","13":"instock","14":"sale","15":"taxable","16":"shipping-taxable","17":"purchasable","18":"product-type-variable","19":"add-to-wishlist-before_image"},"exclude_global_add_ons":[],"addons":[],"acf":[],"_links":{"self":[{"href":"https:\/\/shop.kustom.ch\/it\/wp-json\/wp\/v2\/product\/668732"}],"collection":[{"href":"https:\/\/shop.kustom.ch\/it\/wp-json\/wp\/v2\/product"}],"about":[{"href":"https:\/\/shop.kustom.ch\/it\/wp-json\/wp\/v2\/types\/product"}],"wp:featuredmedia":[{"embeddable":true,"href":"https:\/\/shop.kustom.ch\/it\/wp-json\/wp\/v2\/media\/668751"}],"wp:attachment":[{"href":"https:\/\/shop.kustom.ch\/it\/wp-json\/wp\/v2\/media?parent=668732"}],"wp:term":[{"taxonomy":"product_brand","embeddable":true,"href":"https:\/\/shop.kustom.ch\/it\/wp-json\/wp\/v2\/product_brand?post=668732"},{"taxonomy":"product_cat","embeddable":true,"href":"https:\/\/shop.kustom.ch\/it\/wp-json\/wp\/v2\/product_cat?post=668732"},{"taxonomy":"product_tag","embeddable":true,"href":"https:\/\/shop.kustom.ch\/it\/wp-json\/wp\/v2\/product_tag?post=668732"}],"curies":[{"name":"wp","href":"https:\/\/api.w.org\/{rel}","templated":true}]}}