{"id":668676,"date":"2025-04-29T19:57:32","date_gmt":"2025-04-29T18:57:32","guid":{"rendered":"https:\/\/shop.kustom.ch\/?post_type=product&#038;p=668676"},"modified":"2026-03-31T08:41:04","modified_gmt":"2026-03-31T07:41:04","slug":"epic-sicherheitsstiefel-s3s","status":"publish","type":"product","link":"https:\/\/shop.kustom.ch\/it\/prodotto\/epic-sicherheitsstiefel-s3s\/","title":{"rendered":"Stivali di sicurezza EPIC S3S"},"content":{"rendered":"<p>Stivali premium di altissima qualit\u00e0 e comfort. Tomaia in pelle nabuk resistente e idrorepellente, con rinforzi sulla punta e sul tallone. Il sistema Freelock sul lato facilita l'indossamento e la regolazione della calzata durante la giornata. La linguetta in neoprene offre un maggiore comfort e gli stivali sono dotati di un puntale in materiale composito privo di metallo e di una protezione morbida e flessibile contro la penetrazione delle unghie, in grado di resistere anche alle unghie pi\u00f9 sottili da 3 mm. Soletta anatomica in materiale ETPU morbido e ammortizzante che, in combinazione con il tessuto che assorbe l'umidit\u00e0 vicino al piede, garantisce un comfort eccezionale. Suola antiscivolo in gomma nitrilica, mentre l'intersuola in PU garantisce un assorbimento ottimale degli urti. Questi stivali sono adatti per lavorare nei settori dell'edilizia, dei trasporti, della manutenzione, della riparazione e dei servizi. Tomaia in pelle nabuk resistente e idrorepellenteSistema di allacciatura laterale Freelock Linguetta in neoprene per il massimo comfort Puntale in materiale composito privo di metalloProtezione flessibile contro la penetrazione non metallica in standard PS Soletta anatomica in materiale ETPU morbido e ammortizzanteIl design della suola garantisce stabilit\u00e0 e aderenza su scale e superfici irregolariSuola antiscivolo in gomma nitrilica<\/p>\n<p>FUNZIONALIT\u00c0: Propriet\u00e0 antistatiche. Soletta traspirante. Testato ESD (approvato secondo la norma IEC 61340-5-1). Rinforzo del tallone. Freelock. Bordo dell'albero imbottito. Suola esterna resistente al calore. Suola esterna oleorepellente. Idrorepellente. Punta rinforzata. TOMAIA: Pelle trattata con olio. Vestibilit\u00e0: Ampia. MATERIALE: Tessile PS. FODERA: Poliestere. MATERIALE SUOLA: Tessile, schiuma innovativa ETPU. TESSUTO: Unisex. blu. verde. Giallo alta visibilit\u00e0. nero. ESD. idrorepellente. SIMBOLI: Freelock. Resistente al carburante. HRO 300. impugnatura della scala. Nailpen tessile PS. Abrasione del tappo. Antiscivolo. Puntale in materiale composito. Forma ampia. USP: Soletta ETPU morbida e modellata anatomicamente. Soletta traspirante. Approvazione ESD. Soluzione Freelock sul lato. Tomaia in pelle nabuk. Suola resistente agli oli. Protezione dalla penetrazione tessile in standard PS. Puntale in composito. Idrorepellente e resistente. Linguetta in neoprene per un maggiore comfort. MATERIALE DEL PLANTARE: Composito. CERTIFICAZIONE: EN ISO 20345:2022 S3S FO SR HRO SC LG<\/p>","protected":false},"excerpt":{"rendered":"<p>Premium-Stiefel von h\u00f6chster Qualit\u00e4t und Komfort. Strapazierf\u00e4higes und wasserabweisendes Obermaterial aus Nubukleder, mit Verst\u00e4rkungen an der Spitze und Ferse. Das seitlich angebrachte Freelock-System erm\u00f6glicht ein einfaches Anziehen und Anpassen der Passform w\u00e4hrend des Tages. Die Zunge aus Neopren sorgt f\u00fcr mehr Komfort.Die Stiefel haben eine metallfreie Zehenkappe aus Verbundwerkstoff und einen weichen, flexiblen Nageldurchtrittschutz, der [&hellip;]<\/p>\n","protected":false},"featured_media":668715,"template":"","meta":[],"product_brand":[],"product_cat":[4197,4209],"product_tag":[],"class_list":{"0":"post-668676","1":"product","2":"type-product","3":"status-publish","4":"has-post-thumbnail","6":"product_cat-schuhe-sandalen","7":"product_cat-zubehoer","8":"pa_brand-blaklaeder","9":"pa_brand-type-workwear","10":"pa_filter-color-braun","11":"pa_filter-color-gruen","13":"first","14":"instock","15":"sale","16":"taxable","17":"shipping-taxable","18":"purchasable","19":"product-type-variable","20":"add-to-wishlist-before_image"},"exclude_global_add_ons":[],"addons":[],"acf":[],"_links":{"self":[{"href":"https:\/\/shop.kustom.ch\/it\/wp-json\/wp\/v2\/product\/668676"}],"collection":[{"href":"https:\/\/shop.kustom.ch\/it\/wp-json\/wp\/v2\/product"}],"about":[{"href":"https:\/\/shop.kustom.ch\/it\/wp-json\/wp\/v2\/types\/product"}],"wp:featuredmedia":[{"embeddable":true,"href":"https:\/\/shop.kustom.ch\/it\/wp-json\/wp\/v2\/media\/668715"}],"wp:attachment":[{"href":"https:\/\/shop.kustom.ch\/it\/wp-json\/wp\/v2\/media?parent=668676"}],"wp:term":[{"taxonomy":"product_brand","embeddable":true,"href":"https:\/\/shop.kustom.ch\/it\/wp-json\/wp\/v2\/product_brand?post=668676"},{"taxonomy":"product_cat","embeddable":true,"href":"https:\/\/shop.kustom.ch\/it\/wp-json\/wp\/v2\/product_cat?post=668676"},{"taxonomy":"product_tag","embeddable":true,"href":"https:\/\/shop.kustom.ch\/it\/wp-json\/wp\/v2\/product_tag?post=668676"}],"curies":[{"name":"wp","href":"https:\/\/api.w.org\/{rel}","templated":true}]}}