{"id":668675,"date":"2025-04-29T19:57:32","date_gmt":"2025-04-29T18:57:32","guid":{"rendered":"https:\/\/shop.kustom.ch\/?post_type=product&#038;p=668675"},"modified":"2026-03-31T08:40:57","modified_gmt":"2026-03-31T07:40:57","slug":"epic-sicherheitsschuh-s3s","status":"publish","type":"product","link":"https:\/\/shop.kustom.ch\/it\/prodotto\/epic-sicherheitsschuh-s3s\/","title":{"rendered":"Scarpa di sicurezza EPIC S3S"},"content":{"rendered":"<p>Scarpe premium di altissima qualit\u00e0 e comfort. Tomaia in pelle nabuk resistente e idrorepellente, con rinforzi sulla punta e sul tallone. Il sistema Freelock sul lato facilita l'indossamento e la regolazione della calzata durante la giornata. La linguetta in neoprene offre un maggiore comfort e le scarpe sono dotate di un puntale in materiale composito privo di metallo e di una protezione morbida e flessibile per la penetrazione delle unghie che soddisfa le elevate esigenze delle unghie pi\u00f9 sottili da 3 mm. Soletta anatomica in materiale ETPU morbido e ammortizzante che, in combinazione con il tessuto che assorbe l'umidit\u00e0 vicino al piede, garantisce un comfort eccezionale. Suola antiscivolo in gomma nitrilica, mentre l'intersuola in PU garantisce un assorbimento ottimale degli urti. Queste scarpe sono adatte per lavorare nei settori dell'edilizia, dei trasporti, della manutenzione, della riparazione e dei servizi. Forma da donna nelle taglie 35-39. - Tomaia in pelle nabuk resistente e idrorepellente - Sistema di allacciatura Freelock sul lato - Linguetta in neoprene per un maggiore comfort - Puntale in materiale composito privo di metallo - Protezione flessibile contro la penetrazione non metallica in PS standard Soletta anatomica in materiale ETPU morbido e ammortizzante- Il design della suola garantisce stabilit\u00e0 e aderenza su scale e superfici irregolari- Suola antiscivolo in gomma nitrilica 2296 EPIC stivali di sicurezza S3SPremium stivali di altissima qualit\u00e0 e comfort. Tomaia in pelle nabuk resistente e idrorepellente con punta e tallone rinforzati. Il sistema Freelock sul lato facilita l'indossamento e la regolazione della calzata durante la giornata. La linguetta in neoprene offre maggiore comfort. Gli scarponi sono dotati di un puntale NANO, pi\u00f9 resistente, leggero e sottile di altri puntali non metallici. Una protezione antiperforazione in tessuto PS flessibile resiste a chiodi sottili di 3 mm. Soletta anatomica in materiale ETPU morbido e ammortizzante che, in combinazione con il tessuto che assorbe l'umidit\u00e0 vicino al piede, garantisce un comfort eccezionale. Suola antiscivolo in gomma nitrilica, mentre l'intersuola in PU garantisce un assorbimento ottimale degli urti. Questi stivali sono adatti per lavorare nei settori dell'edilizia, dei trasporti, della manutenzione, della riparazione e dei servizi. Forma da donna nelle taglie 35-39.Tomaia in pelle nabuk resistente e idrorepellenteSistema di allacciatura laterale freelockLinguetta in neoprene che aumenta il comfortCappello NANO - pi\u00f9 leggero e resistente di altri puntali non metalliciProtezione flessibile contro la penetrazione non metallica in standard PSSoletta anatomica in materiale ETPU morbido e ammortizzanteIl design della suola garantisce stabilit\u00e0 e aderenza su scale e superfici irregolariSuola antiscivolo in gomma nitrilica<\/p>\n<p>FUNZIONALIT\u00c0: Propriet\u00e0 antistatiche. Soletta traspirante. Testato ESD (approvato secondo la norma IEC 61340-5-1). Rinforzo del tallone. Freelock. Bordo dell'albero imbottito. Suola esterna resistente al calore. Suola esterna oleorepellente. Idrorepellente. Punta rinforzata. TOMAIA: Pelle trattata con olio. Vestibilit\u00e0: Ampia. MATERIALE: Tessile PS. FODERA: Poliestere. MATERIALE SUOLA: Tessile, schiuma innovativa ETPU. TESSUTO: Unisex. blu. verde. Giallo alta visibilit\u00e0. nero. ESD. idrorepellente. SIMBOLI: Freelock. Resistente al carburante. HRO 300. impugnatura della scala. Nailpen tessile PS. Abrasione del tappo. Antiscivolo. Puntale in materiale composito. Forma larga. USP: Soletta traspirante. Approvazione ESD. Soluzione Freelock sul lato. Tomaia in pelle nabuk. Suola resistente agli oli. La suola offre stabilit\u00e0 su scale e superfici irregolari. Protezione dalla penetrazione tessile in standard PS. Puntale in materiale composito. Idrorepellente e resistente. Linguetta in neoprene per un maggiore comfort. MATERIALE DEL PLANTARE: Composito. CERTIFICAZIONE: EN ISO 20345:2022 S3S FO SR HRO SC LG<\/p>","protected":false},"excerpt":{"rendered":"<p>Premium-Schuhe von h\u00f6chster Qualit\u00e4t und Komfort. Strapazierf\u00e4higes und wasserabweisendes Obermaterial aus Nubukleder, mit Verst\u00e4rkungen an der Spitze und Ferse. Das seitlich angebrachte Freelock-System erm\u00f6glicht ein einfaches Anziehen und Anpassen der Passform w\u00e4hrend des Tages. Die Zunge aus Neopren sorgt f\u00fcr mehr Komfort.Die Schuhe haben eine metallfreie Komposit-Zehenkappe und einen weichen, flexiblen Nageldurchtrittschutz, der den hohen [&hellip;]<\/p>\n","protected":false},"featured_media":668685,"template":"","meta":[],"product_brand":[],"product_cat":[4197,4209],"product_tag":[],"class_list":{"0":"post-668675","1":"product","2":"type-product","3":"status-publish","4":"has-post-thumbnail","6":"product_cat-schuhe-sandalen","7":"product_cat-zubehoer","8":"pa_brand-blaklaeder","9":"pa_brand-type-workwear","10":"pa_filter-color-braun","11":"pa_filter-color-gruen","13":"first","14":"instock","15":"sale","16":"taxable","17":"shipping-taxable","18":"purchasable","19":"product-type-variable","20":"add-to-wishlist-before_image"},"exclude_global_add_ons":[],"addons":[],"acf":[],"_links":{"self":[{"href":"https:\/\/shop.kustom.ch\/it\/wp-json\/wp\/v2\/product\/668675"}],"collection":[{"href":"https:\/\/shop.kustom.ch\/it\/wp-json\/wp\/v2\/product"}],"about":[{"href":"https:\/\/shop.kustom.ch\/it\/wp-json\/wp\/v2\/types\/product"}],"wp:featuredmedia":[{"embeddable":true,"href":"https:\/\/shop.kustom.ch\/it\/wp-json\/wp\/v2\/media\/668685"}],"wp:attachment":[{"href":"https:\/\/shop.kustom.ch\/it\/wp-json\/wp\/v2\/media?parent=668675"}],"wp:term":[{"taxonomy":"product_brand","embeddable":true,"href":"https:\/\/shop.kustom.ch\/it\/wp-json\/wp\/v2\/product_brand?post=668675"},{"taxonomy":"product_cat","embeddable":true,"href":"https:\/\/shop.kustom.ch\/it\/wp-json\/wp\/v2\/product_cat?post=668675"},{"taxonomy":"product_tag","embeddable":true,"href":"https:\/\/shop.kustom.ch\/it\/wp-json\/wp\/v2\/product_tag?post=668675"}],"curies":[{"name":"wp","href":"https:\/\/api.w.org\/{rel}","templated":true}]}}