{"id":668652,"date":"2025-04-29T19:57:07","date_gmt":"2025-04-29T18:57:07","guid":{"rendered":"https:\/\/shop.kustom.ch\/?post_type=product&#038;p=668652"},"modified":"2026-03-31T08:40:56","modified_gmt":"2026-03-31T07:40:56","slug":"epic-sicherheitsstiefel-wasserdicht-s7s","status":"publish","type":"product","link":"https:\/\/shop.kustom.ch\/it\/prodotto\/epic-sicherheitsstiefel-wasserdicht-s7s\/","title":{"rendered":"Stivali di sicurezza impermeabili EPIC S7S"},"content":{"rendered":"<p>Stivale impermeabile di altissima qualit\u00e0 e comfort. Tomaia in pelle pieno fiore resistente e idrorepellente con rinforzi sulla punta e sul tallone. Gli stivali sono dotati di una membrana microporosa che mantiene i piedi asciutti anche nelle condizioni climatiche pi\u00f9 avverse. Il sistema Freelock sul lato rende facile indossare e regolare la calzata durante la giornata. La linguetta in neoprene aggiunge comfort e gli scarponi sono dotati di un puntale in materiale composito non metallico e di un parachiodi in PS flessibile in grado di sopportare chiodi sottili da 3 mm. Soletta anatomica in materiale ETPU morbido e ammortizzante che, in combinazione con il tessuto assorbiumidit\u00e0 vicino al piede, garantisce un comfort eccellente.Suola antiscivolo in gomma nitrilica, mentre l'intersuola in PU assicura un assorbimento ottimale degli urti.Questi stivali sono adatti per lavorare nei settori dell'edilizia, dei trasporti, della manutenzione, della riparazione e dei servizi. Forma da donna nelle taglie 35-39.Tomaia in pelle pieno fiore resistente e idrorepellente che, in combinazione con la membrana, rende lo stivale impermeabileSistema di allacciatura freelock lateraleLinguetta in neoprene che aumenta il comfortPunta in materiale composito priva di metalloProtezione flessibile contro la penetrazione non metallica in standard PSSoletta anatomica in materiale ETPU morbido e ammortizzanteIl design della suola garantisce stabilit\u00e0 e aderenza su scale e superfici irregolariSuola antiscivolo in gomma nitrilica<\/p>\n<p>FUNZIONALIT\u00c0: Propriet\u00e0 antistatiche. Soletta traspirante. Testato ESD (approvato secondo la norma IEC 61340-5-1). Rinforzo del tallone. Freelock. Bordo dell'albero imbottito. Suola esterna resistente al calore. Suola esterna oleorepellente. Impermeabile. Punta rinforzata. TOMAIA: Pelle intera. Vestibilit\u00e0: Ampia. MATERIALE DEL PANNELLO: Tessile PS. FODERA: Poliestere. MATERIALE SUOLA: Tessile, schiuma innovativa ETPU. TESSUTO: Unisex. Giallo alta visibilit\u00e0. nero. ESD. impermeabile. SIMBOLI: Freelock. Resistente al carburante. HRO 300. Impugnatura della scala. Nailpen tessile PS. Abrasione del tappo. Antiscivolo. Puntale in materiale composito. Resistente all'acqua. Forma ampia. USP: approvazione ESD. Soluzione Freelock sul lato. Suola resistente all'olio. Suola antiscivolo. Protezione dalla penetrazione tessile in standard PS. Puntale in materiale composito. Idrorepellente e resistente. Linguetta in neoprene per un maggiore comfort. MATERIALE DEL PLANTARE: Composito. CERTIFICAZIONE: EN ISO 20345:2022 S7S FO SR HRO SC LG<\/p>","protected":false},"excerpt":{"rendered":"<p>Wasserdichter Premium-Stiefel von h\u00f6chster Qualit\u00e4t und Komfort. Strapazierf\u00e4higes und wasserabweisendes Obermaterial aus Vollnarbenleder, mit Verst\u00e4rkungen an der Spitze und Ferse. Die Stiefel verf\u00fcgen \u00fcber eine Mikroporen-Membran, die Ihre F\u00fcsse auch bei widrigsten Wetterverh\u00e4ltnissen trocken h\u00e4lt. Das seitlich angebrachte Freelock-System erm\u00f6glicht ein einfaches Anziehen und Anpassen der Passform w\u00e4hrend des Tages. Die Zunge aus Neopren sorgt [&hellip;]<\/p>\n","protected":false},"featured_media":668668,"template":"","meta":[],"product_brand":[],"product_cat":[4197,4209],"product_tag":[],"class_list":{"0":"post-668652","1":"product","2":"type-product","3":"status-publish","4":"has-post-thumbnail","6":"product_cat-schuhe-sandalen","7":"product_cat-zubehoer","8":"pa_brand-blaklaeder","9":"pa_brand-type-workwear","10":"pa_filter-color-schwarz","12":"first","13":"instock","14":"sale","15":"taxable","16":"shipping-taxable","17":"purchasable","18":"product-type-variable","19":"add-to-wishlist-before_image"},"exclude_global_add_ons":[],"addons":[],"acf":[],"_links":{"self":[{"href":"https:\/\/shop.kustom.ch\/it\/wp-json\/wp\/v2\/product\/668652"}],"collection":[{"href":"https:\/\/shop.kustom.ch\/it\/wp-json\/wp\/v2\/product"}],"about":[{"href":"https:\/\/shop.kustom.ch\/it\/wp-json\/wp\/v2\/types\/product"}],"wp:featuredmedia":[{"embeddable":true,"href":"https:\/\/shop.kustom.ch\/it\/wp-json\/wp\/v2\/media\/668668"}],"wp:attachment":[{"href":"https:\/\/shop.kustom.ch\/it\/wp-json\/wp\/v2\/media?parent=668652"}],"wp:term":[{"taxonomy":"product_brand","embeddable":true,"href":"https:\/\/shop.kustom.ch\/it\/wp-json\/wp\/v2\/product_brand?post=668652"},{"taxonomy":"product_cat","embeddable":true,"href":"https:\/\/shop.kustom.ch\/it\/wp-json\/wp\/v2\/product_cat?post=668652"},{"taxonomy":"product_tag","embeddable":true,"href":"https:\/\/shop.kustom.ch\/it\/wp-json\/wp\/v2\/product_tag?post=668652"}],"curies":[{"name":"wp","href":"https:\/\/api.w.org\/{rel}","templated":true}]}}