{"id":668533,"date":"2025-04-29T19:55:26","date_gmt":"2025-04-29T18:55:26","guid":{"rendered":"https:\/\/shop.kustom.ch\/?post_type=product&#038;p=668533"},"modified":"2026-03-31T09:15:05","modified_gmt":"2026-03-31T08:15:05","slug":"damen-t-shirt-eagle","status":"publish","type":"product","link":"https:\/\/shop.kustom.ch\/it\/prodotto\/damen-t-shirt-eagle\/","title":{"rendered":"Maglietta da donna Eagle"},"content":{"rendered":"<p>In spiaggia, in vacanza o in un progetto di bricolage, in vero stile Bl\u00e5kl\u00e4der! Questa maglietta comoda, elegante e sicura di s\u00e9, realizzata in misto cotone\/poliestere 60\/40, fa capire al mondo intero cosa siete: \"solido e infrangibile\".<\/p>\n<p>FUNZIONALIT\u00c0: Taglia da donna. Vestibilit\u00e0 regolare. Taglio sartoriale. DETTAGLI: Collo rotondo. Cuciture del collo rinforzate. Cuciture rinforzate sulle spalle. ISTRUZIONI PER IL LAVAGGIO: 40\u00b0 C. Stiratura media. Non candeggiare. Non lavare a secco. Non centrifugare. PROPRIET\u00c0 PRINCIPALI: Lavorazione del calcestruzzo. Posatore di pavimenti. Tettoie. Autisti. Pescatore. Giardiniere. Tuttofare. Idraulico. Magazziniere. Imbianchino. Muratore \/ piastrellista. Meccanico. Addetto alle pulizie. Idraulico. TESSUTO: Donna. bianco. Profilo<\/p>\n<p>100% Cotone, jersey, 150 g\/m\u00b2<\/p>","protected":false},"excerpt":{"rendered":"<p>Hit the beach, holiday, or DIY project in true Bl\u00e5kl\u00e4der style! This comfortable, stylish, and confidence-boosting T-shirt, made from a 60\/40 cotton\/polyester blend, lets the world know exactly what you are: &#8217;solid and unbreakable&#8216;. FUNKTIONALIT\u00c4T: Damengr\u00f6sse. Normale Passform. Tailliert geschnitten. DETAILS: Rundhals. Verst\u00e4rkte Halsn\u00e4hte. Verst\u00e4rkte Schultern\u00e4hte. WASCHANLEITUNG: 40\u00b0 C. B\u00fcgeln &#8211; mittel. Nicht bleichen. Nicht [&hellip;]<\/p>\n","protected":false},"featured_media":668590,"template":"","meta":[],"product_brand":[],"product_cat":[4201],"product_tag":[],"class_list":{"0":"post-668533","1":"product","2":"type-product","3":"status-publish","4":"has-post-thumbnail","6":"product_cat-t-shirts","7":"pa_brand-blaklaeder","8":"pa_brand-type-workwear","9":"pa_filter-color-schwarz","10":"pa_filter-color-weiss","12":"first","13":"instock","14":"sale","15":"taxable","16":"shipping-taxable","17":"purchasable","18":"product-type-variable","19":"add-to-wishlist-before_image"},"exclude_global_add_ons":[],"addons":[],"acf":[],"_links":{"self":[{"href":"https:\/\/shop.kustom.ch\/it\/wp-json\/wp\/v2\/product\/668533"}],"collection":[{"href":"https:\/\/shop.kustom.ch\/it\/wp-json\/wp\/v2\/product"}],"about":[{"href":"https:\/\/shop.kustom.ch\/it\/wp-json\/wp\/v2\/types\/product"}],"wp:featuredmedia":[{"embeddable":true,"href":"https:\/\/shop.kustom.ch\/it\/wp-json\/wp\/v2\/media\/668590"}],"wp:attachment":[{"href":"https:\/\/shop.kustom.ch\/it\/wp-json\/wp\/v2\/media?parent=668533"}],"wp:term":[{"taxonomy":"product_brand","embeddable":true,"href":"https:\/\/shop.kustom.ch\/it\/wp-json\/wp\/v2\/product_brand?post=668533"},{"taxonomy":"product_cat","embeddable":true,"href":"https:\/\/shop.kustom.ch\/it\/wp-json\/wp\/v2\/product_cat?post=668533"},{"taxonomy":"product_tag","embeddable":true,"href":"https:\/\/shop.kustom.ch\/it\/wp-json\/wp\/v2\/product_tag?post=668533"}],"curies":[{"name":"wp","href":"https:\/\/api.w.org\/{rel}","templated":true}]}}