{"id":668382,"date":"2025-04-29T19:53:57","date_gmt":"2025-04-29T18:53:57","guid":{"rendered":"https:\/\/shop.kustom.ch\/?post_type=product&#038;p=668382"},"modified":"2026-03-31T09:10:52","modified_gmt":"2026-03-31T08:10:52","slug":"damen-multinorm-arbeitshose-inhaerent-mit-stretch-4","status":"publish","type":"product","link":"https:\/\/shop.kustom.ch\/it\/prodotto\/damen-multinorm-arbeitshose-inhaerent-mit-stretch-4\/","title":{"rendered":"Pantaloni da lavoro multinormali da donna con elasticit\u00e0 intrinseca"},"content":{"rendered":"<p>Pantaloni ignifughi con vestibilit\u00e0 femminile che soddisfano tutti i requisiti di un abbigliamento da lavoro resistente e sono adatti a lavori di manutenzione con requisiti di sicurezza e protezione.Questi pantaloni, repellenti all'olio, allo sporco e all'acqua, sono dotati di pannelli elasticizzati per una maggiore mobilit\u00e0 e flessibilit\u00e0 e di pratiche tasche esterne per ginocchiere con rinforzo in CORDURA\u00ae\/Kevlar\u00ae\/Protal\u00ae.Certificati secondo EN 14404, EN 1149-5, EN ISO 20471-2, EN ISO 11612, IEC 61482-2. atpv, 10,7 cal\/cm\u00b2 (si applica al materiale elasticizzato).<\/p>\n<p>FUNZIONALIT\u00c0: Senza metallo. Superficie oleorepellente, antisporco e idrorepellente. Inserto elasticizzato sul cavallo e sul sedile. DETTAGLI: Tasca portadocumenti staccabile per indumenti ignifughi. Etichette di certificazione esterne. Bottoni in plastica. Zip in plastica sul cavallo. Passanti, uno con anello a D. Vita elasticizzata. TASCHE: Tasca sulla gamba con soffietto e pattina. Tasca posteriore. Tasche esterne per ginocchiere. Tasche laterali. Tasca rinforzata per righello con portacoltelli e portapenne. RINFORZO: CORDURA\u00ae\/Kevlar\u00ae\/Protal\u00ae - rinforzato sulle ginocchia. REFLEX: strisce riflettenti ignifughe con doppie cuciture. ISTRUZIONI DI LAVAGGIO: 60\u00b0 C. Non candeggiare. Non stirare. Non lavare a secco. Asciugare in asciugatrice a bassa temperatura. PROPRIET\u00c0 PRINCIPALI: Elettricista. Tuttofare. Lavoratori dei servizi. Lavoratori stradali e dell'edilizia. EN 1149-5. EN 14004. EN 61482-2. EN ISO 11612. EN ISO 20471. TESSUTO: Donna. blu. Giallo alta visibilit\u00e0. Tasche per ginocchiere. Senza metallo. Ritardante di fiamma. CERTIFICAZIONE: EN 1149-5. EN 14404 2004+A1 2010, Tipo 1, Livello 1 insieme alla ginocchiera Art. 4027. EN ISO 11612 A1, B1, C1, F1. EN ISO 20471, classe 2. max. 50 lavaggi. Gruppo di certificazione Y. ATPV - 10,7 cal\/cm\u00b2. IEC 61482-2, APC 1<\/p>\n<p>44% modacrilico, 30% cotone, 20% poliammide FR, 5% aramide, 1% antistatico, ripstop, ignifugo, antistatico, 260 g\/m\u00b2<\/p>","protected":false},"excerpt":{"rendered":"<p>Flammhemmende Hose mit Damenpassform, die alle Anforderungen an eine strapazierf\u00e4hige Arbeitskleidung erf\u00fcllt, und f\u00fcr Wartungsarbeiten mit Anforderungen an Sicherheit und Schutz geeignet ist.Diese \u00f6l-, schmutz- und wasserabweisende Hose verf\u00fcgt \u00fcber Stretcheins\u00e4tze f\u00fcr mehr Beweglichkeit und Flexibilit\u00e4t und praktische, externe Kniepolstertaschen mit CORDURA\u00ae\/Kevlar\u00ae\/Protal\u00ae-Verst\u00e4rkung.Zertifiziert nach EN 14404, EN 1149-5, EN ISO 20471-2, EN ISO 11612, IEC 61482-2. [&hellip;]<\/p>\n","protected":false},"featured_media":668412,"template":"","meta":[],"product_brand":[],"product_cat":[4185],"product_tag":[],"class_list":{"0":"post-668382","1":"product","2":"type-product","3":"status-publish","4":"has-post-thumbnail","6":"product_cat-hosen","7":"pa_brand-blaklaeder","8":"pa_brand-type-workwear","9":"pa_filter-color-blau","10":"pa_filter-color-gelb","12":"first","13":"instock","14":"sale","15":"taxable","16":"shipping-taxable","17":"purchasable","18":"product-type-variable","19":"add-to-wishlist-before_image"},"exclude_global_add_ons":[],"addons":[],"acf":[],"_links":{"self":[{"href":"https:\/\/shop.kustom.ch\/it\/wp-json\/wp\/v2\/product\/668382"}],"collection":[{"href":"https:\/\/shop.kustom.ch\/it\/wp-json\/wp\/v2\/product"}],"about":[{"href":"https:\/\/shop.kustom.ch\/it\/wp-json\/wp\/v2\/types\/product"}],"wp:featuredmedia":[{"embeddable":true,"href":"https:\/\/shop.kustom.ch\/it\/wp-json\/wp\/v2\/media\/668412"}],"wp:attachment":[{"href":"https:\/\/shop.kustom.ch\/it\/wp-json\/wp\/v2\/media?parent=668382"}],"wp:term":[{"taxonomy":"product_brand","embeddable":true,"href":"https:\/\/shop.kustom.ch\/it\/wp-json\/wp\/v2\/product_brand?post=668382"},{"taxonomy":"product_cat","embeddable":true,"href":"https:\/\/shop.kustom.ch\/it\/wp-json\/wp\/v2\/product_cat?post=668382"},{"taxonomy":"product_tag","embeddable":true,"href":"https:\/\/shop.kustom.ch\/it\/wp-json\/wp\/v2\/product_tag?post=668382"}],"curies":[{"name":"wp","href":"https:\/\/api.w.org\/{rel}","templated":true}]}}