{"id":668379,"date":"2025-04-29T19:53:57","date_gmt":"2025-04-29T18:53:57","guid":{"rendered":"https:\/\/shop.kustom.ch\/?post_type=product&#038;p=668379"},"modified":"2026-03-31T09:13:41","modified_gmt":"2026-03-31T08:13:41","slug":"damen-malershorts-stretch","status":"publish","type":"product","link":"https:\/\/shop.kustom.ch\/it\/prodotto\/damen-malershorts-stretch\/","title":{"rendered":"PANTALONCINI DA PITTORE DA DONNA ELASTICIZZATI"},"content":{"rendered":"<p>Pantaloncini da pittore comodi e leggeri, con vestibilit\u00e0 specifica per le donne, realizzati in materiale sottile elasticizzato a 2 vie con pannelli elasticizzati a 4 vie per il massimo comfort dove \u00e8 pi\u00f9 necessario. I pantaloncini sono dotati di vita regolabile, tasche integrate per le unghie, pratiche tasche rinforzate e una tasca di riempimento appositamente adattata e rinforzata. Disponibile anche come modello da uomo 1772.<\/p>\n<p>FUNZIONALIT\u00c0: elasticizzato a 2 vie con inserti elasticizzati a 4 vie. Vestibilit\u00e0 regolare. DETTAGLI: Tasca per carte d'identit\u00e0 staccabile. Bottoni in metallo. Portacoltelli con bottone. Zip in plastica sul cavallo. Ampio passante sul retro. Anello a D sulla cintura. TASCHE: Tasca sulla gamba con soffietto e patta con chiusura a velcro e tasca interna per cellulare in rete. Tasca sulla gamba appositamente studiata per spatole e pennelli. Tasche posteriori rinforzate con soffietti. Tasche laterali. Tasche portautensili. RINFORZO: Tasca posteriore rinforzata in CORDURA\u00ae. Tasca per spatole e tasca per unghie rinforzate in CORDURA\u00ae. REFLEX: dettagli riflettenti. ISTRUZIONI DI LAVAGGIO: 40\u00b0 C. Non candeggiare. Non stirare. Non lavare a secco. Non centrifugare. PROPRIET\u00c0 PRINCIPALI: Pittori. Signore. TESSUTO: Donna. nero. bianco. Stretch. Tasche per attrezzi. Pittori. elasticizzato<\/p>\n<p>63% poliestere, 33% cotone, 4% elastofin, twill, elasticizzato, 260 g\/m\u00b2<\/p>","protected":false},"excerpt":{"rendered":"<p>Bequeme, leichte Malershorts mit frauenspezifischer Passform aus d\u00fcnnerem 2-Wege-Stretch-Material mit 4-Wege-Stretch-Eins\u00e4tzen, die dort f\u00fcr ultimativen Komfort sorgen, wo er am n\u00f6tigsten ist. Die Shorts verf\u00fcgen \u00fcber einen verstellbaren Bund, integrierte Nageltaschen, praktische verst\u00e4rkte Taschen und eine speziell angepasste, verst\u00e4rkte Einf\u00fclltasche. Auch als Herrenmodell 1772 erh\u00e4ltlich. FUNKTIONALIT\u00c4T: 2-Wege-Stretch mit 4-Wege-Stretch-Eins\u00e4tzen. Normale Passform. DETAILS: Abnehmbare Ausweistasche. Metallkn\u00f6pfe. [&hellip;]<\/p>\n","protected":false},"featured_media":668401,"template":"","meta":[],"product_brand":[],"product_cat":[4198],"product_tag":[],"class_list":{"0":"post-668379","1":"product","2":"type-product","3":"status-publish","4":"has-post-thumbnail","6":"product_cat-shorts","7":"pa_brand-blaklaeder","8":"pa_brand-type-workwear","9":"pa_filter-color-schwarz","10":"pa_filter-color-weiss","12":"first","13":"instock","14":"sale","15":"taxable","16":"shipping-taxable","17":"purchasable","18":"product-type-variable","19":"add-to-wishlist-before_image"},"exclude_global_add_ons":[],"addons":[],"acf":[],"_links":{"self":[{"href":"https:\/\/shop.kustom.ch\/it\/wp-json\/wp\/v2\/product\/668379"}],"collection":[{"href":"https:\/\/shop.kustom.ch\/it\/wp-json\/wp\/v2\/product"}],"about":[{"href":"https:\/\/shop.kustom.ch\/it\/wp-json\/wp\/v2\/types\/product"}],"wp:featuredmedia":[{"embeddable":true,"href":"https:\/\/shop.kustom.ch\/it\/wp-json\/wp\/v2\/media\/668401"}],"wp:attachment":[{"href":"https:\/\/shop.kustom.ch\/it\/wp-json\/wp\/v2\/media?parent=668379"}],"wp:term":[{"taxonomy":"product_brand","embeddable":true,"href":"https:\/\/shop.kustom.ch\/it\/wp-json\/wp\/v2\/product_brand?post=668379"},{"taxonomy":"product_cat","embeddable":true,"href":"https:\/\/shop.kustom.ch\/it\/wp-json\/wp\/v2\/product_cat?post=668379"},{"taxonomy":"product_tag","embeddable":true,"href":"https:\/\/shop.kustom.ch\/it\/wp-json\/wp\/v2\/product_tag?post=668379"}],"curies":[{"name":"wp","href":"https:\/\/api.w.org\/{rel}","templated":true}]}}