{"id":668324,"date":"2025-04-29T19:53:29","date_gmt":"2025-04-29T18:53:29","guid":{"rendered":"https:\/\/shop.kustom.ch\/?post_type=product&#038;p=668324"},"modified":"2026-03-31T09:13:40","modified_gmt":"2026-03-31T08:13:40","slug":"damen-malerhose-stretch","status":"publish","type":"product","link":"https:\/\/shop.kustom.ch\/it\/prodotto\/damen-malerhose-stretch\/","title":{"rendered":"PANTALONI DA PITTURA DA DONNA ELASTICIZZATI"},"content":{"rendered":"<p>Pantaloni da pittore comodi e leggeri, realizzati in un sottile tessuto elasticizzato a 2 vie, arricchito da pannelli elasticizzati a 4 vie per il massimo comfort dove \u00e8 pi\u00f9 necessario. I pantaloni sono dotati di vita regolabile, tasche fisse per le unghie, tasche rinforzate e una tasca rinforzata personalizzata. La tasca inferiore per ginocchiere con CORDURA\u00ae stretch garantisce una durata e una flessibilit\u00e0 affidabili, per consentirvi di lavorare in modo efficiente e confortevole per tutto il giorno. Disponibile anche come modello da uomo 1770.<\/p>\n<p>FUNZIONALIT\u00c0: elasticizzato a 2 vie con inserti elasticizzati a 4 vie. Gambe dei pantaloni particolarmente ergonomiche. Vestibilit\u00e0 regolare. DETTAGLI: Tasca per carte d'identit\u00e0 staccabile. Bottoni in metallo. Portacoltelli con bottone. Zip in plastica sul cavallo. Ampio passante sul retro. Anello a D sulla cintura. TASCHE: Tasca sulla gamba con soffietto e patta con chiusura a velcro e tasca interna per cellulare in rete. Tasca sulla gamba appositamente studiata per spatole e pennelli. Tasche posteriori rinforzate con soffietti. Tasche esterne per ginocchiere. Tasche laterali. Tasche porta attrezzi. RINFORZO: tasche portautensili, tasche posteriori, tasche personalizzate e ginocchia rinforzate in CORDURA\u00ae 1000. RIFLESSIONE: Dettagli riflettenti sulla gamba. CHIUSURA: estremit\u00e0 posteriori della gamba rinforzate. ISTRUZIONI DI LAVAGGIO: 40\u00b0 C. Non candeggiare. Non stirare. Non lavare a secco. Non centrifugare. PROPRIET\u00c0 PRINCIPALI: Vernice. EN 14004. TESSUTO: Donna. nero. bianco. Tasche per ginocchiere. Stretch. Tasche per attrezzi. Verniciatore. elasticizzato. USP: elasticizzato a 2 vie. Tasche per ginocchiere rinforzate in CORDURA\u00ae. Dettagli riflettenti. Inserti elasticizzati. Tasche portautensili. CERTIFICAZIONE: EN 14404:2004+A1:2010 insieme alle ginocchiere 4027, 4057, 4058 e 4032.<\/p>\n<p>63% poliestere, 33% cotone, 4% elastofin, twill, elasticizzato, 260 g\/m\u00b2<\/p>","protected":false},"excerpt":{"rendered":"<p>Eine bequeme, leichte Malerhose aus einem d\u00fcnneren 2-Wege-Stretch-Material, das mit 4-Wege-Stretch-Eins\u00e4tzen verbessert wurde, die dort f\u00fcr ultimativen Komfort sorgen, wo er am meisten ben\u00f6tigt wird. Die Hose verf\u00fcgt \u00fcber einen verstellbaren Bund, fest angebrachte Nageltaschen, verst\u00e4rkte Taschen und eine speziell angepasste, verst\u00e4rkte Einschubtasche. Die unten angebrachte Kniepolstertasche mit CORDURA\u00ae-Stretch sorgt f\u00fcr zuverl\u00e4ssige Haltbarkeit und Flexibilit\u00e4t, [&hellip;]<\/p>\n","protected":false},"featured_media":668378,"template":"","meta":[],"product_brand":[],"product_cat":[4185],"product_tag":[],"class_list":{"0":"post-668324","1":"product","2":"type-product","3":"status-publish","4":"has-post-thumbnail","6":"product_cat-hosen","7":"pa_brand-blaklaeder","8":"pa_brand-type-workwear","9":"pa_filter-color-schwarz","10":"pa_filter-color-weiss","12":"first","13":"instock","14":"sale","15":"taxable","16":"shipping-taxable","17":"purchasable","18":"product-type-variable","19":"add-to-wishlist-before_image"},"exclude_global_add_ons":[],"addons":[],"acf":[],"_links":{"self":[{"href":"https:\/\/shop.kustom.ch\/it\/wp-json\/wp\/v2\/product\/668324"}],"collection":[{"href":"https:\/\/shop.kustom.ch\/it\/wp-json\/wp\/v2\/product"}],"about":[{"href":"https:\/\/shop.kustom.ch\/it\/wp-json\/wp\/v2\/types\/product"}],"wp:featuredmedia":[{"embeddable":true,"href":"https:\/\/shop.kustom.ch\/it\/wp-json\/wp\/v2\/media\/668378"}],"wp:attachment":[{"href":"https:\/\/shop.kustom.ch\/it\/wp-json\/wp\/v2\/media?parent=668324"}],"wp:term":[{"taxonomy":"product_brand","embeddable":true,"href":"https:\/\/shop.kustom.ch\/it\/wp-json\/wp\/v2\/product_brand?post=668324"},{"taxonomy":"product_cat","embeddable":true,"href":"https:\/\/shop.kustom.ch\/it\/wp-json\/wp\/v2\/product_cat?post=668324"},{"taxonomy":"product_tag","embeddable":true,"href":"https:\/\/shop.kustom.ch\/it\/wp-json\/wp\/v2\/product_tag?post=668324"}],"curies":[{"name":"wp","href":"https:\/\/api.w.org\/{rel}","templated":true}]}}