{"id":668273,"date":"2025-04-29T19:52:57","date_gmt":"2025-04-29T18:52:57","guid":{"rendered":"https:\/\/shop.kustom.ch\/?post_type=product&#038;p=668273"},"modified":"2026-03-31T09:02:54","modified_gmt":"2026-03-31T08:02:54","slug":"fleecejacke-fuer-damen","status":"publish","type":"product","link":"https:\/\/shop.kustom.ch\/it\/prodotto\/fleecejacke-fuer-damen\/","title":{"rendered":"GIACCA IN PILE DA DONNA"},"content":{"rendered":"<p>Giacca calda, confortevole ed estremamente utile, realizzata in morbido pile trattato anti-pilling. La giacca \u00e8 dotata di due ampie tasche anteriori e di una parte posteriore pi\u00f9 lunga per un maggiore comfort. Disponibile anche nel modello 4830 da uomo.<\/p>\n<p>DETTAGLI: Colletto foderato in pile. TASCHE: Tasca sul petto con zip. Tasche anteriori con cerniera. CHIUSURA ANTERIORE: zip in plastica a 2 vie. CHIUSURA: Polsini elasticizzati. Fascia elastica sull'orlo inferiore. Schiena allungata. ISTRUZIONI DI LAVAGGIO: 40\u00b0 C. Lavare a secco - P normale. Non candeggiare. Non stirare. Non centrifugare. PROPRIET\u00c0 PRINCIPALI: Tetto. Autista. Pescatore. Giardiniere. Tuttofare. Magazziniere. Imbianchino. Addetto alle pulizie. TESSUTO: Donna. blu. nero. Vento \/ bagnato \/ freddo<\/p>\n<p>100 poliestere %, pile, anti-pilling, 260 g\/m\u00b2<\/p>","protected":false},"excerpt":{"rendered":"<p>Warme, bequeme und \u00e4usserst n\u00fctzliche Jacke aus weichem, antipillingbehandeltem Fleecematerial. Die Jacke verf\u00fcgt \u00fcber zwei ger\u00e4umige Vordertaschen und einen l\u00e4ngeren R\u00fcckenabschnitt f\u00fcr mehr Komfort. Auch als Herrenmodell 4830 erh\u00e4ltlich. DETAILS: Fleecegef\u00fctterter Kragen. TASCHEN: Brusttasche mit Reissverschluss. Vordertaschen mit Reissverschl\u00fcssen. FRONTVERSCHLUSS: 2-Wege-Reissverschluss aus Kunststoff. ABSCHLUSS: \u00c4rmelb\u00fcndchen mit Gummizug. Elastisches Band im unteren Saum. Verl\u00e4ngerter R\u00fccken. WASCHANLEITUNG: [&hellip;]<\/p>\n","protected":false},"featured_media":668323,"template":"","meta":[],"product_brand":[],"product_cat":[4186],"product_tag":[],"class_list":{"0":"post-668273","1":"product","2":"type-product","3":"status-publish","4":"has-post-thumbnail","6":"product_cat-jacken","7":"pa_brand-blaklaeder","8":"pa_brand-type-workwear","9":"pa_filter-color-blau","10":"pa_filter-color-schwarz","12":"first","13":"instock","14":"sale","15":"taxable","16":"shipping-taxable","17":"purchasable","18":"product-type-variable","19":"add-to-wishlist-before_image"},"exclude_global_add_ons":[],"addons":[],"acf":[],"_links":{"self":[{"href":"https:\/\/shop.kustom.ch\/it\/wp-json\/wp\/v2\/product\/668273"}],"collection":[{"href":"https:\/\/shop.kustom.ch\/it\/wp-json\/wp\/v2\/product"}],"about":[{"href":"https:\/\/shop.kustom.ch\/it\/wp-json\/wp\/v2\/types\/product"}],"wp:featuredmedia":[{"embeddable":true,"href":"https:\/\/shop.kustom.ch\/it\/wp-json\/wp\/v2\/media\/668323"}],"wp:attachment":[{"href":"https:\/\/shop.kustom.ch\/it\/wp-json\/wp\/v2\/media?parent=668273"}],"wp:term":[{"taxonomy":"product_brand","embeddable":true,"href":"https:\/\/shop.kustom.ch\/it\/wp-json\/wp\/v2\/product_brand?post=668273"},{"taxonomy":"product_cat","embeddable":true,"href":"https:\/\/shop.kustom.ch\/it\/wp-json\/wp\/v2\/product_cat?post=668273"},{"taxonomy":"product_tag","embeddable":true,"href":"https:\/\/shop.kustom.ch\/it\/wp-json\/wp\/v2\/product_tag?post=668273"}],"curies":[{"name":"wp","href":"https:\/\/api.w.org\/{rel}","templated":true}]}}