{"id":668153,"date":"2025-04-29T19:52:10","date_gmt":"2025-04-29T18:52:10","guid":{"rendered":"https:\/\/shop.kustom.ch\/?post_type=product&#038;p=668153"},"modified":"2026-03-31T08:35:52","modified_gmt":"2026-03-31T07:35:52","slug":"unterhose-light","status":"publish","type":"product","link":"https:\/\/shop.kustom.ch\/it\/prodotto\/unterhose-light\/","title":{"rendered":"PANTALONCINI LEGGERI"},"content":{"rendered":"<p>I pantaloni LIGHT allontanano efficacemente l'umidit\u00e0 dalla pelle. Sono realizzati in poliestere, che risulta morbido sulla pelle e mantiene il corpo caldo, asciutto e confortevole durante tutti i tipi di attivit\u00e0 fisica. La maglia a canali crea un'intercapedine d'aria tra il corpo e l'indumento, aumentando l'isolamento. Utili in tutte le stagioni, da +10\u00b0C a -10\u00b0C, quando \u00e8 necessario un trasporto funzionale dell'umidit\u00e0 vicino alla pelle.<\/p>\n<p>FUNZIONALIT\u00c0: Temperatura consigliata da +10\u00b0C a -10\u00b0C. Tessuto ad alto trasporto di umidit\u00e0. DETTAGLI: Pannelli con grande stampa Bl\u00e5kl\u00e4der. Etichetta della taglia stampata. Cuciture a contrasto. Vita elasticizzata. FINITURA: Polsini elasticizzati. ISTRUZIONI DI LAVAGGIO: 40\u00b0 C - delicato. Stirare a bassa temperatura. Non candeggiare. Non lavare a secco. Asciugare in asciugatrice - a bassa temperatura. TESSUTO: Uomo. blu. nero. Vento \/ bagnato \/ freddo<\/p>\n<p>100 poliestere %, maglia a coste, regolazione dell'umidit\u00e0, 170 g\/m\u00b2<\/p>","protected":false},"excerpt":{"rendered":"<p>Die Unterhose LIGHT leitet Feuchtigkeit effektiv von der Haut weg. Sie besteht aus Polyester, das sich weich auf der Haut anf\u00fchlt und den K\u00f6rper bei allen Arten von k\u00f6rperlichen Aktivit\u00e4ten warm, trocken und komfortabel h\u00e4lt. Durch das Kanalgestrick entsteht ein Luftspalt zwischen dem K\u00f6rper und dem Kleidungsst\u00fcck, der die Isolierung erh\u00f6ht. N\u00fctzlich in allen Jahreszeiten, [&hellip;]<\/p>\n","protected":false},"featured_media":668177,"template":"","meta":[],"product_brand":[],"product_cat":[4206],"product_tag":[],"class_list":{"0":"post-668153","1":"product","2":"type-product","3":"status-publish","4":"has-post-thumbnail","6":"product_cat-underwear","7":"pa_brand-blaklaeder","8":"pa_brand-type-workwear","9":"pa_filter-color-blau","10":"pa_filter-color-schwarz","12":"first","13":"instock","14":"sale","15":"taxable","16":"shipping-taxable","17":"purchasable","18":"product-type-variable","19":"add-to-wishlist-before_image"},"exclude_global_add_ons":[],"addons":[],"acf":[],"_links":{"self":[{"href":"https:\/\/shop.kustom.ch\/it\/wp-json\/wp\/v2\/product\/668153"}],"collection":[{"href":"https:\/\/shop.kustom.ch\/it\/wp-json\/wp\/v2\/product"}],"about":[{"href":"https:\/\/shop.kustom.ch\/it\/wp-json\/wp\/v2\/types\/product"}],"wp:featuredmedia":[{"embeddable":true,"href":"https:\/\/shop.kustom.ch\/it\/wp-json\/wp\/v2\/media\/668177"}],"wp:attachment":[{"href":"https:\/\/shop.kustom.ch\/it\/wp-json\/wp\/v2\/media?parent=668153"}],"wp:term":[{"taxonomy":"product_brand","embeddable":true,"href":"https:\/\/shop.kustom.ch\/it\/wp-json\/wp\/v2\/product_brand?post=668153"},{"taxonomy":"product_cat","embeddable":true,"href":"https:\/\/shop.kustom.ch\/it\/wp-json\/wp\/v2\/product_cat?post=668153"},{"taxonomy":"product_tag","embeddable":true,"href":"https:\/\/shop.kustom.ch\/it\/wp-json\/wp\/v2\/product_tag?post=668153"}],"curies":[{"name":"wp","href":"https:\/\/api.w.org\/{rel}","templated":true}]}}