{"id":668048,"date":"2025-04-29T19:51:04","date_gmt":"2025-04-29T18:51:04","guid":{"rendered":"https:\/\/shop.kustom.ch\/?post_type=product&#038;p=668048"},"modified":"2026-03-31T08:34:42","modified_gmt":"2026-03-31T07:34:42","slug":"malerhose-stretch-2","status":"publish","type":"product","link":"https:\/\/shop.kustom.ch\/it\/prodotto\/malerhose-stretch-2\/","title":{"rendered":"PANTALONI DA PITTORE ELASTICIZZATI"},"content":{"rendered":"<p>Pantaloni da pittore comodi e leggeri, realizzati in un sottile materiale elasticizzato a 2 vie con pannelli elasticizzati a 4 vie per il massimo comfort dove \u00e8 pi\u00f9 necessario. I pantaloni sono dotati di tasche rinforzate e di una tasca a fessura appositamente adattata e rinforzata. La tasca inferiore per ginocchiera con CORDURA\u00ae stretch garantisce una durata e una flessibilit\u00e0 affidabili, per lavorare in modo efficiente e confortevole tutto il giorno.<\/p>\n<p>FUNZIONALIT\u00c0: elasticizzato a 2 vie con inserti elasticizzati a 4 vie. Gambe dei pantaloni particolarmente ergonomiche. Vestibilit\u00e0 regolare. DETTAGLI: Tasca per carte d'identit\u00e0 staccabile. Bottoni in metallo. Portacoltelli con bottone. Zip in plastica sul cavallo. Ampio passante sul retro. Anello a D sulla cintura. TASCHE: Tasca sulla gamba con soffietto e patta con chiusura a velcro e tasca interna per cellulare in rete. Tasca sulla gamba appositamente studiata per spatole e pennelli. Tasche posteriori rinforzate con soffietti. Tasche esterne per ginocchiere. Tasche laterali. RINFORZO: rinforzo in CORDURA\u00ae 1000 sulle ginocchia e sulle tasche posteriori. Tasca di riempimento rinforzata in CORDURA\u00ae. REFLEX: Dettagli riflettenti sulla gamba. CHIUSURA: Polsini posteriori della gamba rinforzati. ISTRUZIONI DI LAVAGGIO: 40\u00b0 C. Non candeggiare. Non stirare. Non lavare a secco. Non centrifugare. PROPRIET\u00c0 PRINCIPALI: Vernice. EN 14004. TESSUTO: Uomo. nero. bianco. Tasche per ginocchiere. Stretch. Vernice. Stretch. USP: elasticizzato a 2 vie. Tasche per ginocchiere in CORDURA\u00ae stretch rinforzato. Dettagli riflettenti. Inserti elasticizzati. Gambe preformate. Tasche per attrezzi. CERTIFICAZIONE: EN 14404:2004+A1:2010 insieme alle ginocchiere 4027, 4057, 4058 e 4032.<\/p>\n<p>63% poliestere, 33% cotone, 4% elastofin, twill, elasticizzato, 260 g\/m\u00b2<\/p>","protected":false},"excerpt":{"rendered":"<p>Eine bequeme, leichte Malerhose aus einem d\u00fcnneren 2-Wege-Stretch-Material mit 4-Wege-Stretch-Eins\u00e4tzen, die f\u00fcr ultimativen Komfort sorgen, wo er am meisten gebraucht wird. Die Hose hat verst\u00e4rkte Taschen und eine speziell angepasste, verst\u00e4rkte Einschubtasche. Die unten liegende Kniepolstertasche mit CORDURA\u00ae-Stretch sorgt f\u00fcr zuverl\u00e4ssige Haltbarkeit und Flexibilit\u00e4t, so dass man den ganzen Tag \u00fcber effizient und bequem arbeiten [&hellip;]<\/p>\n","protected":false},"featured_media":668095,"template":"","meta":[],"product_brand":[],"product_cat":[4185],"product_tag":[],"class_list":{"0":"post-668048","1":"product","2":"type-product","3":"status-publish","4":"has-post-thumbnail","6":"product_cat-hosen","7":"pa_brand-blaklaeder","8":"pa_brand-type-workwear","9":"pa_filter-color-schwarz","10":"pa_filter-color-weiss","12":"first","13":"instock","14":"sale","15":"taxable","16":"shipping-taxable","17":"purchasable","18":"product-type-variable","19":"add-to-wishlist-before_image"},"exclude_global_add_ons":[],"addons":[],"acf":[],"_links":{"self":[{"href":"https:\/\/shop.kustom.ch\/it\/wp-json\/wp\/v2\/product\/668048"}],"collection":[{"href":"https:\/\/shop.kustom.ch\/it\/wp-json\/wp\/v2\/product"}],"about":[{"href":"https:\/\/shop.kustom.ch\/it\/wp-json\/wp\/v2\/types\/product"}],"wp:featuredmedia":[{"embeddable":true,"href":"https:\/\/shop.kustom.ch\/it\/wp-json\/wp\/v2\/media\/668095"}],"wp:attachment":[{"href":"https:\/\/shop.kustom.ch\/it\/wp-json\/wp\/v2\/media?parent=668048"}],"wp:term":[{"taxonomy":"product_brand","embeddable":true,"href":"https:\/\/shop.kustom.ch\/it\/wp-json\/wp\/v2\/product_brand?post=668048"},{"taxonomy":"product_cat","embeddable":true,"href":"https:\/\/shop.kustom.ch\/it\/wp-json\/wp\/v2\/product_cat?post=668048"},{"taxonomy":"product_tag","embeddable":true,"href":"https:\/\/shop.kustom.ch\/it\/wp-json\/wp\/v2\/product_tag?post=668048"}],"curies":[{"name":"wp","href":"https:\/\/api.w.org\/{rel}","templated":true}]}}