{"id":668047,"date":"2025-04-29T19:51:04","date_gmt":"2025-04-29T18:51:04","guid":{"rendered":"https:\/\/shop.kustom.ch\/?post_type=product&#038;p=668047"},"modified":"2026-03-31T08:34:41","modified_gmt":"2026-03-31T07:34:41","slug":"malerhose-stretch","status":"publish","type":"product","link":"https:\/\/shop.kustom.ch\/it\/prodotto\/malerhose-stretch\/","title":{"rendered":"PANTALONI DA PITTORE ELASTICIZZATI"},"content":{"rendered":"<p>Pantaloni da pittore comodi e leggeri in un sottile tessuto elasticizzato a 2 vie con pannelli elasticizzati a 4 vie per il massimo comfort dove serve di pi\u00f9, con tasche fisse per i chiodi, pratiche tasche rinforzate e una tasca di riempimento rinforzata personalizzata. La tasca inferiore per ginocchiere con CORDURA\u00ae stretch garantisce una durata e una flessibilit\u00e0 affidabili, per lavorare in modo efficiente e confortevole tutto il giorno. Disponibile anche nel modello da donna 7232.<\/p>\n<p>FUNZIONALIT\u00c0: elasticizzato a 2 vie con inserti elasticizzati a 4 vie. Gambe dei pantaloni particolarmente ergonomiche. Vestibilit\u00e0 regolare. DETTAGLI: Tasca per carte d'identit\u00e0 staccabile. Bottoni in metallo. Portacoltelli con bottone. Zip in plastica sul cavallo. Ampio passante sul retro. Anello a D sulla cintura. TASCHE: Tasca sulla gamba con soffietto e patta con chiusura a velcro e tasca interna per cellulare in rete. Tasca sulla gamba appositamente studiata per spatole e pennelli. Tasche posteriori rinforzate con soffietti. Tasche esterne per ginocchiere. Tasche laterali. Tasche porta attrezzi. RINFORZO: tasche portautensili, tasche posteriori, tasche personalizzate e ginocchia rinforzate in CORDURA\u00ae 1000. RIFLESSIONE: Dettagli riflettenti sulla gamba. CHIUSURA: estremit\u00e0 posteriori della gamba rinforzate. ISTRUZIONI DI LAVAGGIO: 40\u00b0 C. Non candeggiare. Non stirare. Non lavare a secco. Non centrifugare. PROPRIET\u00c0 PRINCIPALI: Vernice. EN 14004. TESSUTO: Disponibile per uomo e donna. Uomo. nero. bianco. Tasche per ginocchiere. Stretch. Tasche per attrezzi. Pittore. Stretch. USP: elasticizzato a 2 vie. Tasche per ginocchiere in CORDURA\u00ae stretch rinforzato. Dettagli riflettenti. Inserti elasticizzati. Tasche porta attrezzi. CERTIFICAZIONE: EN 14404:2004+A1:2010 insieme alle ginocchiere 4027, 4057, 4058 e 4032.<\/p>\n<p>63% poliestere, 33% cotone, 4% elastofin, twill, elasticizzato, 260 g\/m\u00b2<\/p>","protected":false},"excerpt":{"rendered":"<p>Eine bequeme, leichte Malerhose aus einem d\u00fcnneren 2-Wege-Stretch-Material mit 4-Wege-Stretch-Eins\u00e4tzen, die dort, wo sie am meisten gebraucht wird, f\u00fcr ultimativen Komfort sorgen.Die Hose verf\u00fcgt \u00fcber fest angebrachte Nageltaschen, praktische verst\u00e4rkte Taschen und eine speziell angepasste, verst\u00e4rkte Spachteltasche. Die unten angebrachte Kniepolstertasche mit CORDURA\u00ae-Stretch bietet zuverl\u00e4ssige Strapazierf\u00e4higkeit und Flexibilit\u00e4t, so dass man den ganzen Tag \u00fcber [&hellip;]<\/p>\n","protected":false},"featured_media":668065,"template":"","meta":[],"product_brand":[],"product_cat":[4185],"product_tag":[],"class_list":{"0":"post-668047","1":"product","2":"type-product","3":"status-publish","4":"has-post-thumbnail","6":"product_cat-hosen","7":"pa_brand-blaklaeder","8":"pa_brand-type-workwear","9":"pa_filter-color-schwarz","10":"pa_filter-color-weiss","12":"first","13":"instock","14":"sale","15":"taxable","16":"shipping-taxable","17":"purchasable","18":"product-type-variable","19":"add-to-wishlist-before_image"},"exclude_global_add_ons":[],"addons":[],"acf":[],"_links":{"self":[{"href":"https:\/\/shop.kustom.ch\/it\/wp-json\/wp\/v2\/product\/668047"}],"collection":[{"href":"https:\/\/shop.kustom.ch\/it\/wp-json\/wp\/v2\/product"}],"about":[{"href":"https:\/\/shop.kustom.ch\/it\/wp-json\/wp\/v2\/types\/product"}],"wp:featuredmedia":[{"embeddable":true,"href":"https:\/\/shop.kustom.ch\/it\/wp-json\/wp\/v2\/media\/668065"}],"wp:attachment":[{"href":"https:\/\/shop.kustom.ch\/it\/wp-json\/wp\/v2\/media?parent=668047"}],"wp:term":[{"taxonomy":"product_brand","embeddable":true,"href":"https:\/\/shop.kustom.ch\/it\/wp-json\/wp\/v2\/product_brand?post=668047"},{"taxonomy":"product_cat","embeddable":true,"href":"https:\/\/shop.kustom.ch\/it\/wp-json\/wp\/v2\/product_cat?post=668047"},{"taxonomy":"product_tag","embeddable":true,"href":"https:\/\/shop.kustom.ch\/it\/wp-json\/wp\/v2\/product_tag?post=668047"}],"curies":[{"name":"wp","href":"https:\/\/api.w.org\/{rel}","templated":true}]}}