{"id":667819,"date":"2025-04-29T19:48:46","date_gmt":"2025-04-29T18:48:46","guid":{"rendered":"https:\/\/shop.kustom.ch\/?post_type=product&#038;p=667819"},"modified":"2026-03-31T08:56:54","modified_gmt":"2026-03-31T07:56:54","slug":"high-vis-sweatshirt-mit-abnehmbarer-kapuze","status":"publish","type":"product","link":"https:\/\/shop.kustom.ch\/it\/prodotto\/high-vis-sweatshirt-mit-abnehmbarer-kapuze\/","title":{"rendered":"Felpa ad alta visibilit\u00e0 con cappuccio staccabile"},"content":{"rendered":"<p>Felpa High Vis con strisce riflettenti interrotte per una maggiore visibilit\u00e0. Il materiale della maglia High Vis \u00e8 un morbido e bellissimo pile che offre una combinazione imbattibile di sicurezza e comfort. Cappuccio staccabile, colletto, zip a tutta lunghezza, tasche sul davanti, taschino e polsini a costine. Pu\u00f2 essere lavato industrialmente. Disponibile anche come modello 3574 da donna.<\/p>\n<p>FUNZIONALIT\u00c0: vestibilit\u00e0 regolare. DETTAGLI: Cappuccio staccabile. Collo alto con zip. TASCHE: Tasca sul petto con zip e anello a D. Tasche anteriori con cerniera. CHIUSURA ANTERIORE: Cerniera in plastica. REFLEX: strisce riflettenti a trasferimento larghe 50 mm. Materiale riflettente su busto, maniche e spalle. CHIUSURA: Polsini con polsini. Vita a coste. ISTRUZIONI DI LAVAGGIO: Lavaggio domestico X 50. Lavaggio industriale X 50. 70\u00b0 C. Non candeggiare. Non stirare. Non lavare a secco. PRO: adatto all'asciugatura in tamburo. Asciugatrice - bassa. PROPRIET\u00c0 PRINCIPALI: Autista. Artigiani. Lavoratori stradali e edili. Disponibile per uomo e donna. Uomo. EN ISO 20471. TESSUTO: giallo alta visibilit\u00e0. rosso. Alta visibilit\u00e0. Lavaggio industriale EN ISO 15797. USP: Ampie strisce riflettenti. Interno morbido e spazzolato. CERTIFICAZIONE: EN ISO 20471 XS-S classe 2, M classe 3. gruppo di certificazione C -&gt;S<\/p>\n<p>100% Poliestere, pile piqu\u00e9, spazzolato su un lato, 240 g\/m\u00b2<\/p>","protected":false},"excerpt":{"rendered":"<p>High Vis Sweatshirt mit unterbrochenen Reflexstreifen f\u00fcr zus\u00e4tzliche Sichtbarkeit. Das Material des High Vis Shirts ist ein weiches und sch\u00f6nes Fleece, das eine unschlagbare Kombination aus Sicherheit und Komfort bietet. Abnehmbare Kapuze, Kragen, durchgehender Reissverschluss, Taschen auf der Vorderseite, Brusttasche und Rippenb\u00fcndchen. Kann industriell gewaschen werden. Auch als Damen-Modell 3574 erh\u00e4ltlich. FUNKTIONALIT\u00c4T: Normale Passform. DETAILS: [&hellip;]<\/p>\n","protected":false},"featured_media":667879,"template":"","meta":[],"product_brand":[],"product_cat":[4184],"product_tag":[],"class_list":{"0":"post-667819","1":"product","2":"type-product","3":"status-publish","4":"has-post-thumbnail","6":"product_cat-hoodies-pullover","7":"pa_brand-blaklaeder","8":"pa_brand-type-workwear","9":"pa_filter-color-gelb","10":"pa_filter-color-orange","11":"pa_filter-color-rot","13":"first","14":"instock","15":"sale","16":"taxable","17":"shipping-taxable","18":"purchasable","19":"product-type-variable","20":"add-to-wishlist-before_image"},"exclude_global_add_ons":[],"addons":[],"acf":[],"_links":{"self":[{"href":"https:\/\/shop.kustom.ch\/it\/wp-json\/wp\/v2\/product\/667819"}],"collection":[{"href":"https:\/\/shop.kustom.ch\/it\/wp-json\/wp\/v2\/product"}],"about":[{"href":"https:\/\/shop.kustom.ch\/it\/wp-json\/wp\/v2\/types\/product"}],"wp:featuredmedia":[{"embeddable":true,"href":"https:\/\/shop.kustom.ch\/it\/wp-json\/wp\/v2\/media\/667879"}],"wp:attachment":[{"href":"https:\/\/shop.kustom.ch\/it\/wp-json\/wp\/v2\/media?parent=667819"}],"wp:term":[{"taxonomy":"product_brand","embeddable":true,"href":"https:\/\/shop.kustom.ch\/it\/wp-json\/wp\/v2\/product_brand?post=667819"},{"taxonomy":"product_cat","embeddable":true,"href":"https:\/\/shop.kustom.ch\/it\/wp-json\/wp\/v2\/product_cat?post=667819"},{"taxonomy":"product_tag","embeddable":true,"href":"https:\/\/shop.kustom.ch\/it\/wp-json\/wp\/v2\/product_tag?post=667819"}],"curies":[{"name":"wp","href":"https:\/\/api.w.org\/{rel}","templated":true}]}}