{"id":667818,"date":"2025-04-29T19:48:46","date_gmt":"2025-04-29T18:48:46","guid":{"rendered":"https:\/\/shop.kustom.ch\/?post_type=product&#038;p=667818"},"modified":"2026-03-31T09:00:47","modified_gmt":"2026-03-31T08:00:47","slug":"multinorm-softshell-jacke-2","status":"publish","type":"product","link":"https:\/\/shop.kustom.ch\/it\/prodotto\/multinorm-softshell-jacke-2\/","title":{"rendered":"Giacca softshell multinorm"},"content":{"rendered":"<p>Giacca softshell priva di metalli e poliestere e intrinsecamente ignifuga.La giacca, antivento e idrorepellente, \u00e8 realizzata in materiale softshell e ha un'eccellente traspirabilit\u00e0. La giacca \u00e8 dotata di due passanti per il fissaggio di rilevatori di gas, misuratori di ossigeno o microfoni.Certificata secondo le norme EN 1149-5, EN 13034, EN ISO 11611, EN ISO 11612 e EN 61482-2 APC 2. EBT - 33 cal\/cm\u00b2, ELIM - 30 cal\/cm\u00b2.<\/p>\n<p>FUNZIONALIT\u00c0: Superficie oleorepellente, antisporco e idrorepellente. Antivento e impermeabile, cuciture non sigillate, traspirante. DETTAGLI: Etichette di certificazione esterne. Passanti su entrambi i lati del petto per rilevatore di gas \/ misuratore di ossigeno \/ microfono. TASCHE: Tasca sul petto con zip. Tasche anteriori con cerniera. CHIUSURA ANTERIORE: Zip nascosta in plastica rinforzata. REFLEX: Strisce riflettenti di trasferimento. Nastro riflettente in aree selezionate per una migliore visibilit\u00e0. CHIUSURA: Polsino interno. Dorso allungato. ISTRUZIONI DI LAVAGGIO: 60\u00b0 C. Non candeggiare. Non stirare. Non lavare a secco. Non centrifugare. PROPRIET\u00c0 PRINCIPALI: EN 1149-5. EN 13034. EN 61482-2. EN ISO 11611. EN ISO 11612. TESSUTO: Uomo. blu. Senza metallo. Ritardante di fiamma. USP: materiale softshell a 3 strati. Propriet\u00e0 antistatiche. Intrinsecamente ritardante di fiamma. Repellente agli oli e allo sporco. Dettagli riflettenti. Robusta cerniera unidirezionale nascosta in plastica. Dorso allungato. Idrorepellente. Antivento e impermeabile. CERTIFICAZIONE: EN 1149-5. EN 13034 PB (6). Massimo 20 lavaggi. EBT - 33 cal\/cm\u00b2. ELIM - 30 cal\/cm\u00b2. EN 61482-2, APC 2. EN ISO 11611 Classe 2, A1+A2. EN ISO 11612 A1,A2, B1,C2,F2<\/p>\n<p>43% modacrilico, 36% cotone, 11% poliammide, 6% poliuretano, 3% aramide, 1% antistatico, softshell a 3 strati, ignifugo, antistatico, 490 g\/m\u00b2.<\/p>","protected":false},"excerpt":{"rendered":"<p>Metall- und polyesterfreie Softshell-Jacke, die inh\u00e4rent flammhemmend ist.Die wind- und wasserabweisende Jacke ist aus Softshell-Material gefertigt und hat eine hervorragende Atmungsaktivit\u00e4t. Sie hat auch einen verl\u00e4ngerten R\u00fccken, der den ohnehin schon fantastischen Komfort noch verbessert.Die Jacke ist mit zwei Gasschlaufen ausgestattet, die zum Einh\u00e4ngen von Gassp\u00fcrger\u00e4ten, Sauerstoffmessger\u00e4ten oder Mikrofonen dienen.Zertifiziert nach EN 1149-5, EN 13034, [&hellip;]<\/p>\n","protected":false},"featured_media":667860,"template":"","meta":[],"product_brand":[],"product_cat":[4186],"product_tag":[],"class_list":{"0":"post-667818","1":"product","2":"type-product","3":"status-publish","4":"has-post-thumbnail","6":"product_cat-jacken","7":"pa_brand-blaklaeder","8":"pa_brand-type-workwear","9":"pa_filter-color-blau","10":"pa_filter-color-schwarz","12":"first","13":"instock","14":"sale","15":"taxable","16":"shipping-taxable","17":"purchasable","18":"product-type-variable","19":"add-to-wishlist-before_image"},"exclude_global_add_ons":[],"addons":[],"acf":[],"_links":{"self":[{"href":"https:\/\/shop.kustom.ch\/it\/wp-json\/wp\/v2\/product\/667818"}],"collection":[{"href":"https:\/\/shop.kustom.ch\/it\/wp-json\/wp\/v2\/product"}],"about":[{"href":"https:\/\/shop.kustom.ch\/it\/wp-json\/wp\/v2\/types\/product"}],"wp:featuredmedia":[{"embeddable":true,"href":"https:\/\/shop.kustom.ch\/it\/wp-json\/wp\/v2\/media\/667860"}],"wp:attachment":[{"href":"https:\/\/shop.kustom.ch\/it\/wp-json\/wp\/v2\/media?parent=667818"}],"wp:term":[{"taxonomy":"product_brand","embeddable":true,"href":"https:\/\/shop.kustom.ch\/it\/wp-json\/wp\/v2\/product_brand?post=667818"},{"taxonomy":"product_cat","embeddable":true,"href":"https:\/\/shop.kustom.ch\/it\/wp-json\/wp\/v2\/product_cat?post=667818"},{"taxonomy":"product_tag","embeddable":true,"href":"https:\/\/shop.kustom.ch\/it\/wp-json\/wp\/v2\/product_tag?post=667818"}],"curies":[{"name":"wp","href":"https:\/\/api.w.org\/{rel}","templated":true}]}}