{"id":667738,"date":"2025-04-29T19:47:53","date_gmt":"2025-04-29T18:47:53","guid":{"rendered":"https:\/\/shop.kustom.ch\/?post_type=product&#038;p=667738"},"modified":"2026-03-31T08:55:52","modified_gmt":"2026-03-31T07:55:52","slug":"merino-langarmshirt","status":"publish","type":"product","link":"https:\/\/shop.kustom.ch\/it\/prodotto\/merino-langarmshirt\/","title":{"rendered":"Camicia Merino a maniche lunghe"},"content":{"rendered":"<p>Questa T-shirt a maniche lunghe in lana merino \u00e8 morbida e confortevole sia in ambienti caldi che freddi. Le naturali propriet\u00e0 traspiranti, antibatteriche e termoregolatrici della lana proteggono efficacemente dagli odori per tutta la giornata lavorativa. Le propriet\u00e0 elastiche assicurano una vestibilit\u00e0 comoda e quindi un piacevole comfort di utilizzo. Disponibile anche come modello da donna 3539.<\/p>\n<p>FUNZIONALIT\u00c0: Vestibilit\u00e0 slim. DETTAGLI: Stampa sulle maniche. Collo rotondo. ISTRUZIONI DI LAVAGGIO: 40\u00b0 C. Non candeggiare. Non stirare. Non lavare a secco. Non centrifugare. PROPRIET\u00c0 PRINCIPALI: Pavimentazione. Tettoia. Autista. Pescatore. Giardiniere. Tuttofare. Boscaiolo. Idraulico. Magazziniere. Muratore \/ piastrellista. Meccanico. Addetto alle pulizie. Addetto ai servizi. Idraulico. TESSUTO: disponibile per uomo e donna. Uomo. verde. Profilo. USP: Elastico. Vestibilit\u00e0 aderente. Traspirazione dell'umidit\u00e0. Lana merino. Naturalmente antibatterica. Regolazione della temperatura<\/p>\n<p>85% lana merino 15% poliammide riciclata, single jersey, regolazione dell'umidit\u00e0, 120g\/m\u00b2<\/p>","protected":false},"excerpt":{"rendered":"<p>Dieses lang\u00e4rmelige T-Shirt aus Merinowolle ist sowohl in warmen als auch in kalten Umgebungen weich und bequem. Die nat\u00fcrlichen feuchtigkeitsableitenden, antibakteriellen und temperaturregulierenden Eigenschaften der Wolle bieten einen wirksamen Schutz vor Geruchsbildung w\u00e4hrend des gesamten Arbeitstages. Die elastischen Eigenschaften sorgen f\u00fcr eine bequeme Passform und damit f\u00fcr ein angenehmes Tragegef\u00fchl. Auch als Damenmodell 3539 erh\u00e4ltlich. [&hellip;]<\/p>\n","protected":false},"featured_media":667790,"template":"","meta":[],"product_brand":[],"product_cat":[4201],"product_tag":[],"class_list":{"0":"post-667738","1":"product","2":"type-product","3":"status-publish","4":"has-post-thumbnail","6":"product_cat-t-shirts","7":"pa_brand-blaklaeder","8":"pa_brand-type-workwear","9":"pa_filter-color-blau","10":"pa_filter-color-gruen","11":"pa_filter-color-schwarz","13":"first","14":"instock","15":"sale","16":"taxable","17":"shipping-taxable","18":"purchasable","19":"product-type-variable","20":"add-to-wishlist-before_image"},"exclude_global_add_ons":[],"addons":[],"acf":[],"_links":{"self":[{"href":"https:\/\/shop.kustom.ch\/it\/wp-json\/wp\/v2\/product\/667738"}],"collection":[{"href":"https:\/\/shop.kustom.ch\/it\/wp-json\/wp\/v2\/product"}],"about":[{"href":"https:\/\/shop.kustom.ch\/it\/wp-json\/wp\/v2\/types\/product"}],"wp:featuredmedia":[{"embeddable":true,"href":"https:\/\/shop.kustom.ch\/it\/wp-json\/wp\/v2\/media\/667790"}],"wp:attachment":[{"href":"https:\/\/shop.kustom.ch\/it\/wp-json\/wp\/v2\/media?parent=667738"}],"wp:term":[{"taxonomy":"product_brand","embeddable":true,"href":"https:\/\/shop.kustom.ch\/it\/wp-json\/wp\/v2\/product_brand?post=667738"},{"taxonomy":"product_cat","embeddable":true,"href":"https:\/\/shop.kustom.ch\/it\/wp-json\/wp\/v2\/product_cat?post=667738"},{"taxonomy":"product_tag","embeddable":true,"href":"https:\/\/shop.kustom.ch\/it\/wp-json\/wp\/v2\/product_tag?post=667738"}],"curies":[{"name":"wp","href":"https:\/\/api.w.org\/{rel}","templated":true}]}}