{"id":667661,"date":"2025-04-29T19:46:57","date_gmt":"2025-04-29T18:46:57","guid":{"rendered":"https:\/\/shop.kustom.ch\/?post_type=product&#038;p=667661"},"modified":"2026-03-31T08:53:32","modified_gmt":"2026-03-31T07:53:32","slug":"flammschutz-sweatshirt-mit-reissverschluss","status":"publish","type":"product","link":"https:\/\/shop.kustom.ch\/it\/prodotto\/flammschutz-sweatshirt-mit-reissverschluss\/","title":{"rendered":"Felpa antifiamma con zip"},"content":{"rendered":"<p>Comodo, accogliente ed estremamente pratico top ignifugo in qualit\u00e0 intrinseca, completamente privo di metallo. Questa felpa \u00e8 dotata di una zip in plastica e pu\u00f2 essere comodamente utilizzata come giacca se necessario, ha inserti laterali per una migliore vestibilit\u00e0 ergonomica ed \u00e8 realizzata in un tessuto confortevole di qualit\u00e0 con eccellenti propriet\u00e0 protettive.Oltre alla funzione protettiva, la maglia presenta anche caratteristiche pratiche come due tasche con cerniera sul davanti e un colletto alto che offre una protezione aggiuntiva quando \u00e8 ripiegato.Certificata secondo le norme EN 1149-5, EN ISO 11612 e EN 61482-2 APC 1, EBT - 13 cal\/cm\u00b2, ELIM - 12 cal\/cm\u00b2.<\/p>\n<p>FUNZIONALIT\u00c0: Senza metallo. Vestibilit\u00e0 ergonomica per una migliore mobilit\u00e0. DETTAGLI: Anello a D. Etichette di certificazione esterne. Collo alto con zip nascosta. TASCHE: Tasche anteriori con cerniera. CHIUSURA ANTERIORE: Zip nascosta in plastica rinforzata. REFLEX: Dettagli riflettenti sulle spalle. CHIUSURA: Polsini con polsini. Vita a coste. ISTRUZIONI DI LAVAGGIO: 60\u00b0 C. Non candeggiare. Non stirare. Non lavare a secco. Non centrifugare. PROPRIET\u00c0 PRINCIPALI: Elettricista. Artigiano. Personale di servizio. Uomo. EN 1149-5. EN 61482-2. EN ISO 11612. TESSUTO: Uomo. blu. Senza metallo. Ritardante di fiamma. CERTIFICAZIONE: EN 1149-5. EBT - 13 cal\/cm\u00b2. ELIM - 12 cal\/cm\u00b2. EN 61482-2, APC 1. ISO 11612 A1, B1, C2<\/p>\n<p>60% modacrilico, 39% cotone, 1% fibra antistatica, interno spazzolato in spugna, ignifugo, antistatico, 280g\/m\u00b2.<\/p>","protected":false},"excerpt":{"rendered":"<p>Bequemes, gem\u00fctliches und \u00e4usserst praktisches flammhemmendes Oberteil in inh\u00e4renter Qualit\u00e4t, v\u00f6llig metallfrei. Dieses Sweatshirt verf\u00fcgt \u00fcber einen Kunststoffreissverschluss und kann bei Bedarf bequem als Jacke verwendet werden.Es verf\u00fcgt \u00fcber Seiteneins\u00e4tze f\u00fcr eine verbesserte, ergonomische Passform und ist aus einem bequemen Qualit\u00e4tsgewebe mit hervorragenden Schutzeigenschaften gefertigt.Neben seiner Schutzfunktion verf\u00fcgt das Hemd auch \u00fcber praktische Eigenschaften wie [&hellip;]<\/p>\n","protected":false},"featured_media":667719,"template":"","meta":[],"product_brand":[],"product_cat":[4184],"product_tag":[],"class_list":{"0":"post-667661","1":"product","2":"type-product","3":"status-publish","4":"has-post-thumbnail","6":"product_cat-hoodies-pullover","7":"pa_brand-blaklaeder","8":"pa_brand-type-workwear","9":"pa_filter-color-blau","10":"pa_filter-color-schwarz","12":"first","13":"instock","14":"sale","15":"taxable","16":"shipping-taxable","17":"purchasable","18":"product-type-variable","19":"add-to-wishlist-before_image"},"exclude_global_add_ons":[],"addons":[],"acf":[],"_links":{"self":[{"href":"https:\/\/shop.kustom.ch\/it\/wp-json\/wp\/v2\/product\/667661"}],"collection":[{"href":"https:\/\/shop.kustom.ch\/it\/wp-json\/wp\/v2\/product"}],"about":[{"href":"https:\/\/shop.kustom.ch\/it\/wp-json\/wp\/v2\/types\/product"}],"wp:featuredmedia":[{"embeddable":true,"href":"https:\/\/shop.kustom.ch\/it\/wp-json\/wp\/v2\/media\/667719"}],"wp:attachment":[{"href":"https:\/\/shop.kustom.ch\/it\/wp-json\/wp\/v2\/media?parent=667661"}],"wp:term":[{"taxonomy":"product_brand","embeddable":true,"href":"https:\/\/shop.kustom.ch\/it\/wp-json\/wp\/v2\/product_brand?post=667661"},{"taxonomy":"product_cat","embeddable":true,"href":"https:\/\/shop.kustom.ch\/it\/wp-json\/wp\/v2\/product_cat?post=667661"},{"taxonomy":"product_tag","embeddable":true,"href":"https:\/\/shop.kustom.ch\/it\/wp-json\/wp\/v2\/product_tag?post=667661"}],"curies":[{"name":"wp","href":"https:\/\/api.w.org\/{rel}","templated":true}]}}