{"id":667604,"date":"2025-04-29T19:46:30","date_gmt":"2025-04-29T18:46:30","guid":{"rendered":"https:\/\/shop.kustom.ch\/?post_type=product&#038;p=667604"},"modified":"2026-03-31T08:52:56","modified_gmt":"2026-03-31T07:52:56","slug":"funktions-langarmshirt-mit-uv-schutz","status":"publish","type":"product","link":"https:\/\/shop.kustom.ch\/it\/prodotto\/funktions-langarmshirt-mit-uv-schutz\/","title":{"rendered":"Camicia funzionale a maniche lunghe con protezione UV"},"content":{"rendered":"<p>Una maglietta a maniche lunghe comoda, leggera e funzionale, realizzata in un tessuto ventilato e leggermente lavorato a maglia con struttura. Il materiale \u00e8 comodo da indossare e protegge efficacemente dai forti raggi UV del sole. Disponibile anche come modello da donna 3427.<\/p>\n<p>DETTAGLI: Stampa sulle maniche. Collo rotondo. REFLEX: dettagli riflettenti sulla spalla. ISTRUZIONI DI LAVAGGIO: 60\u00b0 C. Non candeggiare. Non stirare. Non lavare a secco. Asciugare in asciugatrice a bassa temperatura. PROPRIET\u00c0 PRINCIPALI: Pavimentazione. Tettoia. Autista. Pescatore. Giardiniere. Tuttofare. Boscaiolo. Idraulico. Magazziniere. Imbianchino. Muratore \/ piastrellista. Meccanico. Addetto alle pulizie. Personale di servizio. EN 13758-2. TESSUTO: Disponibile per uomo e donna. Uomo. blu. grigio. verde. nero. Protezione UV. Profilo. USP: Elastico. Traspirazione dell'umidit\u00e0. Materiale funzionale a maglia. Dettagli riflettenti. Protezione UV. CERTIFICAZIONE: EN 13758-2 UPF 40 +<\/p>\n<p>Poliestere 91%, elastan 9%, tessuto jacquard, regolazione dell'umidit\u00e0, protezione UV, 135g\/m\u00b2.<\/p>","protected":false},"excerpt":{"rendered":"<p>Ein bequemes, leichtes und funktionelles Langarm-T-Shirt aus einem bel\u00fcfteten und leicht gestrickten Stoff mit Struktur. Das Material bietet ein angenehmes Tragegef\u00fchl und sch\u00fctzt wirksam vor den starken UV-Strahlen der Sonne. Auch als Damenmodell 3427 erh\u00e4ltlich. DETAILS: Aufdruck auf den \u00c4rmeln. Rundhals. REFLEX: Reflexdetails an der Schulter. WASCHANLEITUNG: 60\u00b0 C. Nicht bleichen. Nicht b\u00fcgeln. Nicht chemisch [&hellip;]<\/p>\n","protected":false},"featured_media":667631,"template":"","meta":[],"product_brand":[],"product_cat":[4201],"product_tag":[],"class_list":{"0":"post-667604","1":"product","2":"type-product","3":"status-publish","4":"has-post-thumbnail","6":"product_cat-t-shirts","7":"pa_brand-blaklaeder","8":"pa_brand-type-workwear","9":"pa_filter-color-blau","10":"pa_filter-color-grau","11":"pa_filter-color-gruen","12":"pa_filter-color-schwarz","14":"first","15":"instock","16":"sale","17":"taxable","18":"shipping-taxable","19":"purchasable","20":"product-type-variable","21":"add-to-wishlist-before_image"},"exclude_global_add_ons":[],"addons":[],"acf":[],"_links":{"self":[{"href":"https:\/\/shop.kustom.ch\/it\/wp-json\/wp\/v2\/product\/667604"}],"collection":[{"href":"https:\/\/shop.kustom.ch\/it\/wp-json\/wp\/v2\/product"}],"about":[{"href":"https:\/\/shop.kustom.ch\/it\/wp-json\/wp\/v2\/types\/product"}],"wp:featuredmedia":[{"embeddable":true,"href":"https:\/\/shop.kustom.ch\/it\/wp-json\/wp\/v2\/media\/667631"}],"wp:attachment":[{"href":"https:\/\/shop.kustom.ch\/it\/wp-json\/wp\/v2\/media?parent=667604"}],"wp:term":[{"taxonomy":"product_brand","embeddable":true,"href":"https:\/\/shop.kustom.ch\/it\/wp-json\/wp\/v2\/product_brand?post=667604"},{"taxonomy":"product_cat","embeddable":true,"href":"https:\/\/shop.kustom.ch\/it\/wp-json\/wp\/v2\/product_cat?post=667604"},{"taxonomy":"product_tag","embeddable":true,"href":"https:\/\/shop.kustom.ch\/it\/wp-json\/wp\/v2\/product_tag?post=667604"}],"curies":[{"name":"wp","href":"https:\/\/api.w.org\/{rel}","templated":true}]}}