{"id":667514,"date":"2025-04-29T19:45:31","date_gmt":"2025-04-29T18:45:31","guid":{"rendered":"https:\/\/shop.kustom.ch\/?post_type=product&#038;p=667514"},"modified":"2026-03-31T08:52:38","modified_gmt":"2026-03-31T07:52:38","slug":"funktions-poloshirt-mit-uv-schutz","status":"publish","type":"product","link":"https:\/\/shop.kustom.ch\/it\/prodotto\/funktions-poloshirt-mit-uv-schutz\/","title":{"rendered":"Polo funzionale con protezione UV"},"content":{"rendered":"<p>Una polo comoda, leggera e funzionale, realizzata in un tessuto ventilato e leggermente lavorato a maglia con texture. Il materiale \u00e8 comodo da indossare e protegge efficacemente dai forti raggi UV del sole.<\/p>\n<p>DETTAGLI: bottoni in plastica. ISTRUZIONI DI LAVAGGIO: 60\u00b0 C. Non candeggiare. Non stirare. Non lavare a secco. Asciugare a tamburo - basso. PROPRIET\u00c0 PRINCIPALI: Autista. Addetto al magazzino. Addetto alle pulizie. Addetto ai servizi. EN 13758-2. TESSUTO: blu. grigio. verde. nero. Profilo. USP: Elastico. Traspirazione dell'umidit\u00e0. Materiale funzionale a maglia. Protezione UV. CERTIFICAZIONE: EN 13758-2 UPF 40 +<\/p>\n<p>Poliestere 91%, elastan 9%, tessuto jacquard, regolazione dell'umidit\u00e0, protezione UV, 135g\/m\u00b2.<\/p>","protected":false},"excerpt":{"rendered":"<p>Ein bequemes, leichtes und funktionelles Poloshirt aus einem bel\u00fcfteten und leicht gestrickten Stoff mit Textur. Das Material bietet ein angenehmes Tragegef\u00fchl und sch\u00fctzt effektiv vor den starken UV-Strahlen der Sonne. DETAILS: Kunststoff-Kn\u00f6pfe. WASCHANLEITUNG: 60\u00b0 C. Nicht bleichen. Nicht b\u00fcgeln. Nicht chemisch reinigen. W\u00e4schetrockner &#8211; niedrig. HAUPTEIGENSCHAFTEN: Fahrer. Lagerarbeiter. Reinigungskraft. Service Mitarbeiter. EN 13758-2. STOFF: blau. [&hellip;]<\/p>\n","protected":false},"featured_media":667556,"template":"","meta":[],"product_brand":[],"product_cat":[4193],"product_tag":[],"class_list":{"0":"post-667514","1":"product","2":"type-product","3":"status-publish","4":"has-post-thumbnail","6":"product_cat-polos","7":"pa_brand-blaklaeder","8":"pa_brand-type-workwear","9":"pa_filter-color-blau","10":"pa_filter-color-grau","11":"pa_filter-color-gruen","12":"pa_filter-color-schwarz","14":"first","15":"instock","16":"sale","17":"taxable","18":"shipping-taxable","19":"purchasable","20":"product-type-variable","21":"add-to-wishlist-before_image"},"exclude_global_add_ons":[],"addons":[],"acf":[],"_links":{"self":[{"href":"https:\/\/shop.kustom.ch\/it\/wp-json\/wp\/v2\/product\/667514"}],"collection":[{"href":"https:\/\/shop.kustom.ch\/it\/wp-json\/wp\/v2\/product"}],"about":[{"href":"https:\/\/shop.kustom.ch\/it\/wp-json\/wp\/v2\/types\/product"}],"wp:featuredmedia":[{"embeddable":true,"href":"https:\/\/shop.kustom.ch\/it\/wp-json\/wp\/v2\/media\/667556"}],"wp:attachment":[{"href":"https:\/\/shop.kustom.ch\/it\/wp-json\/wp\/v2\/media?parent=667514"}],"wp:term":[{"taxonomy":"product_brand","embeddable":true,"href":"https:\/\/shop.kustom.ch\/it\/wp-json\/wp\/v2\/product_brand?post=667514"},{"taxonomy":"product_cat","embeddable":true,"href":"https:\/\/shop.kustom.ch\/it\/wp-json\/wp\/v2\/product_cat?post=667514"},{"taxonomy":"product_tag","embeddable":true,"href":"https:\/\/shop.kustom.ch\/it\/wp-json\/wp\/v2\/product_tag?post=667514"}],"curies":[{"name":"wp","href":"https:\/\/api.w.org\/{rel}","templated":true}]}}