{"id":667460,"date":"2025-04-29T19:45:04","date_gmt":"2025-04-29T18:45:04","guid":{"rendered":"https:\/\/shop.kustom.ch\/?post_type=product&#038;p=667460"},"modified":"2026-03-31T08:43:36","modified_gmt":"2026-03-31T07:43:36","slug":"funktionssocken-pro","status":"publish","type":"product","link":"https:\/\/shop.kustom.ch\/it\/prodotto\/funktionssocken-pro\/","title":{"rendered":"Calze funzionali Pro"},"content":{"rendered":"<p>Il calzino funzionale per eccellenza, con un'eccellente durata e trasporto dell'umidit\u00e0. Calzata per piede destro e sinistro, imbottitura mirata e rinforzi aggiuntivi in alto sul tallone.La leggera compressione conferisce alla calza un'ottima vestibilit\u00e0 e previene vesciche e fastidi.Nel complesso, una calza dal comfort imbattibile per chi lavora ad alte prestazioni.<\/p>\n<p>FUNZIONALIT\u00c0: Calze lunghe fino alla caviglia. Materiale a maglia elasticizzato sulla pianta del piede. Maglia in spugna su tallone, suola e punta. Buon trasporto dell'umidit\u00e0. Tallone, suola e punta rinforzati. CONFEZIONE: Fornito in paia. ISTRUZIONI DI LAVAGGIO: 40\u00b0 C. Non candeggiare. Non stirare. Non lavare a secco. Non centrifugare. CARATTERISTICHE PRINCIPALI: Unisex. TESSUTO: nero<\/p>\n<p>38% poliammide, 32% poliestere, 28% polipropilene, 2% elastan<\/p>","protected":false},"excerpt":{"rendered":"<p>Die ultimative Funktionssocke mit hervorragender Haltbarkeit und Feuchtigkeitstransport. Rechts- und linksf\u00fcssige Passform, gezielte Polsterung und zus\u00e4tzliche Verst\u00e4rkungen hoch oben an der Ferse.Eine leichte Kompression verleiht der Socke eine hervorragende Passform und beugt Blasen und Unbehagen vor.Insgesamt eine Socke mit unschlagbarem Komfort f\u00fcr den leistungsstarken Arbeiter. FUNKTIONALIT\u00c4T: Kn\u00f6chellange Socken. Elastisches Strickmaterial an der Fusssohle. Frotteestrick an [&hellip;]<\/p>\n","protected":false},"featured_media":667507,"template":"","meta":[],"product_brand":[],"product_cat":[4199],"product_tag":[],"class_list":{"0":"post-667460","1":"product","2":"type-product","3":"status-publish","4":"has-post-thumbnail","6":"product_cat-socken","7":"pa_brand-blaklaeder","8":"pa_brand-type-workwear","9":"pa_filter-color-schwarz","11":"first","12":"instock","13":"sale","14":"taxable","15":"shipping-taxable","16":"purchasable","17":"product-type-variable","18":"add-to-wishlist-before_image"},"exclude_global_add_ons":[],"addons":[],"acf":[],"_links":{"self":[{"href":"https:\/\/shop.kustom.ch\/it\/wp-json\/wp\/v2\/product\/667460"}],"collection":[{"href":"https:\/\/shop.kustom.ch\/it\/wp-json\/wp\/v2\/product"}],"about":[{"href":"https:\/\/shop.kustom.ch\/it\/wp-json\/wp\/v2\/types\/product"}],"wp:featuredmedia":[{"embeddable":true,"href":"https:\/\/shop.kustom.ch\/it\/wp-json\/wp\/v2\/media\/667507"}],"wp:attachment":[{"href":"https:\/\/shop.kustom.ch\/it\/wp-json\/wp\/v2\/media?parent=667460"}],"wp:term":[{"taxonomy":"product_brand","embeddable":true,"href":"https:\/\/shop.kustom.ch\/it\/wp-json\/wp\/v2\/product_brand?post=667460"},{"taxonomy":"product_cat","embeddable":true,"href":"https:\/\/shop.kustom.ch\/it\/wp-json\/wp\/v2\/product_cat?post=667460"},{"taxonomy":"product_tag","embeddable":true,"href":"https:\/\/shop.kustom.ch\/it\/wp-json\/wp\/v2\/product_tag?post=667460"}],"curies":[{"name":"wp","href":"https:\/\/api.w.org\/{rel}","templated":true}]}}