{"id":667419,"date":"2025-04-29T19:44:31","date_gmt":"2025-04-29T18:44:31","guid":{"rendered":"https:\/\/shop.kustom.ch\/?post_type=product&#038;p=667419"},"modified":"2026-03-31T08:43:02","modified_gmt":"2026-03-31T07:43:02","slug":"striker-sicherheitsschuh","status":"publish","type":"product","link":"https:\/\/shop.kustom.ch\/it\/prodotto\/striker-sicherheitsschuh\/","title":{"rendered":"Scarpa di sicurezza STRIKER"},"content":{"rendered":"<p>Scarpe da ginnastica di alta qualit\u00e0 con un'esclusiva tomaia in tessuto con rinforzi aggiuntivi nella zona della punta e del tallone. L'allacciatura Freelock sul lato rende pi\u00f9 facile indossare e togliere le scarpe. La linguetta in neoprene di nuova concezione offre maggiore comfort e la scarpa \u00e8 dotata di un puntale NANO, pi\u00f9 resistente, leggero e sottile di altri materiali non metallici. La protezione flessibile in tessuto PS contro la penetrazione delle unghie \u00e8 in grado di resistere anche a unghie sottili di 3 mm. L'innovativa struttura a 3 strati della suola garantisce un assorbimento degli urti unico e una suola in gomma nitrilica antiscivolo, mentre l'intersuola \u00e8 realizzata in PU a 2 strati con densit\u00e0 diverse per una funzionalit\u00e0 e un comfort ottimali. La soletta anatomica per un comfort ottimale \u00e8 realizzata in morbido materiale ETPU e ha una tomaia in tessuto con un buon assorbimento dell'umidit\u00e0.Queste scarpe sono adatte per lavori di costruzione, trasporto, manutenzione, riparazione e operazioni. Forma da donna nelle taglie 35-39- Innovativa costruzione della suola a tripla densit\u00e0 che garantisce un assorbimento degli urti unico- Suola in gomma nitrilica antiscivolo- Tomaia in tessuto resistente e idrorepellente- Linguetta in neoprene per un maggiore comfort- Sistema di allacciatura Freelock sul lato- Soletta anatomica in morbido ETPU- Puntale NANO - pi\u00f9 leggero e resistente di altri materiali non metallici- Sistema di protezione delle unghie PS<\/p>\n<p>FUNZIONALIT\u00c0: Soletta traspirante. Suola a tripla densit\u00e0. Testato ESD (approvato secondo la norma IEC 61340-5-1). Rinforzo del tallone. Freelock. Bordo dell'albero imbottito. Suola oleorepellente. Idrorepellente. Rinforzo in punta. TOMAIA: Tessuto. Vestibilit\u00e0: Ampia. MATERIALE DEL TOMAIO: Tessuto PS. FODERA: Poliestere. MATERIALE SUOLA: Tessile, schiuma innovativa ETPU. TESSUTO: Unisex. verde. nero. ESD. SIMBOLI: Resistente ai carburanti. HRO 300. tessuto nailpen PS. Abrasione del tappo. Antiscivolo. Puntale nano. Forma ampia. USP: Soletta ETPU morbida e modellata anatomicamente. Soletta traspirante. Approvazione ESD. Soluzione Freelock sul lato. Innovativa suola a tripla densit\u00e0. Puntale NANO - leggero, resistente e sottile. Suola resistente agli oli. Protezione dalla penetrazione tessile in standard PS. Idrorepellente e resistente. Calzata ampia. MATERIALE DEL CAPPUCCIO: NANO composito. CERTIFICAZIONE: EN ISO 20345:2022 S3S FO SR HRO SC<\/p>","protected":false},"excerpt":{"rendered":"<p>Ein hochwertiger Sneaker mit einem exklusiven Textilobermaterial mit zus\u00e4tzlicher Verst\u00e4rkung im Zehen- und Fersenbereich. Die seitliche Freelock-Schn\u00fcrung erleichtert das An- und Ausziehen der Schuhe. Die neu entwickelte Neopren-Zunge sorgt f\u00fcr mehr Komfort.Der Schuh hat eine NANO-Zehenkappe, die st\u00e4rker, leichter und d\u00fcnner ist als andere nicht-metallische Materialien. Der flexible PS-Nageldurchtrittschutz aus Textil h\u00e4lt auch d\u00fcnnen 3 [&hellip;]<\/p>\n","protected":false},"featured_media":667459,"template":"","meta":[],"product_brand":[],"product_cat":[4197,4209],"product_tag":[],"class_list":{"0":"post-667419","1":"product","2":"type-product","3":"status-publish","4":"has-post-thumbnail","6":"product_cat-schuhe-sandalen","7":"product_cat-zubehoer","8":"pa_brand-blaklaeder","9":"pa_brand-type-workwear","10":"pa_filter-color-blau","11":"pa_filter-color-gruen","13":"first","14":"instock","15":"sale","16":"taxable","17":"shipping-taxable","18":"purchasable","19":"product-type-variable","20":"add-to-wishlist-before_image"},"exclude_global_add_ons":[],"addons":[],"acf":[],"_links":{"self":[{"href":"https:\/\/shop.kustom.ch\/it\/wp-json\/wp\/v2\/product\/667419"}],"collection":[{"href":"https:\/\/shop.kustom.ch\/it\/wp-json\/wp\/v2\/product"}],"about":[{"href":"https:\/\/shop.kustom.ch\/it\/wp-json\/wp\/v2\/types\/product"}],"wp:featuredmedia":[{"embeddable":true,"href":"https:\/\/shop.kustom.ch\/it\/wp-json\/wp\/v2\/media\/667459"}],"wp:attachment":[{"href":"https:\/\/shop.kustom.ch\/it\/wp-json\/wp\/v2\/media?parent=667419"}],"wp:term":[{"taxonomy":"product_brand","embeddable":true,"href":"https:\/\/shop.kustom.ch\/it\/wp-json\/wp\/v2\/product_brand?post=667419"},{"taxonomy":"product_cat","embeddable":true,"href":"https:\/\/shop.kustom.ch\/it\/wp-json\/wp\/v2\/product_cat?post=667419"},{"taxonomy":"product_tag","embeddable":true,"href":"https:\/\/shop.kustom.ch\/it\/wp-json\/wp\/v2\/product_tag?post=667419"}],"curies":[{"name":"wp","href":"https:\/\/api.w.org\/{rel}","templated":true}]}}