{"id":667387,"date":"2025-04-29T19:43:59","date_gmt":"2025-04-29T18:43:59","guid":{"rendered":"https:\/\/shop.kustom.ch\/?post_type=product&#038;p=667387"},"modified":"2026-03-31T08:41:41","modified_gmt":"2026-03-31T07:41:41","slug":"cradle-sicherheitsschuh-4","status":"publish","type":"product","link":"https:\/\/shop.kustom.ch\/it\/prodotto\/cradle-sicherheitsschuh-4\/","title":{"rendered":"Scarpa di sicurezza CRADLE"},"content":{"rendered":"<p>Una scarpa di sicurezza comoda e pratica. L'allacciatura laterale Freelock facilita la calzata e la rimozione delle scarpe. Il materiale della tomaia \u00e8 un tessuto resistente. Il puntale \u00e8 in materiale composito, rinforzato esternamente con TPU. Protezione antiperforazione delle unghie in tessuto flessibile PL, intersuola in PU e suola in gomma. La soletta anatomica per un comfort ottimale \u00e8 realizzata in morbido materiale PU e ha una tomaia in tessuto con un buon assorbimento dell'umidit\u00e0. Questa scarpa \u00e8 ideale per l'edilizia, il magazzino, i servizi, la logistica e i lavori industriali. Forma da donna nelle taglie 35-39.<\/p>\n<p>FUNZIONALIT\u00c0: Soletta traspirante. Testato ESD (approvato secondo la norma IEC 61340-5-1). Rinforzo del tallone. Freelock. Bordo dell'albero imbottito. Suola oleorepellente. Idrorepellente. Rinforzo in punta. TOMAIA: Tessuto. Vestibilit\u00e0: ampia. MATERIALE DEL SOTTOPIEDE: Tessile. FODERA: Poliestere. MATERIALE DELLA SUOLA: Tessile, morbido PU. TESSUTO: grigio. verde. Giallo alta visibilit\u00e0. ESD. SIMBOLI: Freelock. Resistente al carburante. Tessuto Nailpen PL. Abrasione del tappo. Antiscivolo. Puntale in materiale composito. Forma ampia. USP: Soletta traspirante. Approvazione ESD. Soluzione Freelock. Suola resistente agli oli. Protezione dalla penetrazione tessile in standard PL. Idrorepellente e resistente. MATERIALE DEL TAPPO DI PROTEZIONE DEL PIEDE: Composito. CERTIFICAZIONE: EN ISO 20345:2022 S3L FO SR SC<\/p>","protected":false},"excerpt":{"rendered":"<p>Ein bequemer und praktischer Sicherheitsschuh. Der seitliche Freelock-Verschluss erleichtert das An- und Ausziehen der Schuhe. Das Obermaterial ist ein strapazierf\u00e4higes Textil. Die Zehenkappe ist aus Komposit, aussen mit TPU verst\u00e4rkt. Flexibles Textil PL-Nageldurchtrittschutz, PU-Zwischensohle und Gummilaufsohle. Die anatomisch geformte Einlegesohle f\u00fcr optimalen Komfort ist aus weichem PU-Material und hat ein Textilobermaterial mit guter Feuchtigkeitsabsorption. Dieser [&hellip;]<\/p>\n","protected":false},"featured_media":667429,"template":"","meta":[],"product_brand":[],"product_cat":[4197,4209],"product_tag":[],"class_list":{"0":"post-667387","1":"product","2":"type-product","3":"status-publish","4":"has-post-thumbnail","6":"product_cat-schuhe-sandalen","7":"product_cat-zubehoer","8":"pa_brand-blaklaeder","9":"pa_brand-type-workwear","10":"pa_filter-color-gelb","11":"pa_filter-color-gruen","13":"first","14":"instock","15":"sale","16":"taxable","17":"shipping-taxable","18":"purchasable","19":"product-type-variable","20":"add-to-wishlist-before_image"},"exclude_global_add_ons":[],"addons":[],"acf":[],"_links":{"self":[{"href":"https:\/\/shop.kustom.ch\/it\/wp-json\/wp\/v2\/product\/667387"}],"collection":[{"href":"https:\/\/shop.kustom.ch\/it\/wp-json\/wp\/v2\/product"}],"about":[{"href":"https:\/\/shop.kustom.ch\/it\/wp-json\/wp\/v2\/types\/product"}],"wp:featuredmedia":[{"embeddable":true,"href":"https:\/\/shop.kustom.ch\/it\/wp-json\/wp\/v2\/media\/667429"}],"wp:attachment":[{"href":"https:\/\/shop.kustom.ch\/it\/wp-json\/wp\/v2\/media?parent=667387"}],"wp:term":[{"taxonomy":"product_brand","embeddable":true,"href":"https:\/\/shop.kustom.ch\/it\/wp-json\/wp\/v2\/product_brand?post=667387"},{"taxonomy":"product_cat","embeddable":true,"href":"https:\/\/shop.kustom.ch\/it\/wp-json\/wp\/v2\/product_cat?post=667387"},{"taxonomy":"product_tag","embeddable":true,"href":"https:\/\/shop.kustom.ch\/it\/wp-json\/wp\/v2\/product_tag?post=667387"}],"curies":[{"name":"wp","href":"https:\/\/api.w.org\/{rel}","templated":true}]}}