{"id":667385,"date":"2025-04-29T19:43:59","date_gmt":"2025-04-29T18:43:59","guid":{"rendered":"https:\/\/shop.kustom.ch\/?post_type=product&#038;p=667385"},"modified":"2026-03-31T08:47:16","modified_gmt":"2026-03-31T07:47:16","slug":"praezisionshandschuh","status":"publish","type":"product","link":"https:\/\/shop.kustom.ch\/it\/prodotto\/praezisionshandschuh\/","title":{"rendered":"Guanto di precisione"},"content":{"rendered":"<p>Un guanto tuttofare sottile e flessibile con funzione touchscreen. Il rivestimento in nitrile assicura una buona presa e una buona durata, mentre la fodera interna senza cuciture \u00e8 in poliammide\/elastan, rendendo questo modello una buona scelta per vari ambienti di lavoro in cui \u00e8 richiesta destrezza.<\/p>\n<p>FUNZIONALIT\u00c0: Senza cromo. Funzione touch su dita, pollice e palmo. MANO: Palmo rivestito in nitrile. CONFEZIONE: 1 foglio informativo per l'utente\/fascetta. 12. prezzo\/paio, venduto in fasci di 12 paia. 144 paia\/scatola. CAMPO DI APPLICAZIONE: Ambienti oleosi. Ambienti sporchi. Lavori di assemblaggio. Lavori di precisione. DISPLAY: Codifica dei colori sul polsino. MATERIALE INTERNO: Poliammide\/elastan calibro 15. RIVESTIMENTO: Rivestimento microporoso che consente alla mano di respirare. Superficie in microschiuma. Palmo rivestito. Nitrile. USP: Design sottile e confortevole. Senza cromo. Buona sensazione al tatto delle dita. Ideale per ambienti oleosi. Ideale per ambienti sporchi. Struttura della presa in micro-schiuma. Rivestimento in nitrile. Guanto di precisione. Funzione touch nella zona del palmo. Sfoderato. CERTIFICAZIONE: EN 388 (4131X). DPI Cat 2<\/p>\n<p>Nitrile liscio, calibro 15<\/p>","protected":false},"excerpt":{"rendered":"<p>Ein d\u00fcnner und flexibler Allround-Handschuh mit Touchscreen-Funktion. Die Nitrilbeschichtung sorgt f\u00fcr guten Grip und Strapazierf\u00e4higkeit, und das nahtlose Innenfutter besteht aus Polyamid\/Elastan.Dieses Modell ist eine gute Wahl f\u00fcr verschiedene Arbeitsumgebungen, in denen Fingerspitzengef\u00fchl gefragt ist. FUNKTIONALIT\u00c4T: Chrom frei. Touch-Funktion an Fingern, Daumen und Handfl\u00e4che . HAND: Handfl\u00e4che mit Nitril beschichtet. VERPACKUNG: 1 Benutzerinformationsflyer\/B\u00fcndel. 12. Preis\/Paar, [&hellip;]<\/p>\n","protected":false},"featured_media":667418,"template":"","meta":[],"product_brand":[],"product_cat":[4180],"product_tag":[],"class_list":{"0":"post-667385","1":"product","2":"type-product","3":"status-publish","4":"has-post-thumbnail","6":"product_cat-handschuhe","7":"pa_brand-blaklaeder","8":"pa_brand-type-workwear","9":"pa_filter-color-grau","11":"first","12":"instock","13":"sale","14":"taxable","15":"shipping-taxable","16":"purchasable","17":"product-type-variable","18":"add-to-wishlist-before_image"},"exclude_global_add_ons":[],"addons":[],"acf":[],"_links":{"self":[{"href":"https:\/\/shop.kustom.ch\/it\/wp-json\/wp\/v2\/product\/667385"}],"collection":[{"href":"https:\/\/shop.kustom.ch\/it\/wp-json\/wp\/v2\/product"}],"about":[{"href":"https:\/\/shop.kustom.ch\/it\/wp-json\/wp\/v2\/types\/product"}],"wp:featuredmedia":[{"embeddable":true,"href":"https:\/\/shop.kustom.ch\/it\/wp-json\/wp\/v2\/media\/667418"}],"wp:attachment":[{"href":"https:\/\/shop.kustom.ch\/it\/wp-json\/wp\/v2\/media?parent=667385"}],"wp:term":[{"taxonomy":"product_brand","embeddable":true,"href":"https:\/\/shop.kustom.ch\/it\/wp-json\/wp\/v2\/product_brand?post=667385"},{"taxonomy":"product_cat","embeddable":true,"href":"https:\/\/shop.kustom.ch\/it\/wp-json\/wp\/v2\/product_cat?post=667385"},{"taxonomy":"product_tag","embeddable":true,"href":"https:\/\/shop.kustom.ch\/it\/wp-json\/wp\/v2\/product_tag?post=667385"}],"curies":[{"name":"wp","href":"https:\/\/api.w.org\/{rel}","templated":true}]}}