{"id":667384,"date":"2025-04-29T19:43:59","date_gmt":"2025-04-29T18:43:59","guid":{"rendered":"https:\/\/shop.kustom.ch\/?post_type=product&#038;p=667384"},"modified":"2026-03-31T08:46:45","modified_gmt":"2026-03-31T07:46:45","slug":"arbeitshandschuh-pu-getaucht","status":"publish","type":"product","link":"https:\/\/shop.kustom.ch\/it\/prodotto\/arbeitshandschuh-pu-getaucht\/","title":{"rendered":"Guanto da lavoro rivestito in PU"},"content":{"rendered":"<p>Guanti da lavoro sottili, ideali per compiti precisi e lavori di assemblaggio leggeri. Guanto sintetico, con palmo immerso in poliuretano. Il materiale del palmo offre anche una certa resistenza a oli e grassi e il dorso della mano \u00e8 ventilato. Venduto in un pacchetto di 12 paia.<\/p>\n<p>FUNZIONALIT\u00c0: senza cromo. CONFEZIONE: 1 volantino\/bundle informativo per l'utente. 12 Codice EAN solo sulla confezione. Prezzo\/paio, venduto in confezione da 12 paia. 216 paia\/scatola. APPLICAZIONE: Ambienti sporchi. Lavori a tutto campo. Lavori di assemblaggio. ESPOSIZIONE: I guanti non sono conservati insieme come coppia. La confezione non deve essere danneggiata. Codifica dei colori sul polsino. Venduti in pacchi da 12 paia. MATERIALE INTERNO: Poliestere calibro 13. USP: Guanto completo. Senza cromo. Superficie di presa liscia. Ideale per ambienti sporchi. Rivestito in PU. Sfoderato. CERTIFICAZIONE: EN 388 (3121X). DPI Cat 2<\/p>\n<p>PU morbido, calibro 13<\/p>","protected":false},"excerpt":{"rendered":"<p>D\u00fcnne Arbeitshandschuhe, ideal f\u00fcr pr\u00e4zise Verrichtungen und leichte Montagearbeiten. Synthetischer Handschuh, Handfl\u00e4che in Polyurethan getaucht. Das Material der Handfl\u00e4che bietet auch eine gewisse Best\u00e4ndigkeit gegen \u00d6le und Fette und der Handr\u00fccken ist bel\u00fcftet. Verkauft im B\u00fcdel mit 12 Paar. FUNKTIONALIT\u00c4T: Chrom frei. VERPACKUNG: 1 Benutzerinformationsflyer\/B\u00fcndel. 12. EAN-Code nur auf der Verpackung. Preis\/Paar, verkauft im B\u00fcndel [&hellip;]<\/p>\n","protected":false},"featured_media":667404,"template":"","meta":[],"product_brand":[],"product_cat":[4180],"product_tag":[],"class_list":{"0":"post-667384","1":"product","2":"type-product","3":"status-publish","4":"has-post-thumbnail","6":"product_cat-handschuhe","7":"pa_brand-blaklaeder","8":"pa_brand-type-workwear","9":"pa_filter-color-schwarz","10":"pa_filter-color-weiss","12":"first","13":"instock","14":"sale","15":"taxable","16":"shipping-taxable","17":"purchasable","18":"product-type-variable","19":"add-to-wishlist-before_image"},"exclude_global_add_ons":[],"addons":[],"acf":[],"_links":{"self":[{"href":"https:\/\/shop.kustom.ch\/it\/wp-json\/wp\/v2\/product\/667384"}],"collection":[{"href":"https:\/\/shop.kustom.ch\/it\/wp-json\/wp\/v2\/product"}],"about":[{"href":"https:\/\/shop.kustom.ch\/it\/wp-json\/wp\/v2\/types\/product"}],"wp:featuredmedia":[{"embeddable":true,"href":"https:\/\/shop.kustom.ch\/it\/wp-json\/wp\/v2\/media\/667404"}],"wp:attachment":[{"href":"https:\/\/shop.kustom.ch\/it\/wp-json\/wp\/v2\/media?parent=667384"}],"wp:term":[{"taxonomy":"product_brand","embeddable":true,"href":"https:\/\/shop.kustom.ch\/it\/wp-json\/wp\/v2\/product_brand?post=667384"},{"taxonomy":"product_cat","embeddable":true,"href":"https:\/\/shop.kustom.ch\/it\/wp-json\/wp\/v2\/product_cat?post=667384"},{"taxonomy":"product_tag","embeddable":true,"href":"https:\/\/shop.kustom.ch\/it\/wp-json\/wp\/v2\/product_tag?post=667384"}],"curies":[{"name":"wp","href":"https:\/\/api.w.org\/{rel}","templated":true}]}}