{"id":667338,"date":"2025-04-29T19:43:24","date_gmt":"2025-04-29T18:43:24","guid":{"rendered":"https:\/\/shop.kustom.ch\/?post_type=product&#038;p=667338"},"modified":"2026-03-31T08:46:02","modified_gmt":"2026-03-31T07:46:02","slug":"arbeitshandschuh-supreme-strong","status":"publish","type":"product","link":"https:\/\/shop.kustom.ch\/it\/prodotto\/arbeitshandschuh-supreme-strong\/","title":{"rendered":"Guanto da lavoro Supreme Strong"},"content":{"rendered":"<p>I modelli Supreme Strong sono realizzati in pelle sintetica di alta qualit\u00e0, che unisce un'eccellente destrezza a un'elevata resistenza. 2850 \u00e8 sfoderato e ha un polsino corto. La vestibilit\u00e0 pre-modellata e il palmo imbottito lo rendono molto confortevole. La funzione touchscreen sulla parte superiore dell'indice consente di utilizzare lo schermo senza dover togliere il guanto. Questo modello \u00e8 adatto come guanto completo per ambienti di lavoro difficili che richiedono anche una buona destrezza, ad esempio nell'edilizia.<\/p>\n<p>FUNZIONALIT\u00c0: Senza cromo. Funzione touch sul dorso dell'indice. MANO: finta pelle. MANO SUPERIORE: Poliestere. DITA: punta delle dita rinforzata. CONFEZIONE: Fornito in paia. Prezzo\/paio. 96 paia\/scatola. CAMPO DI APPLICAZIONE: Ambienti sporchi. Lavori a tutto campo. Lavori di assemblaggio. DISPLAY: 1 informazione per l'utente\/coppia. Ganci per carta con dimensioni. TESSUTO: blu. nero. CERTIFICAZIONE: EN 388 (2111X). DPI Cat 2<\/p>\n<p>PU, poliestere<\/p>","protected":false},"excerpt":{"rendered":"<p>Die Supreme Strong-Modelle sind aus hochwertigem Kunstleder gefertigt, das hervorragende Fingerfertigkeit mit hoher Strapazierf\u00e4higkeit verbindet.Das Modell 2850 ist ungef\u00fcttert und hat eine kurze Stulpe. Die vorgeformte Passform und die gepolsterte Handfl\u00e4che machen ihn sehr bequem. Die Touchscreen-Funktion auf der Oberseite des Zeigefingers erm\u00f6glicht die Bedienung des Bildschirms, ohne den Handschuh ausziehen zu m\u00fcssen.Dieses Modell eignet [&hellip;]<\/p>\n","protected":false},"featured_media":667383,"template":"","meta":[],"product_brand":[],"product_cat":[4180],"product_tag":[],"class_list":{"0":"post-667338","1":"product","2":"type-product","3":"status-publish","4":"has-post-thumbnail","6":"product_cat-handschuhe","7":"pa_brand-blaklaeder","8":"pa_brand-type-workwear","9":"pa_filter-color-blau","10":"pa_filter-color-schwarz","12":"first","13":"instock","14":"sale","15":"taxable","16":"shipping-taxable","17":"purchasable","18":"product-type-variable","19":"add-to-wishlist-before_image"},"exclude_global_add_ons":[],"addons":[],"acf":[],"_links":{"self":[{"href":"https:\/\/shop.kustom.ch\/it\/wp-json\/wp\/v2\/product\/667338"}],"collection":[{"href":"https:\/\/shop.kustom.ch\/it\/wp-json\/wp\/v2\/product"}],"about":[{"href":"https:\/\/shop.kustom.ch\/it\/wp-json\/wp\/v2\/types\/product"}],"wp:featuredmedia":[{"embeddable":true,"href":"https:\/\/shop.kustom.ch\/it\/wp-json\/wp\/v2\/media\/667383"}],"wp:attachment":[{"href":"https:\/\/shop.kustom.ch\/it\/wp-json\/wp\/v2\/media?parent=667338"}],"wp:term":[{"taxonomy":"product_brand","embeddable":true,"href":"https:\/\/shop.kustom.ch\/it\/wp-json\/wp\/v2\/product_brand?post=667338"},{"taxonomy":"product_cat","embeddable":true,"href":"https:\/\/shop.kustom.ch\/it\/wp-json\/wp\/v2\/product_cat?post=667338"},{"taxonomy":"product_tag","embeddable":true,"href":"https:\/\/shop.kustom.ch\/it\/wp-json\/wp\/v2\/product_tag?post=667338"}],"curies":[{"name":"wp","href":"https:\/\/api.w.org\/{rel}","templated":true}]}}