{"id":667336,"date":"2025-04-29T19:43:24","date_gmt":"2025-04-29T18:43:24","guid":{"rendered":"https:\/\/shop.kustom.ch\/?post_type=product&#038;p=667336"},"modified":"2026-03-31T08:45:49","modified_gmt":"2026-03-31T07:45:49","slug":"winterhandschuh-supreme-warm","status":"publish","type":"product","link":"https:\/\/shop.kustom.ch\/it\/prodotto\/winterhandschuh-supreme-warm\/","title":{"rendered":"Guanto invernale Supreme Warm"},"content":{"rendered":"<p>Un guanto foderato e impermeabile di altissima qualit\u00e0 con una buona destrezza. La morbida pelle di capra assicura una vestibilit\u00e0 molto confortevole, mentre i rinforzi sul palmo ne aumentano la durata. Il guanto \u00e8 dotato di un polsino lungo con chiusura a velcro sul polso e di un paraneve per una personalizzazione. Il cinturino da polso consente di lasciare il guanto sulla mano quando \u00e8 necessario per lavori senza guanti. Questo guanto pu\u00f2 essere abbinato al guanto di lana modello 2999, \u00e8 adatto per lavorare in condizioni di freddo intenso e fa parte della collezione Supreme Warm, che garantisce la massima qualit\u00e0 e comfort.<\/p>\n<p>FUNZIONALIT\u00c0: Passante per guanti. Barriera contro la neve. Impermeabile. MANI: Palmo in pelle di capra. Palmo rinforzato. MANO SUPERIORE: Dorso elasticizzato. Poliammide. CONFEZIONE: Fornito in paia. Prezzo\/paio. 18 paia\/scatola. SETTORE DI APPLICAZIONE: Ambienti umidi. Ambienti freddi. Lavoro a tutto campo. DISPLAY: Gancio con codice colore e misura. TESSUTO: nero. bianco. CERTIFICAZIONE: EN 388 (3121X). EN 511 (321). DPI Cat 2<\/p>\n<p>Pelle di capra pieno fiore, poliammide<\/p>","protected":false},"excerpt":{"rendered":"<p>Ein gef\u00fctterter und wasserdichter Handschuh von h\u00f6chster Qualit\u00e4t mit guter Fingerfertigkeit. Das weiche Ziegenleder sorgt f\u00fcr eine sehr bequeme Passform, und Verst\u00e4rkungen in der Handfl\u00e4che erh\u00f6hen die Haltbarkeit.Der Handschuh hat eine lange Stulpe mit Klettverschluss am Handgelenk und einen Schneefang zur pers\u00f6nlichen Anpassung. Die Handgelenksschlaufe erm\u00f6glicht es, den Handschuh an der Hand zu lassen, wenn [&hellip;]<\/p>\n","protected":false},"featured_media":667369,"template":"","meta":[],"product_brand":[],"product_cat":[4180],"product_tag":[],"class_list":{"0":"post-667336","1":"product","2":"type-product","3":"status-publish","4":"has-post-thumbnail","6":"product_cat-handschuhe","7":"pa_brand-blaklaeder","8":"pa_brand-type-workwear","9":"pa_filter-color-schwarz","10":"pa_filter-color-weiss","12":"first","13":"instock","14":"sale","15":"taxable","16":"shipping-taxable","17":"purchasable","18":"product-type-variable","19":"add-to-wishlist-before_image"},"exclude_global_add_ons":[],"addons":[],"acf":[],"_links":{"self":[{"href":"https:\/\/shop.kustom.ch\/it\/wp-json\/wp\/v2\/product\/667336"}],"collection":[{"href":"https:\/\/shop.kustom.ch\/it\/wp-json\/wp\/v2\/product"}],"about":[{"href":"https:\/\/shop.kustom.ch\/it\/wp-json\/wp\/v2\/types\/product"}],"wp:featuredmedia":[{"embeddable":true,"href":"https:\/\/shop.kustom.ch\/it\/wp-json\/wp\/v2\/media\/667369"}],"wp:attachment":[{"href":"https:\/\/shop.kustom.ch\/it\/wp-json\/wp\/v2\/media?parent=667336"}],"wp:term":[{"taxonomy":"product_brand","embeddable":true,"href":"https:\/\/shop.kustom.ch\/it\/wp-json\/wp\/v2\/product_brand?post=667336"},{"taxonomy":"product_cat","embeddable":true,"href":"https:\/\/shop.kustom.ch\/it\/wp-json\/wp\/v2\/product_cat?post=667336"},{"taxonomy":"product_tag","embeddable":true,"href":"https:\/\/shop.kustom.ch\/it\/wp-json\/wp\/v2\/product_tag?post=667336"}],"curies":[{"name":"wp","href":"https:\/\/api.w.org\/{rel}","templated":true}]}}