{"id":667276,"date":"2025-04-29T19:42:54","date_gmt":"2025-04-29T18:42:54","guid":{"rendered":"https:\/\/shop.kustom.ch\/?post_type=product&#038;p=667276"},"modified":"2026-03-31T08:41:21","modified_gmt":"2026-03-31T07:41:21","slug":"sprinter-sicherheitsschuh","status":"publish","type":"product","link":"https:\/\/shop.kustom.ch\/it\/prodotto\/sprinter-sicherheitsschuh\/","title":{"rendered":"Scarpa di sicurezza SPRINTER"},"content":{"rendered":"<p>Uno stivale leggero e funzionale con una tomaia in pelle resistente con rinforzi aggiuntivi nella zona della punta e del tallone per una maggiore resistenza all'abrasione. Il puntale \u00e8 in materiale composito e la protezione contro la penetrazione dei chiodi \u00e8 morbida, flessibile e non metallica secondo lo standard PS e soddisfa i requisiti di resistenza con i chiodi pi\u00f9 sottili da 3 mm. L'intersuola \u00e8 in PU per un assorbimento degli urti perfettamente bilanciato e ha una suola in TPU antiscivolo. La soletta anatomica in morbido materiale PU assicura un comfort ottimale, mentre la tomaia in tessuto garantisce un eccellente assorbimento dell'umidit\u00e0. Questo stivale \u00e8 ideale per il lavoro in magazzini, servizi, logistica e industria. Forma da donna nelle taglie 35-39.<\/p>\n<p>FUNZIONALIT\u00c0: Soletta traspirante. Testato ESD (approvato secondo la norma IEC 61340-5-1). Bordo dell'albero imbottito. Senza metallo. Suola oleorepellente. Idrorepellente. Rinforzo in punta. TOMAIA: Pelle intera. Vestibilit\u00e0: Ampia. MATERIALE DEL TOMAIO: Tessile PS. FODERA: Poliestere. MATERIALE DELLA SUOLA: Tessile, morbido PU. TESSUTO: grigio. verde. nero. ESD. Senza metallo. idrorepellente. USP: Soletta anatomica in PU morbido. Soletta traspirante. Omologazione ESD. Suola resistente agli oli. Protezione contro la penetrazione tessile in standard PS. Puntale in materiale composito. Idrorepellente e resistente. MATERIALE DEL PLANTARE: Composito. CERTIFICAZIONE: EN ISO 20345:2022 S3S FO SR SC<\/p>","protected":false},"excerpt":{"rendered":"<p>Ein leichter und funktioneller Stiefel mit einem strapazierf\u00e4higen Obermaterial aus Leder mit zus\u00e4tzlicher Verst\u00e4rkung im Zehen- und Fersenbereich f\u00fcr erh\u00f6hte Abriebfestigkeit. Die Zehenschutzkappe ist aus Komposit und der Nageldurchtrittschutz ist weich, flexibel und nichtmetallisch nach PS-Standard und erf\u00fcllt die harten Anforderungen mit d\u00fcnneren 3 mm N\u00e4geln. Die Zwischensohle besteht aus PU f\u00fcr eine perfekt ausgewogene [&hellip;]<\/p>\n","protected":false},"featured_media":667304,"template":"","meta":[],"product_brand":[],"product_cat":[4197,4209],"product_tag":[],"class_list":{"0":"post-667276","1":"product","2":"type-product","3":"status-publish","4":"has-post-thumbnail","6":"product_cat-schuhe-sandalen","7":"product_cat-zubehoer","8":"pa_brand-blaklaeder","9":"pa_brand-type-workwear","10":"pa_filter-color-gruen","12":"first","13":"instock","14":"sale","15":"taxable","16":"shipping-taxable","17":"purchasable","18":"product-type-variable","19":"add-to-wishlist-before_image"},"exclude_global_add_ons":[],"addons":[],"acf":[],"_links":{"self":[{"href":"https:\/\/shop.kustom.ch\/it\/wp-json\/wp\/v2\/product\/667276"}],"collection":[{"href":"https:\/\/shop.kustom.ch\/it\/wp-json\/wp\/v2\/product"}],"about":[{"href":"https:\/\/shop.kustom.ch\/it\/wp-json\/wp\/v2\/types\/product"}],"wp:featuredmedia":[{"embeddable":true,"href":"https:\/\/shop.kustom.ch\/it\/wp-json\/wp\/v2\/media\/667304"}],"wp:attachment":[{"href":"https:\/\/shop.kustom.ch\/it\/wp-json\/wp\/v2\/media?parent=667276"}],"wp:term":[{"taxonomy":"product_brand","embeddable":true,"href":"https:\/\/shop.kustom.ch\/it\/wp-json\/wp\/v2\/product_brand?post=667276"},{"taxonomy":"product_cat","embeddable":true,"href":"https:\/\/shop.kustom.ch\/it\/wp-json\/wp\/v2\/product_cat?post=667276"},{"taxonomy":"product_tag","embeddable":true,"href":"https:\/\/shop.kustom.ch\/it\/wp-json\/wp\/v2\/product_tag?post=667276"}],"curies":[{"name":"wp","href":"https:\/\/api.w.org\/{rel}","templated":true}]}}