{"id":667147,"date":"2025-04-29T19:41:35","date_gmt":"2025-04-29T18:41:35","guid":{"rendered":"https:\/\/shop.kustom.ch\/?post_type=product&#038;p=667147"},"modified":"2026-03-31T08:17:11","modified_gmt":"2026-03-31T07:17:11","slug":"high-vis-arbeitshose-4-wege-stretch-4","status":"publish","type":"product","link":"https:\/\/shop.kustom.ch\/it\/prodotto\/high-vis-arbeitshose-4-wege-stretch-4\/","title":{"rendered":"Pantaloni da lavoro High Vis elasticizzati in 4 direzioni"},"content":{"rendered":"<p>Pantaloni ad alta visibilit\u00e0 realizzati in morbido materiale elasticizzato in 4 direzioni che offre il massimo comfort e garantisce la visibilit\u00e0 quando serve. I pantaloni sono dotati di strisce riflettenti segmentate. Le tasche per le ginocchiere offrono protezione e comfort quando si lavora in ginocchio. Dotati di dispositivi per il fissaggio delle borse portautensili CORDURA\u00ae (art. 2170), vendute separatamente.<\/p>\n<p>FUNZIONALIT\u00c0: gambe dei pantaloni particolarmente ergonomiche. DETTAGLI: Tasca per carte d'identit\u00e0 staccabile. Anello a D. Bottoni in metallo. Portacoltelli con bottone. Zip in plastica sul cavallo. Ampi passanti per cintura sul retro e sui lati. Due passanti sui lati con bottone per il portamartello. Anello a D sulla cintura. TASCHE: Tasca sulla gamba con soffietto e patta con chiusura a velcro e tasca interna per cellulare in rete. Tasche posteriori rinforzate con soffietti. Tasche per ginocchiere. Tasche laterali. Supporti prefabbricati per tasche portautensili staccabili. Le tasche portautensili CORDURA\u00ae sono vendute separatamente (art. 2170). Tasca rinforzata per regolo pieghevole con portacoltelli e portapenne. RINFORZI: rinforzi in CORDURA\u00ae sulle ginocchia e sulle tasche. REFLEX: materiale riflettente intorno alle gambe. ISTRUZIONI DI LAVAGGIO: Numero di lavaggi: 50. 60\u00b0 C. Non candeggiare. Non stirare. Non lavare a secco. Asciugare in asciugatrice a bassa temperatura. PROPRIET\u00c0 PRINCIPALI: Artigiani. Lavoratori stradali ed edili. EN 14004. EN ISO 20471. TESSUTO: Uomo. blu. Giallo alta visibilit\u00e0. Arancione ad alta visibilit\u00e0. Rosso alta visibilit\u00e0. nero. Tasche per ginocchiere. Stretch. Stretch. Alta visibilit\u00e0. USP: stretch a 4 vie. Tasche per ginocchiere rinforzate in CORDURA\u00ae. Strisce riflettenti segmentate. Tasche rinforzate. Gambe preformate. CERTIFICAZIONE: EN 14404:2004+A1:2010 insieme alle ginocchiere 4027, 4057, 4058 e 4032. EN ISO 20471, classe 1. gruppo di certificazione W<\/p>\n<p>100% poliestere, doppio tessuto, elasticizzato in 4 direzioni, 260 g\/m\u00b2<\/p>","protected":false},"excerpt":{"rendered":"<p>Warnschutzhose aus weichem und geschmeidigem 4-Wege-Stretchmaterial, das ultimativen Komfort bietet und daf\u00fcr sorgt, dass Sie gesehen werden, wenn es darauf ankommt. Die Hose ist mit segmentierten Reflexstreifen ausgestattet. Kniepolstertaschen bieten Schutz und Komfort bei Arbeiten auf den Knien. Ausgestattet mit Vorrichtungen f\u00fcr die Befestigung von CORDURA\u00ae-Werkzeugtaschen (Art. 2170), die separat erh\u00e4ltlich sind. FUNKTIONALIT\u00c4T: Besonders ergonomisch [&hellip;]<\/p>\n","protected":false},"featured_media":667181,"template":"","meta":[],"product_brand":[],"product_cat":[4185],"product_tag":[],"class_list":{"0":"post-667147","1":"product","2":"type-product","3":"status-publish","4":"has-post-thumbnail","6":"product_cat-hosen","7":"pa_brand-blaklaeder","8":"pa_brand-type-workwear","9":"pa_filter-color-blau","10":"pa_filter-color-gelb","11":"pa_filter-color-orange","12":"pa_filter-color-rot","13":"pa_filter-color-schwarz","15":"first","16":"instock","17":"sale","18":"taxable","19":"shipping-taxable","20":"purchasable","21":"product-type-variable","22":"add-to-wishlist-before_image"},"exclude_global_add_ons":[],"addons":[],"acf":[],"_links":{"self":[{"href":"https:\/\/shop.kustom.ch\/it\/wp-json\/wp\/v2\/product\/667147"}],"collection":[{"href":"https:\/\/shop.kustom.ch\/it\/wp-json\/wp\/v2\/product"}],"about":[{"href":"https:\/\/shop.kustom.ch\/it\/wp-json\/wp\/v2\/types\/product"}],"wp:featuredmedia":[{"embeddable":true,"href":"https:\/\/shop.kustom.ch\/it\/wp-json\/wp\/v2\/media\/667181"}],"wp:attachment":[{"href":"https:\/\/shop.kustom.ch\/it\/wp-json\/wp\/v2\/media?parent=667147"}],"wp:term":[{"taxonomy":"product_brand","embeddable":true,"href":"https:\/\/shop.kustom.ch\/it\/wp-json\/wp\/v2\/product_brand?post=667147"},{"taxonomy":"product_cat","embeddable":true,"href":"https:\/\/shop.kustom.ch\/it\/wp-json\/wp\/v2\/product_cat?post=667147"},{"taxonomy":"product_tag","embeddable":true,"href":"https:\/\/shop.kustom.ch\/it\/wp-json\/wp\/v2\/product_tag?post=667147"}],"curies":[{"name":"wp","href":"https:\/\/api.w.org\/{rel}","templated":true}]}}