{"id":667146,"date":"2025-04-29T19:41:34","date_gmt":"2025-04-29T18:41:34","guid":{"rendered":"https:\/\/shop.kustom.ch\/?post_type=product&#038;p=667146"},"modified":"2026-03-31T09:14:35","modified_gmt":"2026-03-31T08:14:35","slug":"kinder-flatbrim-kappe","status":"publish","type":"product","link":"https:\/\/shop.kustom.ch\/it\/prodotto\/kinder-flatbrim-kappe\/","title":{"rendered":"Berretto a tesa piatta per bambini"},"content":{"rendered":"<p>Berretto per bambini di alta qualit\u00e0 con tesa piatta e ricamo frontale alla moda. Presenta dettagli interni raffinati e una morbida fascia antisudore per le giornate calde. Eccellenti aree di branding su tutto il perimetro per ulteriori ricami e stampe transfer. Chiusura a scatto sul retro.<\/p>\n<p>DETTAGLI: Logo Bl\u00e5kl\u00e4der intrecciato sul retro. Adesivo sulla visiera. Regolabile con snapback. Tesa piatta.   Ricamo B sul davanti. ISTRUZIONI DI LAVAGGIO: Lavare a mano. Non candeggiare. Non stirare. Non lavare a secco. Non centrifugare. PROPRIET\u00c0 PRINCIPALI: Bambini. MISURA: 50-54 cm<\/p>\n<p>100% Poliestere<\/p>","protected":false},"excerpt":{"rendered":"<p>Hochwertige Kinderkappe mit flacher Krempe und modischer Frontstickerei. Sie verf\u00fcgt \u00fcber feine Innendetails und ein weiches Schweissband f\u00fcr warme Tage. Hervorragende Brandingfl\u00e4chen rundum f\u00fcr zus\u00e4tzliche Stickereien und Transferdrucke. Snapback-Verschluss auf der R\u00fcckseite. DETAILS: Gewebtes Bl\u00e5kl\u00e4der Logo hinten. Aufkleber am Visier. Einstellbar mit Snapback. Flache Krempe. Stickerei B auf der Vorderseite. WASCHANLEITUNG: Handw\u00e4sche. Nicht bleichen. Nicht [&hellip;]<\/p>\n","protected":false},"featured_media":667179,"template":"","meta":[],"product_brand":[],"product_cat":[4177,4209],"product_tag":[],"class_list":{"0":"post-667146","1":"product","2":"type-product","3":"status-publish","4":"has-post-thumbnail","6":"product_cat-caps-muetzen","7":"product_cat-zubehoer","8":"pa_brand-blaklaeder","9":"pa_brand-type-workwear","10":"pa_filter-color-schwarz","12":"first","13":"instock","14":"sale","15":"taxable","16":"shipping-taxable","17":"purchasable","18":"product-type-variable","19":"add-to-wishlist-before_image"},"exclude_global_add_ons":[],"addons":[],"acf":[],"_links":{"self":[{"href":"https:\/\/shop.kustom.ch\/it\/wp-json\/wp\/v2\/product\/667146"}],"collection":[{"href":"https:\/\/shop.kustom.ch\/it\/wp-json\/wp\/v2\/product"}],"about":[{"href":"https:\/\/shop.kustom.ch\/it\/wp-json\/wp\/v2\/types\/product"}],"wp:featuredmedia":[{"embeddable":true,"href":"https:\/\/shop.kustom.ch\/it\/wp-json\/wp\/v2\/media\/667179"}],"wp:attachment":[{"href":"https:\/\/shop.kustom.ch\/it\/wp-json\/wp\/v2\/media?parent=667146"}],"wp:term":[{"taxonomy":"product_brand","embeddable":true,"href":"https:\/\/shop.kustom.ch\/it\/wp-json\/wp\/v2\/product_brand?post=667146"},{"taxonomy":"product_cat","embeddable":true,"href":"https:\/\/shop.kustom.ch\/it\/wp-json\/wp\/v2\/product_cat?post=667146"},{"taxonomy":"product_tag","embeddable":true,"href":"https:\/\/shop.kustom.ch\/it\/wp-json\/wp\/v2\/product_tag?post=667146"}],"curies":[{"name":"wp","href":"https:\/\/api.w.org\/{rel}","templated":true}]}}