{"id":667116,"date":"2025-04-29T19:41:10","date_gmt":"2025-04-29T18:41:10","guid":{"rendered":"https:\/\/shop.kustom.ch\/?post_type=product&#038;p=667116"},"modified":"2026-03-31T09:09:17","modified_gmt":"2026-03-31T08:09:17","slug":"damen-multinorm-arbeitshose-2","status":"publish","type":"product","link":"https:\/\/shop.kustom.ch\/it\/prodotto\/damen-multinorm-arbeitshose-2\/","title":{"rendered":"Pantaloni da lavoro multinorm da donna"},"content":{"rendered":"<p>Pantaloni da lavoro multinorm con tasche portautensili che offrono la massima protezione quando si lavora in ambienti difficili. Realizzati in materiale resistente, offrono una buona vestibilit\u00e0 e un rinforzo aggiuntivo sulle ginocchia. Con soluzioni di tasche funzionali per gli attrezzi e dettagli accurati, come il tessuto di colore scuro nelle aree a rischio di sporcizia. Tasche per ginocchiere rinforzate in Cordura\u00ae\/Kevlar\u00ae. Testati per la lavanderia industriale, certificati secondo le norme EN ISO 20471, EN 1149-5, IEC 61482-2, EN ISO 11612, ATPV: 11,0 cal\/cm\u00b2.<\/p>\n<p>FUNZIONALIT\u00c0: superficie oleorepellente, antisporco e idrorepellente. DETTAGLI: Tasca portadocumenti staccabile per indumenti ignifughi. Etichette di certificazione esterne. Passanti. Elastico in vita. TASCHE: Tasca sulla gamba con soffietto, patta e tasca portapenne, tasca supplementare, tasca portacellulare e tasca portacarte d'identit\u00e0. Tasche posteriori con patta, nascoste da bottoni metallici. Tasche interne per ginocchiere. Tasche anteriori con patta e bottone a pressione. Tasche portautensili - in 3 parti ed extra larghe. Tasca rinforzata per regolo pieghevole con portacoltelli e portapenne. RINFORZO: CORDURA\u00ae\/Kevlar\u00ae\/Protal\u00ae - rinforzato sulle ginocchia. REFLEX: strisce riflettenti ignifughe con doppie cuciture. CHIUSURA: opzione di estensione sul fondo della gamba, non applicabile alle taglie D. ISTRUZIONI DI LAVAGGIO: 60\u00b0 C. Non candeggiare. Non stirare. Non lavare a secco. PRO: adatto all'asciugatura in tamburo. Asciugatrice - bassa. PROPRIET\u00c0 PRINCIPALI: Artigiano. Personale di servizio. EN 1149-5. EN 14004. EN 61482-2. EN ISO 11612. EN ISO 20471. TESSUTO: blu. Giallo alta visibilit\u00e0. Tasche per ginocchiere. Tasche per utensili. Protezione dalle fiamme. CERTIFICAZIONE: EN 1149-5. EN 14404:2004+A1:2010 insieme alle ginocchiere 4027 e 4057. EN ISO 11612 A1,A2,B1,C1,F1. EN ISO 20471, classe 1. Massimo 50 lavaggi. Gruppo di certificazione W. ATPV - 11 cal\/cm\u00b2. IEC 61482-2, APC 1<\/p>\n<p>75% cotone, 24% poliestere, 1% antistatico, twill, ritardante di fiamma, antistatico, 350 g\/m\u00b2<\/p>","protected":false},"excerpt":{"rendered":"<p>Multinorm Arbeitshose mit Werkzeugtaschen, die maximalen Schutz bei Arbeiten in schwierigen Umgebungen bietet. Sie ist aus strapazierf\u00e4higem Material gefertigt, bietet eine gute Passform und eine zus\u00e4tzliche Knieverst\u00e4rkung. Mit funktionellen Taschenl\u00f6sungen f\u00fcr Ihr Werkzeug und durchdachten Details wie dunklem Stoff in schmutzanf\u00e4lligen Bereichen. Verst\u00e4rkte Kniepolstertaschen aus Cordura\u00ae\/Kevlar\u00ae. Getestet f\u00fcr industrielle W\u00e4sche.Zertifiziert nach EN ISO 20471, EN [&hellip;]<\/p>\n","protected":false},"featured_media":667124,"template":"","meta":[],"product_brand":[],"product_cat":[4185],"product_tag":[],"class_list":{"0":"post-667116","1":"product","2":"type-product","3":"status-publish","4":"has-post-thumbnail","6":"product_cat-hosen","7":"pa_brand-blaklaeder","8":"pa_brand-type-workwear","9":"pa_filter-color-blau","10":"pa_filter-color-gelb","12":"first","13":"instock","14":"sale","15":"taxable","16":"shipping-taxable","17":"purchasable","18":"product-type-variable","19":"add-to-wishlist-before_image"},"exclude_global_add_ons":[],"addons":[],"acf":[],"_links":{"self":[{"href":"https:\/\/shop.kustom.ch\/it\/wp-json\/wp\/v2\/product\/667116"}],"collection":[{"href":"https:\/\/shop.kustom.ch\/it\/wp-json\/wp\/v2\/product"}],"about":[{"href":"https:\/\/shop.kustom.ch\/it\/wp-json\/wp\/v2\/types\/product"}],"wp:featuredmedia":[{"embeddable":true,"href":"https:\/\/shop.kustom.ch\/it\/wp-json\/wp\/v2\/media\/667124"}],"wp:attachment":[{"href":"https:\/\/shop.kustom.ch\/it\/wp-json\/wp\/v2\/media?parent=667116"}],"wp:term":[{"taxonomy":"product_brand","embeddable":true,"href":"https:\/\/shop.kustom.ch\/it\/wp-json\/wp\/v2\/product_brand?post=667116"},{"taxonomy":"product_cat","embeddable":true,"href":"https:\/\/shop.kustom.ch\/it\/wp-json\/wp\/v2\/product_cat?post=667116"},{"taxonomy":"product_tag","embeddable":true,"href":"https:\/\/shop.kustom.ch\/it\/wp-json\/wp\/v2\/product_tag?post=667116"}],"curies":[{"name":"wp","href":"https:\/\/api.w.org\/{rel}","templated":true}]}}