{"id":667082,"date":"2025-04-29T19:40:40","date_gmt":"2025-04-29T18:40:40","guid":{"rendered":"https:\/\/shop.kustom.ch\/?post_type=product&#038;p=667082"},"modified":"2026-03-31T09:08:26","modified_gmt":"2026-03-31T08:08:26","slug":"damen-winteroverall","status":"publish","type":"product","link":"https:\/\/shop.kustom.ch\/it\/prodotto\/damen-winteroverall\/","title":{"rendered":"Tuta invernale da donna"},"content":{"rendered":"<p>Una tuta invernale che facilita la vita quotidiana e aumenta l'efficienza lavorativa. \u00c8 realizzata in materiale antivento, impermeabile e traspirante con cuciture nastrate. \u00c8 caldamente imbottita e dotata di ventilazione posteriore, tasche interne per la protezione delle ginocchia e un cappuccio staccabile e regolabile. La tuta ha una cintura in vita ed \u00e8 dotata di attacchi per le tasche portautensili CORDURA\u00ae disponibili separatamente (art. 2170).<\/p>\n<p>FUNZIONALIT\u00c0: Ventilazione sul retro. Inserto elasticizzato sul retro. Caldamente foderato. Materiale antivento e impermeabile con traspirabilit\u00e0, cuciture nastrate. DETTAGLI: Tasca per carte d'identit\u00e0 staccabile. Soffietti sulla schiena. Cappuccio staccabile e regolabile con fodera calda. Bottoni a pressione in metallo. Colletto foderato in pile. Cuciture nastrate. Inserto elasticizzato sul retro. Passanti. Gonna da neve con chiusura a velcro e bottone. Vita elasticizzata. TASCHE: Tasca sul petto con zip. Tasca interna per cellulare. Tasca interna con zip. Tasche interne per ginocchiere. Tasche anteriori con cerniera. Supporti prefabbricati per tasche portautensili staccabili. Le tasche portautensili CORDURA\u00ae sono vendute separatamente (art. 2170). Tasca per regolo pieghevole con portapenne. CHIUSURA ANTERIORE: zip nascosta a 2 vie in plastica. Patta antivento interna. ACCESSORI: Cintura elastica. REFLEX: Dettagli riflettenti sulla gamba. Materiale riflettente sul davanti, sulle maniche e sul cappuccio. CHIUSURE: Polsini interni con foro per il pollice. Polsini regolabili con chiusura in velcro. Polsini regolabili con chiusura a zip e velcro. ISTRUZIONI DI LAVAGGIO: 40\u00b0 C. Non candeggiare. Non stirare. Non lavare a secco. Non centrifugare. PROPRIET\u00c0 PRINCIPALI: Tettieri. Giardinieri. Artigiani. Signore. Disponibile per uomo e donna. EN 14004. EN 342. EN 343. TESSUTO: Donna. Disponibile per uomo e donna. nero. Traspirabilit\u00e0. Tasche per ginocchiere. impermeabile. antivento. Vento \/ bagnato \/ freddo. CERTIFICAZIONE: EN 14404:2004+A1:2010 insieme alle ginocchiere 4027, 4057, 4058 e 4032. EN 342. EN 343<\/p>\n<p>100% poliestere, Oxford, rivestito, impermeabile 15.000 mm, antivento, traspirante Ret 8.5, 200g\/m\u00b2<\/p>","protected":false},"excerpt":{"rendered":"<p>Ein Winteroverall, der den Alltag erleichtert und die Arbeitseffizienz steigert. Er besteht aus wind- und wasserdichtem, atmungsaktivem Material mit versiegelten N\u00e4hten. Er ist warm gepolstert und verf\u00fcgt \u00fcber eine R\u00fcckenbel\u00fcftung, interne Knieschutztaschen und eine abnehmbare, verstellbare Kapuze. Der Overall hat einen Tailleng\u00fcrtel und ist mit Vorrichtungen f\u00fcr separat erh\u00e4ltliche CORDURA\u00ae-Werkzeugtaschen (Art. 2170) ausgestattet. FUNKTIONALIT\u00c4T: L\u00fcftung [&hellip;]<\/p>\n","protected":false},"featured_media":667115,"template":"","meta":[],"product_brand":[],"product_cat":[10454],"product_tag":[],"class_list":{"0":"post-667082","1":"product","2":"type-product","3":"status-publish","4":"has-post-thumbnail","6":"product_cat-overalls","7":"pa_brand-blaklaeder","8":"pa_brand-type-workwear","9":"pa_filter-color-schwarz","11":"first","12":"instock","13":"sale","14":"taxable","15":"shipping-taxable","16":"purchasable","17":"product-type-variable","18":"add-to-wishlist-before_image"},"exclude_global_add_ons":[],"addons":[],"acf":[],"_links":{"self":[{"href":"https:\/\/shop.kustom.ch\/it\/wp-json\/wp\/v2\/product\/667082"}],"collection":[{"href":"https:\/\/shop.kustom.ch\/it\/wp-json\/wp\/v2\/product"}],"about":[{"href":"https:\/\/shop.kustom.ch\/it\/wp-json\/wp\/v2\/types\/product"}],"wp:featuredmedia":[{"embeddable":true,"href":"https:\/\/shop.kustom.ch\/it\/wp-json\/wp\/v2\/media\/667115"}],"wp:attachment":[{"href":"https:\/\/shop.kustom.ch\/it\/wp-json\/wp\/v2\/media?parent=667082"}],"wp:term":[{"taxonomy":"product_brand","embeddable":true,"href":"https:\/\/shop.kustom.ch\/it\/wp-json\/wp\/v2\/product_brand?post=667082"},{"taxonomy":"product_cat","embeddable":true,"href":"https:\/\/shop.kustom.ch\/it\/wp-json\/wp\/v2\/product_cat?post=667082"},{"taxonomy":"product_tag","embeddable":true,"href":"https:\/\/shop.kustom.ch\/it\/wp-json\/wp\/v2\/product_tag?post=667082"}],"curies":[{"name":"wp","href":"https:\/\/api.w.org\/{rel}","templated":true}]}}