{"id":667055,"date":"2025-04-29T19:40:09","date_gmt":"2025-04-29T18:40:09","guid":{"rendered":"https:\/\/shop.kustom.ch\/?post_type=product&#038;p=667055"},"modified":"2026-03-31T09:08:20","modified_gmt":"2026-03-31T08:08:20","slug":"multinorm-overall-2","status":"publish","type":"product","link":"https:\/\/shop.kustom.ch\/it\/prodotto\/multinorm-overall-2\/","title":{"rendered":"Multinorm complessivamente"},"content":{"rendered":"<p>Una tuta repellente all'olio, allo sporco e all'acqua che offre la massima protezione quando si lavora in ambienti difficili. \u00c8 realizzata in materiale resistente e offre una buona vestibilit\u00e0 grazie alle pieghe sulla schiena e ai polsini regolabili. \u00c8 dotata di tasche sul petto, tasche esterne per ginocchiere e catarifrangenti cuciti che resistono ai lavaggi industriali. \u00c8 inoltre dotato di due passanti per il fissaggio di rilevatori di gas, analizzatori di ossigeno e microfoni. Testato per la lavanderia industriale e certificato secondo le norme EN 14404, EN 1149-5, EN ISO 11611, EN 13034, EN ISO 20471, EN ISO 11612 e IEC 61482-2. <\/p>\n<p>FUNZIONALIT\u00c0: Senza metallo. Superficie oleorepellente, antisporco e idrorepellente. DETTAGLI: Tasca portadocumenti staccabile per indumenti ignifughi. Soffietti sul retro. Etichette di certificazione esterne. Collo alto con cerniera. Vita elastica regolabile. TASCHE: Tasca sulla gamba con soffietto, tasca per cellulare e tasca per penna. Tasca sul petto con zip. Tasche sul petto con pattina. Tasche posteriori con soffietto e patta. Tasca interna con chiusura a velcro. Tasche esterne per ginocchiere. Tasche interne con pattina. Apertura con patta per poter afferrare l'indumento sottostante. Tasca porta metro pieghevole con portacoltelli e portapenne. CHIUSURA ANTERIORE: Chiusura anteriore con bottoni a pressione in plastica nascosti. Zip a scomparsa a 2 vie in plastica. REFLEX: strisce riflettenti ignifughe con doppie cuciture. CHIUSURA: Polsini regolabili con bottoni a pressione. Possibilit\u00e0 di estensione sul fondo gamba, non applicabile alle taglie D. ISTRUZIONI DI LAVAGGIO: 60\u00b0 C. Non candeggiare. Non candeggiare. Non stirare. Non lavare a secco. PRO: adatto all'asciugatura in tamburo. Asciugatrice - bassa. PROPRIET\u00c0 PRINCIPALI: Elettricista. Artigiani. Lavoratori stradali ed edili. Uomini. EN 1149-5. EN 13034. EN 14004. EN 61482-2. EN ISO 11611. EN ISO 11612. EN ISO 20471. TESSUTO: blu. Giallo alta visibilit\u00e0. Tasche per ginocchiere. Ritardante di fiamma. CERTIFICAZIONE: EN 1149-5. EN 13034 PB (6). Massimo 20 lavaggi. EN 14404 2004+A1 2010, tipo 1, livello 0 insieme alla ginocchiera art. 4057. EN ISO 11611, classe 1 A1+A2. EN ISO 11612 A1, A2, B1, C1, E3, F1. EN ISO 20471, classe 3. max. 50 lavaggi. ATPV - 11 cal\/cm\u00b2. IEC 61482-2, APC 1<\/p>\n<p>75% cotone, 24% poliestere, 1% antistatico, twill, ritardante di fiamma, antistatico, 350 g\/m\u00b2<\/p>","protected":false},"excerpt":{"rendered":"<p>Ein \u00f6l-, schmutz- und wasserabweisender Overall, der maximalen Schutz bei Arbeiten in rauen Umgebungen bietet. Er ist aus strapazierf\u00e4higem Material gefertigt und bietet eine gute Passform mit Falten im R\u00fccken und verstellbaren \u00c4rmelabschl\u00fcssen. Er verf\u00fcgt \u00fcber Brusttaschen, externe Kniepolstertaschen und aufgen\u00e4hte Reflektoren, die einer industriellen W\u00e4sche standhalten. Ausserdem ist sie mit zwei Schlaufen zur Befestigung [&hellip;]<\/p>\n","protected":false},"featured_media":667093,"template":"","meta":[],"product_brand":[],"product_cat":[10454],"product_tag":[],"class_list":{"0":"post-667055","1":"product","2":"type-product","3":"status-publish","4":"has-post-thumbnail","6":"product_cat-overalls","7":"pa_brand-blaklaeder","8":"pa_brand-type-workwear","9":"pa_filter-color-blau","10":"pa_filter-color-gelb","12":"first","13":"instock","14":"sale","15":"taxable","16":"shipping-taxable","17":"purchasable","18":"product-type-variable","19":"add-to-wishlist-before_image"},"exclude_global_add_ons":[],"addons":[],"acf":[],"_links":{"self":[{"href":"https:\/\/shop.kustom.ch\/it\/wp-json\/wp\/v2\/product\/667055"}],"collection":[{"href":"https:\/\/shop.kustom.ch\/it\/wp-json\/wp\/v2\/product"}],"about":[{"href":"https:\/\/shop.kustom.ch\/it\/wp-json\/wp\/v2\/types\/product"}],"wp:featuredmedia":[{"embeddable":true,"href":"https:\/\/shop.kustom.ch\/it\/wp-json\/wp\/v2\/media\/667093"}],"wp:attachment":[{"href":"https:\/\/shop.kustom.ch\/it\/wp-json\/wp\/v2\/media?parent=667055"}],"wp:term":[{"taxonomy":"product_brand","embeddable":true,"href":"https:\/\/shop.kustom.ch\/it\/wp-json\/wp\/v2\/product_brand?post=667055"},{"taxonomy":"product_cat","embeddable":true,"href":"https:\/\/shop.kustom.ch\/it\/wp-json\/wp\/v2\/product_cat?post=667055"},{"taxonomy":"product_tag","embeddable":true,"href":"https:\/\/shop.kustom.ch\/it\/wp-json\/wp\/v2\/product_tag?post=667055"}],"curies":[{"name":"wp","href":"https:\/\/api.w.org\/{rel}","templated":true}]}}