{"id":667033,"date":"2025-04-29T19:39:39","date_gmt":"2025-04-29T18:39:39","guid":{"rendered":"https:\/\/shop.kustom.ch\/?post_type=product&#038;p=667033"},"modified":"2026-03-31T09:07:21","modified_gmt":"2026-03-31T08:07:21","slug":"kinder-weste-high-vis","status":"publish","type":"product","link":"https:\/\/shop.kustom.ch\/it\/prodotto\/kinder-weste-high-vis\/","title":{"rendered":"Gilet per bambini High Vis"},"content":{"rendered":"<p>Gilet ad alta visibilit\u00e0 per bambini con due strisce orizzontali riflettenti che circondano il gilet. Cinghie elastiche sui lati. Chiusure in velcro sul lato destro e sulla spalla destra per facilitare la vestizione e la rimozione.<\/p>\n<p>DETTAGLI: scollo a fascia. REFLEX: strisce riflettenti larghe 50 mm. ISTRUZIONI DI LAVAGGIO: 40\u00b0 C. Non candeggiare. Non stirare. Non lavare a secco. Non centrifugare. PROPRIET\u00c0 PRINCIPALI: EN 17353. TESSUTO: Bambini. Giallo alta visibilit\u00e0. Visibile. CERTIFICAZIONE: EN 17353 - Tipo AB3.<\/p>\n<p>100 poliestere %, maglia indemagliabile, anti-pilling, 120 g\/m\u00b2<\/p>","protected":false},"excerpt":{"rendered":"<p>Eine Warnweste f\u00fcr Kinder mit zwei horizontalen Reflexstreifen, die die Weste umschliessen. Elastische B\u00e4nder an den Seiten. Klettverschl\u00fcsse an der rechten Seite und der rechten Schulter zum einfachen An- und Ausziehen. DETAILS: Halsausschnitt geb\u00e4ndert. REFLEX: 50 mm breite Reflexstreifen. WASCHANLEITUNG: 40\u00b0 C. Nicht bleichen. Nicht b\u00fcgeln. Nicht chemisch reinigen. Nicht schleudern. HAUPTEIGENSCHAFTEN: EN 17353. STOFF: [&hellip;]<\/p>\n","protected":false},"featured_media":667090,"template":"","meta":[],"product_brand":[],"product_cat":[4208],"product_tag":[],"class_list":{"0":"post-667033","1":"product","2":"type-product","3":"status-publish","4":"has-post-thumbnail","6":"product_cat-westen","7":"pa_brand-blaklaeder","8":"pa_brand-type-workwear","9":"pa_filter-color-gelb","11":"first","12":"instock","13":"sale","14":"taxable","15":"shipping-taxable","16":"purchasable","17":"product-type-variable","18":"add-to-wishlist-before_image"},"exclude_global_add_ons":[],"addons":[],"acf":[],"_links":{"self":[{"href":"https:\/\/shop.kustom.ch\/it\/wp-json\/wp\/v2\/product\/667033"}],"collection":[{"href":"https:\/\/shop.kustom.ch\/it\/wp-json\/wp\/v2\/product"}],"about":[{"href":"https:\/\/shop.kustom.ch\/it\/wp-json\/wp\/v2\/types\/product"}],"wp:featuredmedia":[{"embeddable":true,"href":"https:\/\/shop.kustom.ch\/it\/wp-json\/wp\/v2\/media\/667090"}],"wp:attachment":[{"href":"https:\/\/shop.kustom.ch\/it\/wp-json\/wp\/v2\/media?parent=667033"}],"wp:term":[{"taxonomy":"product_brand","embeddable":true,"href":"https:\/\/shop.kustom.ch\/it\/wp-json\/wp\/v2\/product_brand?post=667033"},{"taxonomy":"product_cat","embeddable":true,"href":"https:\/\/shop.kustom.ch\/it\/wp-json\/wp\/v2\/product_cat?post=667033"},{"taxonomy":"product_tag","embeddable":true,"href":"https:\/\/shop.kustom.ch\/it\/wp-json\/wp\/v2\/product_tag?post=667033"}],"curies":[{"name":"wp","href":"https:\/\/api.w.org\/{rel}","templated":true}]}}