{"id":667032,"date":"2025-04-29T19:39:39","date_gmt":"2025-04-29T18:39:39","guid":{"rendered":"https:\/\/shop.kustom.ch\/?post_type=product&#038;p=667032"},"modified":"2026-03-31T09:07:20","modified_gmt":"2026-03-31T08:07:20","slug":"kinder-handwerkerhose-stretch-x1900","status":"publish","type":"product","link":"https:\/\/shop.kustom.ch\/it\/prodotto\/kinder-handwerkerhose-stretch-x1900\/","title":{"rendered":"Pantaloni elasticizzati per bambini X1900"},"content":{"rendered":"<p>Questi pantaloni resistenti in CORDURA\u00ae stimoleranno l'interesse dei vostri bambini per le attivit\u00e0 manuali fin dalla pi\u00f9 tenera et\u00e0. Sono adatti sia per attivit\u00e0 indoor che outdoor. Sono dotati di stretch a 4 vie, tasche porta attrezzi e dettagli riflettenti. Perfetti per i giovani appassionati!<\/p>\n<p>FUNZIONALIT\u00c0: Inserti elasticizzati al cavallo e al polpaccio. DETTAGLI: Vita elasticizzata. TASCHE: Tasca sulla gamba con patta e chiusura a velcro. Tasche posteriori. Tasche laterali. Tasche portautensili - extra larghe, taglio obliquo e con molti scomparti. Tasca porta metro pieghevole con portapenne. RINFORZI: rinforzi in CORDURA\u00ae su ginocchia e tasche. REFLEX: dettagli riflettenti sulla gamba. CHIUSURA: Fascia elastica in vita. ISTRUZIONI DI LAVAGGIO: 40\u00b0 C. Stirare a bassa temperatura. Non candeggiare. Non lavare a secco. Non centrifugare. TESSUTO: Bambini. blu. nero. Stretch. Tasche porta attrezzi. Artigianato. elasticizzato<\/p>\n<p>80% cotone, 17% poliammide, 3% elastan, denim, rivestito, CORDURA\u00ae Denim Stretch, 300 g\/m\u00b2<\/p>","protected":false},"excerpt":{"rendered":"<p>Mit dieser strapazierf\u00e4higen Hose aus CORDURA\u00ae wird das Interesse Ihrer Kinder an handwerklichen T\u00e4tigkeiten fr\u00fch geweckt. Sie eignet sich sowohl f\u00fcr Aktivit\u00e4ten drinnen als auch draussen. Sie ist mit 4-Wege-Stretch, Werkzeugtaschen und reflektierenden Details ausgestattet. Perfekt f\u00fcr junge Enthusiasten! FUNKTIONALIT\u00c4T: Stretch-Eins\u00e4tze im Schritt und an der Wade. DETAILS: Gummizug an der Taille. TASCHEN: Beintasche mit [&hellip;]<\/p>\n","protected":false},"featured_media":667081,"template":"","meta":[],"product_brand":[],"product_cat":[4185],"product_tag":[],"class_list":{"0":"post-667032","1":"product","2":"type-product","3":"status-publish","4":"has-post-thumbnail","6":"product_cat-hosen","7":"pa_brand-blaklaeder","8":"pa_brand-type-workwear","9":"pa_filter-color-blau","10":"pa_filter-color-schwarz","12":"first","13":"instock","14":"sale","15":"taxable","16":"shipping-taxable","17":"purchasable","18":"product-type-variable","19":"add-to-wishlist-before_image"},"exclude_global_add_ons":[],"addons":[],"acf":[],"_links":{"self":[{"href":"https:\/\/shop.kustom.ch\/it\/wp-json\/wp\/v2\/product\/667032"}],"collection":[{"href":"https:\/\/shop.kustom.ch\/it\/wp-json\/wp\/v2\/product"}],"about":[{"href":"https:\/\/shop.kustom.ch\/it\/wp-json\/wp\/v2\/types\/product"}],"wp:featuredmedia":[{"embeddable":true,"href":"https:\/\/shop.kustom.ch\/it\/wp-json\/wp\/v2\/media\/667081"}],"wp:attachment":[{"href":"https:\/\/shop.kustom.ch\/it\/wp-json\/wp\/v2\/media?parent=667032"}],"wp:term":[{"taxonomy":"product_brand","embeddable":true,"href":"https:\/\/shop.kustom.ch\/it\/wp-json\/wp\/v2\/product_brand?post=667032"},{"taxonomy":"product_cat","embeddable":true,"href":"https:\/\/shop.kustom.ch\/it\/wp-json\/wp\/v2\/product_cat?post=667032"},{"taxonomy":"product_tag","embeddable":true,"href":"https:\/\/shop.kustom.ch\/it\/wp-json\/wp\/v2\/product_tag?post=667032"}],"curies":[{"name":"wp","href":"https:\/\/api.w.org\/{rel}","templated":true}]}}