{"id":667031,"date":"2025-04-29T19:39:39","date_gmt":"2025-04-29T18:39:39","guid":{"rendered":"https:\/\/shop.kustom.ch\/?post_type=product&#038;p=667031"},"modified":"2026-03-31T09:07:19","modified_gmt":"2026-03-31T08:07:19","slug":"kinder-stretchhose","status":"publish","type":"product","link":"https:\/\/shop.kustom.ch\/it\/prodotto\/kinder-stretchhose\/","title":{"rendered":"Pantaloni elasticizzati per bambini"},"content":{"rendered":"<p>Pantaloni per bambini in materiale leggero ma resistente, con propriet\u00e0 di asciugatura rapida, ideali per giocare in casa o per le attivit\u00e0 all'aperto nei periodi pi\u00f9 caldi. I pantaloni sono dotati di inserti elasticizzati in aree accuratamente selezionate per una libert\u00e0 di movimento ottimale. Sono dotati di una cintura regolabile e di aperture delle gambe elasticizzate per un maggiore comfort.<\/p>\n<p>FUNZIONALIT\u00c0: Inserti elasticizzati al cavallo, alle ginocchia e alla seduta. DETTAGLI: Bottone in metallo rivestito in gomma. Zip in plastica sul cavallo. Vita elasticizzata. TASCHE: Tasca sulla gamba con soffietto, zip, tasca per penna e coltello. Tasche laterali. REFLEX: Dettagli riflettenti sulla gamba. CHIUSURA: Fascia elastica sull'orlo inferiore. ISTRUZIONI DI LAVAGGIO: 40\u00b0 C. Stirare a bassa temperatura. Non candeggiare. Non lavare a secco. Non centrifugare. TESSUTO: Bambini. nero. Leggero. Stretch. Industria \/ Servizio. Stretch. SIMBOLI: Leggero. Pannello elastico<\/p>\n<p>65% poliestere, 35% cotone, tessuto fine, 166g\/m\u00b2<\/p>","protected":false},"excerpt":{"rendered":"<p>Kinderhosen aus leichtem, aber strapazierf\u00e4higem Material mit schnelltrocknenden Eigenschaften, ideal zum Spielen im Haus oder f\u00fcr Aktivit\u00e4ten im Freien bei w\u00e4rmerem Wetter. F\u00fcr optimale Bewegungsfreiheit ist die Hose an sorgf\u00e4ltig ausgew\u00e4hlten Stellen mit Stretch-Eins\u00e4tzen versehen. Sie hat einen verstellbaren Bund und elastische Bein\u00f6ffnungen f\u00fcr mehr Komfort. FUNKTIONALIT\u00c4T: Stretch-Eins\u00e4tze im Schritt, den Knien und am Ges\u00e4ss. [&hellip;]<\/p>\n","protected":false},"featured_media":667067,"template":"","meta":[],"product_brand":[],"product_cat":[4185],"product_tag":[],"class_list":{"0":"post-667031","1":"product","2":"type-product","3":"status-publish","4":"has-post-thumbnail","6":"product_cat-hosen","7":"pa_brand-blaklaeder","8":"pa_brand-type-workwear","9":"pa_filter-color-schwarz","11":"first","12":"instock","13":"sale","14":"taxable","15":"shipping-taxable","16":"purchasable","17":"product-type-variable","18":"add-to-wishlist-before_image"},"exclude_global_add_ons":[],"addons":[],"acf":[],"_links":{"self":[{"href":"https:\/\/shop.kustom.ch\/it\/wp-json\/wp\/v2\/product\/667031"}],"collection":[{"href":"https:\/\/shop.kustom.ch\/it\/wp-json\/wp\/v2\/product"}],"about":[{"href":"https:\/\/shop.kustom.ch\/it\/wp-json\/wp\/v2\/types\/product"}],"wp:featuredmedia":[{"embeddable":true,"href":"https:\/\/shop.kustom.ch\/it\/wp-json\/wp\/v2\/media\/667067"}],"wp:attachment":[{"href":"https:\/\/shop.kustom.ch\/it\/wp-json\/wp\/v2\/media?parent=667031"}],"wp:term":[{"taxonomy":"product_brand","embeddable":true,"href":"https:\/\/shop.kustom.ch\/it\/wp-json\/wp\/v2\/product_brand?post=667031"},{"taxonomy":"product_cat","embeddable":true,"href":"https:\/\/shop.kustom.ch\/it\/wp-json\/wp\/v2\/product_cat?post=667031"},{"taxonomy":"product_tag","embeddable":true,"href":"https:\/\/shop.kustom.ch\/it\/wp-json\/wp\/v2\/product_tag?post=667031"}],"curies":[{"name":"wp","href":"https:\/\/api.w.org\/{rel}","templated":true}]}}